{"id":7484,"date":"2014-09-25T15:49:02","date_gmt":"2014-09-25T13:49:02","guid":{"rendered":"https:\/\/oaktreetherapy.com\/blog\/"},"modified":"2024-09-13T13:45:53","modified_gmt":"2024-09-13T11:45:53","slug":"blog","status":"publish","type":"page","link":"https:\/\/oaktreetherapy.com\/pt-br\/blog\/","title":{"rendered":"Blog"},"content":{"rendered":"<div class=\"wpb-content-wrapper\">[vc_row][vc_column css=&#8221;.vc_custom_1636989991440{margin-bottom: 100px !important;border-top-width: 115px !important;border-bottom-width: 200px !important;padding-top: 10px !important;padding-bottom: 20px !important;}&#8221;][mk_blog style=&#8221;newspaper&#8221; grid_image_height=&#8221;200&#8243; post_count=&#8221;6&#8243; pagination_style=&#8221;2&#8243; image_quality=&#8221;1&#8243; count=&#8221;-1&#8243; offset=&#8221;0&#8243; disable_lightbox=&#8221;true&#8221; disable_comments_share=&#8221;true&#8221; item_id=&#8221;1411660122-5424395a6dd4c&#8221; exclude_post_format=&#8221;&#8221;][\/vc_column][\/vc_row][vc_row fullwidth=&#8221;true&#8221; css=&#8221;.vc_custom_1636992371021{padding-top: 10px !important;padding-bottom: 10px !important;}&#8221;][vc_column css=&#8221;.vc_custom_1636992652768{padding-top: 10px !important;padding-bottom: 10px !important;background-color: #aad29a !important;}&#8221;][\/vc_column][\/vc_row]\n<\/div>","protected":false},"excerpt":{"rendered":"<p>[vc_row][vc_column css=&#8221;.vc_custom_1636989991440{margin-bottom: 100px !important;border-top-width: 115px !important;border-bottom-width: 200px !important;padding-top: 10px !important;padding-bottom: 20px !important;}&#8221;][mk_blog style=&#8221;newspaper&#8221; grid_image_height=&#8221;200&#8243; post_count=&#8221;6&#8243; pagination_style=&#8221;2&#8243; image_quality=&#8221;1&#8243; count=&#8221;-1&#8243; offset=&#8221;0&#8243; disable_lightbox=&#8221;true&#8221; disable_comments_share=&#8221;true&#8221; item_id=&#8221;1411660122-5424395a6dd4c&#8221; exclude_post_format=&#8221;&#8221;][\/vc_column][\/vc_row][vc_row fullwidth=&#8221;true&#8221; css=&#8221;.vc_custom_1636992371021{padding-top: 10px !important;padding-bottom: 10px !important;}&#8221;][vc_column css=&#8221;.vc_custom_1636992652768{padding-top: 10px !important;padding-bottom: 10px !important;background-color: #aad29a !important;}&#8221;][\/vc_column][\/vc_row]<\/p>\n","protected":false},"author":4,"featured_media":0,"parent":0,"menu_order":0,"comment_status":"open","ping_status":"closed","template":"","meta":{"footnotes":""},"class_list":["post-7484","page","type-page","status-publish","hentry"],"yoast_head":"<!-- This site is optimized with the Yoast SEO plugin v27.4 - https:\/\/yoast.com\/product\/yoast-seo-wordpress\/ -->\n<title>Blogs da Oaktree Therapy em Amsterd\u00e3, perto do Vondelpark<\/title>\n<meta name=\"description\" content=\"Leia sobre nossas not\u00edcias, dicas e muito mais sobre como recuperar e manter a sa\u00fade mental como um expatriado\" \/>\n<meta name=\"robots\" content=\"index, follow, max-snippet:-1, max-image-preview:large, max-video-preview:-1\" \/>\n<link rel=\"canonical\" href=\"https:\/\/oaktreetherapy.com\/pt-br\/blog\/\" \/>\n<meta property=\"og:locale\" content=\"pt_BR\" \/>\n<meta property=\"og:type\" content=\"article\" \/>\n<meta property=\"og:title\" content=\"Blogs da Oaktree Therapy em Amsterd\u00e3, perto do Vondelpark\" \/>\n<meta property=\"og:description\" content=\"Leia sobre nossas not\u00edcias, dicas e muito mais sobre como recuperar e manter a sa\u00fade mental como um expatriado\" \/>\n<meta property=\"og:url\" content=\"https:\/\/oaktreetherapy.com\/pt-br\/blog\/\" \/>\n<meta property=\"og:site_name\" content=\"OakTree Therapy\" \/>\n<meta property=\"article:publisher\" content=\"https:\/\/www.facebook.com\/profile.php?id=100076049341661\" \/>\n<meta property=\"article:modified_time\" content=\"2024-09-13T11:45:53+00:00\" \/>\n<meta name=\"twitter:card\" content=\"summary_large_image\" \/>\n<script type=\"application\/ld+json\" class=\"yoast-schema-graph\">{\"@context\":\"https:\\\/\\\/schema.org\",\"@graph\":[{\"@type\":\"WebPage\",\"@id\":\"https:\\\/\\\/oaktreetherapy.com\\\/pt-br\\\/blog\\\/\",\"url\":\"https:\\\/\\\/oaktreetherapy.com\\\/pt-br\\\/blog\\\/\",\"name\":\"Blogs da Oaktree Therapy em Amsterd\u00e3, perto do Vondelpark\",\"isPartOf\":{\"@id\":\"https:\\\/\\\/oaktreetherapy.com\\\/pt-br\\\/#website\"},\"datePublished\":\"2014-09-25T13:49:02+00:00\",\"dateModified\":\"2024-09-13T11:45:53+00:00\",\"description\":\"Leia sobre nossas not\u00edcias, dicas e muito mais sobre como recuperar e manter a sa\u00fade mental como um expatriado\",\"breadcrumb\":{\"@id\":\"https:\\\/\\\/oaktreetherapy.com\\\/pt-br\\\/blog\\\/#breadcrumb\"},\"inLanguage\":\"pt-BR\",\"potentialAction\":[{\"@type\":\"ReadAction\",\"target\":[\"https:\\\/\\\/oaktreetherapy.com\\\/pt-br\\\/blog\\\/\"]}]},{\"@type\":\"BreadcrumbList\",\"@id\":\"https:\\\/\\\/oaktreetherapy.com\\\/pt-br\\\/blog\\\/#breadcrumb\",\"itemListElement\":[{\"@type\":\"ListItem\",\"position\":1,\"name\":\"Home\",\"item\":\"https:\\\/\\\/oaktreetherapy.com\\\/pt-br\\\/inicio\\\/\"},{\"@type\":\"ListItem\",\"position\":2,\"name\":\"Blog\"}]},{\"@type\":\"WebSite\",\"@id\":\"https:\\\/\\\/oaktreetherapy.com\\\/pt-br\\\/#website\",\"url\":\"https:\\\/\\\/oaktreetherapy.com\\\/pt-br\\\/\",\"name\":\"OakTree Therapy\",\"description\":\"Empowerment through therapy\",\"publisher\":{\"@id\":\"https:\\\/\\\/oaktreetherapy.com\\\/pt-br\\\/#organization\"},\"potentialAction\":[{\"@type\":\"SearchAction\",\"target\":{\"@type\":\"EntryPoint\",\"urlTemplate\":\"https:\\\/\\\/oaktreetherapy.com\\\/pt-br\\\/?s={search_term_string}\"},\"query-input\":{\"@type\":\"PropertyValueSpecification\",\"valueRequired\":true,\"valueName\":\"search_term_string\"}}],\"inLanguage\":\"pt-BR\"},{\"@type\":\"Organization\",\"@id\":\"https:\\\/\\\/oaktreetherapy.com\\\/pt-br\\\/#organization\",\"name\":\"OakTree Therapy\",\"url\":\"https:\\\/\\\/oaktreetherapy.com\\\/pt-br\\\/\",\"logo\":{\"@type\":\"ImageObject\",\"inLanguage\":\"pt-BR\",\"@id\":\"https:\\\/\\\/oaktreetherapy.com\\\/pt-br\\\/#\\\/schema\\\/logo\\\/image\\\/\",\"url\":\"https:\\\/\\\/oaktreetherapy.com\\\/wp-content\\\/uploads\\\/2020\\\/10\\\/cropped-logotipo_oak_tree_prancheta-1-2-1.png\",\"contentUrl\":\"https:\\\/\\\/oaktreetherapy.com\\\/wp-content\\\/uploads\\\/2020\\\/10\\\/cropped-logotipo_oak_tree_prancheta-1-2-1.png\",\"width\":512,\"height\":512,\"caption\":\"OakTree Therapy\"},\"image\":{\"@id\":\"https:\\\/\\\/oaktreetherapy.com\\\/pt-br\\\/#\\\/schema\\\/logo\\\/image\\\/\"},\"sameAs\":[\"https:\\\/\\\/www.facebook.com\\\/profile.php?id=100076049341661\",\"https:\\\/\\\/www.instagram.com\\\/oaktree_counseling\\\/\"]}]}<\/script>\n<!-- \/ Yoast SEO plugin. -->","yoast_head_json":{"title":"Blogs da Oaktree Therapy em Amsterd\u00e3, perto do Vondelpark","description":"Leia sobre nossas not\u00edcias, dicas e muito mais sobre como recuperar e manter a sa\u00fade mental como um expatriado","robots":{"index":"index","follow":"follow","max-snippet":"max-snippet:-1","max-image-preview":"max-image-preview:large","max-video-preview":"max-video-preview:-1"},"canonical":"https:\/\/oaktreetherapy.com\/pt-br\/blog\/","og_locale":"pt_BR","og_type":"article","og_title":"Blogs da Oaktree Therapy em Amsterd\u00e3, perto do Vondelpark","og_description":"Leia sobre nossas not\u00edcias, dicas e muito mais sobre como recuperar e manter a sa\u00fade mental como um expatriado","og_url":"https:\/\/oaktreetherapy.com\/pt-br\/blog\/","og_site_name":"OakTree Therapy","article_publisher":"https:\/\/www.facebook.com\/profile.php?id=100076049341661","article_modified_time":"2024-09-13T11:45:53+00:00","twitter_card":"summary_large_image","schema":{"@context":"https:\/\/schema.org","@graph":[{"@type":"WebPage","@id":"https:\/\/oaktreetherapy.com\/pt-br\/blog\/","url":"https:\/\/oaktreetherapy.com\/pt-br\/blog\/","name":"Blogs da Oaktree Therapy em Amsterd\u00e3, perto do Vondelpark","isPartOf":{"@id":"https:\/\/oaktreetherapy.com\/pt-br\/#website"},"datePublished":"2014-09-25T13:49:02+00:00","dateModified":"2024-09-13T11:45:53+00:00","description":"Leia sobre nossas not\u00edcias, dicas e muito mais sobre como recuperar e manter a sa\u00fade mental como um expatriado","breadcrumb":{"@id":"https:\/\/oaktreetherapy.com\/pt-br\/blog\/#breadcrumb"},"inLanguage":"pt-BR","potentialAction":[{"@type":"ReadAction","target":["https:\/\/oaktreetherapy.com\/pt-br\/blog\/"]}]},{"@type":"BreadcrumbList","@id":"https:\/\/oaktreetherapy.com\/pt-br\/blog\/#breadcrumb","itemListElement":[{"@type":"ListItem","position":1,"name":"Home","item":"https:\/\/oaktreetherapy.com\/pt-br\/inicio\/"},{"@type":"ListItem","position":2,"name":"Blog"}]},{"@type":"WebSite","@id":"https:\/\/oaktreetherapy.com\/pt-br\/#website","url":"https:\/\/oaktreetherapy.com\/pt-br\/","name":"OakTree Therapy","description":"Empowerment through therapy","publisher":{"@id":"https:\/\/oaktreetherapy.com\/pt-br\/#organization"},"potentialAction":[{"@type":"SearchAction","target":{"@type":"EntryPoint","urlTemplate":"https:\/\/oaktreetherapy.com\/pt-br\/?s={search_term_string}"},"query-input":{"@type":"PropertyValueSpecification","valueRequired":true,"valueName":"search_term_string"}}],"inLanguage":"pt-BR"},{"@type":"Organization","@id":"https:\/\/oaktreetherapy.com\/pt-br\/#organization","name":"OakTree Therapy","url":"https:\/\/oaktreetherapy.com\/pt-br\/","logo":{"@type":"ImageObject","inLanguage":"pt-BR","@id":"https:\/\/oaktreetherapy.com\/pt-br\/#\/schema\/logo\/image\/","url":"https:\/\/oaktreetherapy.com\/wp-content\/uploads\/2020\/10\/cropped-logotipo_oak_tree_prancheta-1-2-1.png","contentUrl":"https:\/\/oaktreetherapy.com\/wp-content\/uploads\/2020\/10\/cropped-logotipo_oak_tree_prancheta-1-2-1.png","width":512,"height":512,"caption":"OakTree Therapy"},"image":{"@id":"https:\/\/oaktreetherapy.com\/pt-br\/#\/schema\/logo\/image\/"},"sameAs":["https:\/\/www.facebook.com\/profile.php?id=100076049341661","https:\/\/www.instagram.com\/oaktree_counseling\/"]}]}},"_links":{"self":[{"href":"https:\/\/oaktreetherapy.com\/pt-br\/wp-json\/wp\/v2\/pages\/7484","targetHints":{"allow":["GET"]}}],"collection":[{"href":"https:\/\/oaktreetherapy.com\/pt-br\/wp-json\/wp\/v2\/pages"}],"about":[{"href":"https:\/\/oaktreetherapy.com\/pt-br\/wp-json\/wp\/v2\/types\/page"}],"author":[{"embeddable":true,"href":"https:\/\/oaktreetherapy.com\/pt-br\/wp-json\/wp\/v2\/users\/4"}],"replies":[{"embeddable":true,"href":"https:\/\/oaktreetherapy.com\/pt-br\/wp-json\/wp\/v2\/comments?post=7484"}],"version-history":[{"count":1,"href":"https:\/\/oaktreetherapy.com\/pt-br\/wp-json\/wp\/v2\/pages\/7484\/revisions"}],"predecessor-version":[{"id":7490,"href":"https:\/\/oaktreetherapy.com\/pt-br\/wp-json\/wp\/v2\/pages\/7484\/revisions\/7490"}],"wp:attachment":[{"href":"https:\/\/oaktreetherapy.com\/pt-br\/wp-json\/wp\/v2\/media?parent=7484"}],"curies":[{"name":"wp","href":"https:\/\/api.w.org\/{rel}","templated":true}]}}