{"id":7487,"date":"2024-01-14T19:41:43","date_gmt":"2024-01-14T18:41:43","guid":{"rendered":"https:\/\/oaktreetherapy.com\/transformando-sua-vida-por-meio-da-terapia-comportamental\/"},"modified":"2024-09-13T13:40:46","modified_gmt":"2024-09-13T11:40:46","slug":"terapia-comportamental","status":"publish","type":"page","link":"https:\/\/oaktreetherapy.com\/pt-br\/terapia\/terapia-comportamental\/","title":{"rendered":"Terapia comportamental"},"content":{"rendered":"<div class=\"wpb-content-wrapper\">[vc_row fullwidth=&#8221;true&#8221; attached=&#8221;true&#8221; css=&#8221;.vc_custom_1702305357389{margin-bottom: 50px !important;}&#8221;][vc_column][mk_page_title_box page_title=&#8221;Transformando sua vida por meio da terapia comportamental&#8221; section_height=&#8221;141&#8243; bg_image=&#8221;https:\/\/oaktreetherapy.com\/wp-content\/uploads\/2020\/11\/pexels-nicole-avagliano-2749481-scaled.jpg&#8221; bg_position=&#8221;center center&#8221; bg_stretch=&#8221;true&#8221; overlay=&#8221;rgba(80,90,95,0.8)&#8221; bg_effects=&#8221;parallax&#8221; font_size=&#8221;23&#8243; title_letter_spacing=&#8221;1&#8243; font_color=&#8221;#aad29a&#8221; font_weight=&#8221;600&#8243; underline=&#8221;false&#8221; padding=&#8221;0&#8243; sub_font_size=&#8221;20&#8243; sub_font_color=&#8221;#ffffff&#8221;][\/vc_column][\/vc_row][vc_row][vc_column width=&#8221;3\/5&#8243;][mk_padding_divider size=&#8221;50&#8243;][vc_column_text css=&#8221;.vc_custom_1726226405120{margin-bottom: 0px !important;}&#8221;]Conhecimento e\u0301 algo poderoso. A terapia comportamental convida voce\u0302 a assumir o controle sobre sua vida. Ela convida voce\u0302 a ser capaz de lidar melhor com seus sentimentos e os dos outros na jornada de tentar fazer a vida acontecer de uma maneira valorosa para voce\u0302.<\/p>\n<p>Nossas emoc\u0327o\u0303es sa\u0303o uma parte central de nossas vidas. Entende\u0302-las e\u0301 essencial se quisermos administra\u0301-las; melhor; construir relacionamentos mais sauda\u0301veis; tomar deciso\u0303es informadas; conduzir a vida na direc\u0327a\u0303o que queremos. A terapia comportamental pode instrumentaliza\u0301-lo para uma vida melhor, mais sauda\u0301vel e mais significativa.<\/p>\n<p>&nbsp;<\/p>\n<h2>O que e\u0301 terapia comportamental?<\/h2>\n<p>A terapia comportamental e\u0301 uma abordagem poderosa sobre o comportamento humano. Ela e\u0301 baseada na estrutura teo\u0301rica da Ana\u0301lise do Comportamento e foca em entender as influe\u0302ncias mu\u0301tuas do contexto em que vivemos e nossas ac\u0327o\u0303es. Uma descric\u0327a\u0303o funcional aprofundada do porque\u0302 agimos, sentimos e vemos o mundo da maneira que fazemos e\u0301 a base para fazer mudanc\u0327as reais em nossas vidas.<\/p>\n<p>Uma vez que temos esse conhecimento, focamos em decidir \u201co que eu gostaria de mudar na minha vida, ou na maneira como eu sinto ou experimento as coisas?\u201d. Conhecimento e\u0301 liberdade tambe\u0301m no seu espac\u0327o mental!<\/p>\n<p>Outros servic\u0327os que oferec\u0327o podem ser adequados para voce\u0302 tambe\u0301m. Juntos, buscamos uma forma adequada de terapia, seja terapia de ansiedade, coaching de burn-out ou terapia de trauma .[\/vc_column_text][\/vc_column][vc_column width=&#8221;2\/5&#8243;][mk_padding_divider size=&#8221;50&#8243;][vc_single_image image=&#8221;7325&#8243; img_size=&#8221;full&#8221; alignment=&#8221;right&#8221; style=&#8221;vc_box_circle_2&#8243;][\/vc_column][\/vc_row][vc_row css=&#8221;.vc_custom_1702305742364{margin-top: 40px !important;margin-bottom: 40px !important;}&#8221;][vc_column][mk_divider style=&#8221;thick_solid&#8221; divider_width=&#8221;one_half&#8221; border_color=&#8221;#8fbb3b&#8221; margin_top=&#8221;25&#8243; margin_bottom=&#8221;25&#8243;][\/vc_column][\/vc_row][vc_row css=&#8221;.vc_custom_1702305640182{margin-bottom: 50px !important;}&#8221;][vc_column width=&#8221;1\/2&#8243;][vc_column_text css=&#8221;.vc_custom_1726226434068{margin-bottom: 0px !important;}&#8221;]\n<h2>Como a terapia comportamental pode beneficiar voce\u0302.<\/h2>\n<p>A terapia comportamental e\u0301 uma abordagem cienti\u0301fica robusta para lidar efetivamente com problemas leves de sau\u0301de mental, bem como transtornos mais abrangentes. O primeiro incluindo, por exemplo, ansiedade e problemas relacionados ao estresse, tomada de decisa\u0303o, problemas de relacionamento, burn out, falta de autoestima e confianc\u0327a; e o u\u0301ltimo sendo, por exemplo, transtornos obsessivo-compulsivos (TOC), fobias, transtornos alimentares e outros.<\/p>\n<p>Por meio da terapia comportamental, voce\u0302 pode:[\/vc_column_text][\/vc_column][vc_column width=&#8221;1\/2&#8243;][mk_padding_divider size=&#8221;50&#8243;][vc_column_text css=&#8221;.vc_custom_1726226489928{margin-bottom: 0px !important;}&#8221;]\n<ul>\n<li>Obter uma visa\u0303o mais profunda da influe\u0302ncia reci\u0301proca entre suas ac\u0327o\u0303es e o contexto em que voce\u0302 esta\u0301 \u2013 em outras palavras: o que eu fac\u0327o que gera conseque\u0302ncias na minha vida e quais sa\u0303o os aspectos ou gatilhos na minha vida cotidiana que me fazem agir de uma determinada maneira?<\/li>\n<li>Criar um mapa claro de onde voce\u0302 gostaria de estar na vida e como gostaria de agir em determinadas situac\u0327o\u0303es.<\/li>\n<li>Lidar melhor com dificuldades e problemas de sau\u0301de mental.<\/li>\n<li>Auxiliar o seu aprendizado de habilidades necess\u00e1rias para que voc\u00ea consiga seguir o curso de a\u00e7\u00e3o que deseja em sua vida.<\/li>\n<li>Construir relacionamentos mais sauda\u0301veis.<\/li>\n<li>Sentir paz e orgulho de si mesmo.<\/li>\n<li>No seu pro\u0301prio ritmo e com nossos esforc\u0327os conjuntos, fac\u0327a tudo acontecer.<\/li>\n<li style=\"list-style-type: none;\"><\/li>\n<\/ul>\n[\/vc_column_text][\/vc_column][\/vc_row][vc_row fullwidth=&#8221;true&#8221; fullwidth_content=&#8221;false&#8221; css=&#8221;.vc_custom_1702305601498{padding-top: 50px !important;padding-bottom: 50px !important;background-color: #aad29a !important;}&#8221;][vc_column width=&#8221;1\/3&#8243;][vc_single_image image=&#8221;6837&#8243; img_size=&#8221;full&#8221;][\/vc_column][vc_column width=&#8221;2\/3&#8243;][mk_padding_divider size=&#8221;50&#8243;][vc_column_text css=&#8221;.vc_custom_1726226563608{margin-bottom: 0px !important;}&#8221;]\n<h2><strong>Seu crescimento e bem-estar e\u0301 meu compromisso. <\/strong><\/h2>\n<p>E\u0301 muito importante para mim ser capaz de fornecer um ambiente seguro, confidencial e propi\u0301cio ao crescimento. Como terapeuta, tenho experie\u0302ncia em uma variedade de te\u0301cnicas comportamentais e estou comprometido em ajudar voce\u0302 a alcanc\u0327ar uma mudanc\u0327a significativa em sua vida.<\/p>\n<p>&nbsp;<\/p>\n<h2><strong>Comece sua jornada em direc\u0327a\u0303o a\u0300 mudanc\u0327as positivas. <\/strong><\/h2>\n<p>Embarcar na terapia comportamental e\u0301 um passo proativo para melhorar sua qualidade de vida. Convido voce\u0302 a entrar em contato comigo para descobrir como meus servic\u0327os de terapia comportamental podem ajudar em sua jornada em direc\u0327a\u0303o a\u0300 transformac\u0327o\u0303es positivas.<\/p>\n<p>Para saber mais ou comec\u0327ar sua josrnada comigo, entre em contato pelo telefone +31 (0) 6 48 26 50 32 ou pelo e -mail <a href=\"mailto:p.carvalho@oaktreetherapy.com\">p.carvalho@oaktreetherapy.com<\/a>. Voce\u0302 tambe\u0301m pode usar o formula\u0301rio de contato. Vamos trabalhar juntos para alcanc\u0327ar as mudanc\u0327as que voce\u0302 busca para uma vida mais plena.[\/vc_column_text][mk_button corner_style=&#8221;full_rounded&#8221; size=&#8221;medium&#8221; icon=&#8221;mk-moon-mail-send&#8221; url=&#8221;https:\/\/oaktreetherapy.com\/contact\/&#8221; align=&#8221;right&#8221; bg_color=&#8221;#ffffff&#8221; text_color=&#8221;dark&#8221;]Entre em contato comigo[\/mk_button][\/vc_column][\/vc_row][vc_row][vc_column][mk_padding_divider size=&#8221;20&#8243;][mk_fancy_title tag_name=&#8221;h3&#8243; font_family=&#8221;none&#8221;]\n<h3 style=\"text-align: left;\">Outros servi\u00e7os de terapia que ofere\u00e7o<\/h3>\n[\/mk_fancy_title][vc_row_inner][vc_column_inner width=&#8221;1\/4&#8243;][vc_single_image image=&#8221;7630&#8243; img_size=&#8221;&#8221;][vc_column_text css=&#8221;.vc_custom_1726227434299{margin-bottom: 0px !important;}&#8221;]\n<h3>Terapia de trauma<\/h3>\n<p>Uma terapia de trauma orientada ao comportamento envolve cuidados personalizados que abordam os efeitos profundos de experie\u0302ncias trauma\u0301ticas. Vamos nos aprofundar no contexto em que isso aconteceu, entender suas memo\u0301rias e implicac\u0327o\u0303es ao longo da vida.[\/vc_column_text][mk_button corner_style=&#8221;rounded&#8221; size=&#8221;medium&#8221; url=&#8221;https:\/\/oaktreetherapy.com\/pt-br\/terapia\/terapia-de-trauma-em-amsterda-cura-e-capacitacao\/&#8221; bg_color=&#8221;#8fbb3b&#8221;]Leia mais[\/mk_button][\/vc_column_inner][vc_column_inner width=&#8221;1\/4&#8243;][vc_single_image image=&#8221;7323&#8243; img_size=&#8221;&#8221;][vc_column_text css=&#8221;.vc_custom_1726225959953{margin-bottom: 0px !important;}&#8221;]\n<h3>Terapia para ansiedade<\/h3>\n<p>A terapia de ansiedade na Oak Tree Therapy e\u0301 um processo personalizado que se concentra em identificar e abordar as rai\u0301zes da sua ansiedade. Durante va\u0301rias sesso\u0303es, exploraremos fatores como choque cultural, estresse relacionado ao trabalho, isolamento social e histo\u0301rico pessoal para entender completamente sua experie\u0302ncia.[\/vc_column_text][mk_button corner_style=&#8221;rounded&#8221; size=&#8221;medium&#8221; url=&#8221;https:\/\/oaktreetherapy.com\/pt-br\/terapia\/terapia-de-ansiedade-sob-medida-em-amsterda\/&#8221; bg_color=&#8221;#8fbb3b&#8221;]Leia mais[\/mk_button][\/vc_column_inner][vc_column_inner width=&#8221;1\/4&#8243;][vc_single_image image=&#8221;7631&#8243; img_size=&#8221;&#8221;][vc_column_text css=&#8221;.vc_custom_1726227360350{margin-bottom: 0px !important;}&#8221;]\n<h3>Coaching para Burnout<\/h3>\n<p>Na Oak Tree Therapy, me especializo em ajudar pessoas a superar e prevenir o esgotamento por meio do coaching para Burnout. Meu objetivo e\u0301 fornecer sesso\u0303es personalizadas de ingle\u0302s online ou presencial para que possamos trabalhar juntos para uma vida mais sauda\u0301vel e feliz.[\/vc_column_text][mk_button corner_style=&#8221;rounded&#8221; size=&#8221;medium&#8221; url=&#8221;https:\/\/oaktreetherapy.com\/pt-br\/terapia\/coaching-para-burnout\/&#8221; bg_color=&#8221;#8fbb3b&#8221;]Leia mais[\/mk_button][\/vc_column_inner][\/vc_row_inner][mk_padding_divider size=&#8221;20&#8243;][\/vc_column][\/vc_row][vc_row fullwidth=&#8221;true&#8221;][vc_column][vc_custom_heading text=&#8221;Transformando sua vida por meio da terapia comportamental&#8221; font_container=&#8221;tag:h2|font_size:23px|text_align:center|color:%23ffffff|line_height:160px&#8221; use_theme_fonts=&#8221;yes&#8221; css=&#8221;.vc_custom_1702999502671{background: #aad294 url(https:\/\/oaktreetherapy.com\/wp-content\/uploads\/2020\/11\/pexels-nicole-avagliano-2749481-scaled.jpg?id=6005) !important;}&#8221;][mk_padding_divider size=&#8221;50&#8243;][\/vc_column][\/vc_row]\n<\/div>","protected":false},"excerpt":{"rendered":"<p>[vc_row fullwidth=&#8221;true&#8221; attached=&#8221;true&#8221; css=&#8221;.vc_custom_1702305357389{margin-bottom: 50px !important;}&#8221;][vc_column][mk_page_title_box page_title=&#8221;Transformando sua vida por meio da terapia comportamental&#8221; section_height=&#8221;141&#8243; bg_image=&#8221;https:\/\/oaktreetherapy.com\/wp-content\/uploads\/2020\/11\/pexels-nicole-avagliano-2749481-scaled.jpg&#8221; bg_position=&#8221;center center&#8221; bg_stretch=&#8221;true&#8221; overlay=&#8221;rgba(80,90,95,0.8)&#8221; bg_effects=&#8221;parallax&#8221; font_size=&#8221;23&#8243; title_letter_spacing=&#8221;1&#8243; font_color=&#8221;#aad29a&#8221; font_weight=&#8221;600&#8243; underline=&#8221;false&#8221; padding=&#8221;0&#8243; sub_font_size=&#8221;20&#8243; sub_font_color=&#8221;#ffffff&#8221;][\/vc_column][\/vc_row][vc_row][vc_column width=&#8221;3\/5&#8243;][mk_padding_divider size=&#8221;50&#8243;][vc_column_text css=&#8221;.vc_custom_1726226405120{margin-bottom: 0px !important;}&#8221;]Conhecimento e\u0301 algo poderoso. A terapia comportamental convida voce\u0302 a assumir o controle sobre sua vida. Ela convida voce\u0302 a ser capaz [&hellip;]<\/p>\n","protected":false},"author":17,"featured_media":7480,"parent":7554,"menu_order":0,"comment_status":"closed","ping_status":"closed","template":"","meta":{"footnotes":""},"class_list":["post-7487","page","type-page","status-publish","has-post-thumbnail","hentry"],"yoast_head":"<!-- This site is optimized with the Yoast SEO plugin v27.4 - https:\/\/yoast.com\/product\/yoast-seo-wordpress\/ -->\n<title>Terapia comportamental para um melhor voc\u00ea | OakTree Therapy<\/title>\n<meta name=\"description\" content=\"Melhore sua vida com uma terapia comportamental eficaz em Amsterd\u00e3. Orienta\u00e7\u00e3o profissional para mudan\u00e7as positivas em sua vida. Clique para saber mais\" \/>\n<meta name=\"robots\" content=\"index, follow, max-snippet:-1, max-image-preview:large, max-video-preview:-1\" \/>\n<link rel=\"canonical\" href=\"https:\/\/oaktreetherapy.com\/pt-br\/terapia\/terapia-comportamental\/\" \/>\n<meta property=\"og:locale\" content=\"pt_BR\" \/>\n<meta property=\"og:type\" content=\"article\" \/>\n<meta property=\"og:title\" content=\"Terapia comportamental para um melhor voc\u00ea | OakTree Therapy\" \/>\n<meta property=\"og:description\" content=\"Melhore sua vida com uma terapia comportamental eficaz em Amsterd\u00e3. Orienta\u00e7\u00e3o profissional para mudan\u00e7as positivas em sua vida. Clique para saber mais\" \/>\n<meta property=\"og:url\" content=\"https:\/\/oaktreetherapy.com\/pt-br\/terapia\/terapia-comportamental\/\" \/>\n<meta property=\"og:site_name\" content=\"OakTree Therapy\" \/>\n<meta property=\"article:publisher\" content=\"https:\/\/www.facebook.com\/profile.php?id=100076049341661\" \/>\n<meta property=\"article:modified_time\" content=\"2024-09-13T11:40:46+00:00\" \/>\n<meta property=\"og:image\" content=\"https:\/\/oaktreetherapy.com\/wp-content\/uploads\/2024\/01\/behavioral-therapy.jpg\" \/>\n\t<meta property=\"og:image:width\" content=\"1000\" \/>\n\t<meta property=\"og:image:height\" content=\"667\" \/>\n\t<meta property=\"og:image:type\" content=\"image\/jpeg\" \/>\n<meta name=\"twitter:card\" content=\"summary_large_image\" \/>\n<meta name=\"twitter:label1\" content=\"Est. tempo de leitura\" \/>\n\t<meta name=\"twitter:data1\" content=\"7 minutos\" \/>\n<script type=\"application\/ld+json\" class=\"yoast-schema-graph\">{\"@context\":\"https:\\\/\\\/schema.org\",\"@graph\":[{\"@type\":\"WebPage\",\"@id\":\"https:\\\/\\\/oaktreetherapy.com\\\/pt-br\\\/terapia\\\/terapia-comportamental\\\/\",\"url\":\"https:\\\/\\\/oaktreetherapy.com\\\/pt-br\\\/terapia\\\/terapia-comportamental\\\/\",\"name\":\"Terapia comportamental para um melhor voc\u00ea | OakTree Therapy\",\"isPartOf\":{\"@id\":\"https:\\\/\\\/oaktreetherapy.com\\\/pt-br\\\/#website\"},\"primaryImageOfPage\":{\"@id\":\"https:\\\/\\\/oaktreetherapy.com\\\/pt-br\\\/terapia\\\/terapia-comportamental\\\/#primaryimage\"},\"image\":{\"@id\":\"https:\\\/\\\/oaktreetherapy.com\\\/pt-br\\\/terapia\\\/terapia-comportamental\\\/#primaryimage\"},\"thumbnailUrl\":\"https:\\\/\\\/oaktreetherapy.com\\\/wp-content\\\/uploads\\\/2024\\\/01\\\/behavioral-therapy.jpg\",\"datePublished\":\"2024-01-14T18:41:43+00:00\",\"dateModified\":\"2024-09-13T11:40:46+00:00\",\"description\":\"Melhore sua vida com uma terapia comportamental eficaz em Amsterd\u00e3. Orienta\u00e7\u00e3o profissional para mudan\u00e7as positivas em sua vida. Clique para saber mais\",\"breadcrumb\":{\"@id\":\"https:\\\/\\\/oaktreetherapy.com\\\/pt-br\\\/terapia\\\/terapia-comportamental\\\/#breadcrumb\"},\"inLanguage\":\"pt-BR\",\"potentialAction\":[{\"@type\":\"ReadAction\",\"target\":[\"https:\\\/\\\/oaktreetherapy.com\\\/pt-br\\\/terapia\\\/terapia-comportamental\\\/\"]}]},{\"@type\":\"ImageObject\",\"inLanguage\":\"pt-BR\",\"@id\":\"https:\\\/\\\/oaktreetherapy.com\\\/pt-br\\\/terapia\\\/terapia-comportamental\\\/#primaryimage\",\"url\":\"https:\\\/\\\/oaktreetherapy.com\\\/wp-content\\\/uploads\\\/2024\\\/01\\\/behavioral-therapy.jpg\",\"contentUrl\":\"https:\\\/\\\/oaktreetherapy.com\\\/wp-content\\\/uploads\\\/2024\\\/01\\\/behavioral-therapy.jpg\",\"width\":1000,\"height\":667,\"caption\":\"Behavioral therapy\"},{\"@type\":\"BreadcrumbList\",\"@id\":\"https:\\\/\\\/oaktreetherapy.com\\\/pt-br\\\/terapia\\\/terapia-comportamental\\\/#breadcrumb\",\"itemListElement\":[{\"@type\":\"ListItem\",\"position\":1,\"name\":\"Home\",\"item\":\"https:\\\/\\\/oaktreetherapy.com\\\/pt-br\\\/inicio\\\/\"},{\"@type\":\"ListItem\",\"position\":2,\"name\":\"Terapia em Amsterd\u00e3\",\"item\":\"https:\\\/\\\/oaktreetherapy.com\\\/pt-br\\\/terapia\\\/\"},{\"@type\":\"ListItem\",\"position\":3,\"name\":\"Terapia comportamental\"}]},{\"@type\":\"WebSite\",\"@id\":\"https:\\\/\\\/oaktreetherapy.com\\\/pt-br\\\/#website\",\"url\":\"https:\\\/\\\/oaktreetherapy.com\\\/pt-br\\\/\",\"name\":\"OakTree Therapy\",\"description\":\"Empowerment through therapy\",\"publisher\":{\"@id\":\"https:\\\/\\\/oaktreetherapy.com\\\/pt-br\\\/#organization\"},\"potentialAction\":[{\"@type\":\"SearchAction\",\"target\":{\"@type\":\"EntryPoint\",\"urlTemplate\":\"https:\\\/\\\/oaktreetherapy.com\\\/pt-br\\\/?s={search_term_string}\"},\"query-input\":{\"@type\":\"PropertyValueSpecification\",\"valueRequired\":true,\"valueName\":\"search_term_string\"}}],\"inLanguage\":\"pt-BR\"},{\"@type\":\"Organization\",\"@id\":\"https:\\\/\\\/oaktreetherapy.com\\\/pt-br\\\/#organization\",\"name\":\"OakTree Therapy\",\"url\":\"https:\\\/\\\/oaktreetherapy.com\\\/pt-br\\\/\",\"logo\":{\"@type\":\"ImageObject\",\"inLanguage\":\"pt-BR\",\"@id\":\"https:\\\/\\\/oaktreetherapy.com\\\/pt-br\\\/#\\\/schema\\\/logo\\\/image\\\/\",\"url\":\"https:\\\/\\\/oaktreetherapy.com\\\/wp-content\\\/uploads\\\/2020\\\/10\\\/cropped-logotipo_oak_tree_prancheta-1-2-1.png\",\"contentUrl\":\"https:\\\/\\\/oaktreetherapy.com\\\/wp-content\\\/uploads\\\/2020\\\/10\\\/cropped-logotipo_oak_tree_prancheta-1-2-1.png\",\"width\":512,\"height\":512,\"caption\":\"OakTree Therapy\"},\"image\":{\"@id\":\"https:\\\/\\\/oaktreetherapy.com\\\/pt-br\\\/#\\\/schema\\\/logo\\\/image\\\/\"},\"sameAs\":[\"https:\\\/\\\/www.facebook.com\\\/profile.php?id=100076049341661\",\"https:\\\/\\\/www.instagram.com\\\/oaktree_counseling\\\/\"]}]}<\/script>\n<!-- \/ Yoast SEO plugin. -->","yoast_head_json":{"title":"Terapia comportamental para um melhor voc\u00ea | OakTree Therapy","description":"Melhore sua vida com uma terapia comportamental eficaz em Amsterd\u00e3. Orienta\u00e7\u00e3o profissional para mudan\u00e7as positivas em sua vida. Clique para saber mais","robots":{"index":"index","follow":"follow","max-snippet":"max-snippet:-1","max-image-preview":"max-image-preview:large","max-video-preview":"max-video-preview:-1"},"canonical":"https:\/\/oaktreetherapy.com\/pt-br\/terapia\/terapia-comportamental\/","og_locale":"pt_BR","og_type":"article","og_title":"Terapia comportamental para um melhor voc\u00ea | OakTree Therapy","og_description":"Melhore sua vida com uma terapia comportamental eficaz em Amsterd\u00e3. Orienta\u00e7\u00e3o profissional para mudan\u00e7as positivas em sua vida. Clique para saber mais","og_url":"https:\/\/oaktreetherapy.com\/pt-br\/terapia\/terapia-comportamental\/","og_site_name":"OakTree Therapy","article_publisher":"https:\/\/www.facebook.com\/profile.php?id=100076049341661","article_modified_time":"2024-09-13T11:40:46+00:00","og_image":[{"width":1000,"height":667,"url":"https:\/\/oaktreetherapy.com\/wp-content\/uploads\/2024\/01\/behavioral-therapy.jpg","type":"image\/jpeg"}],"twitter_card":"summary_large_image","twitter_misc":{"Est. tempo de leitura":"7 minutos"},"schema":{"@context":"https:\/\/schema.org","@graph":[{"@type":"WebPage","@id":"https:\/\/oaktreetherapy.com\/pt-br\/terapia\/terapia-comportamental\/","url":"https:\/\/oaktreetherapy.com\/pt-br\/terapia\/terapia-comportamental\/","name":"Terapia comportamental para um melhor voc\u00ea | OakTree Therapy","isPartOf":{"@id":"https:\/\/oaktreetherapy.com\/pt-br\/#website"},"primaryImageOfPage":{"@id":"https:\/\/oaktreetherapy.com\/pt-br\/terapia\/terapia-comportamental\/#primaryimage"},"image":{"@id":"https:\/\/oaktreetherapy.com\/pt-br\/terapia\/terapia-comportamental\/#primaryimage"},"thumbnailUrl":"https:\/\/oaktreetherapy.com\/wp-content\/uploads\/2024\/01\/behavioral-therapy.jpg","datePublished":"2024-01-14T18:41:43+00:00","dateModified":"2024-09-13T11:40:46+00:00","description":"Melhore sua vida com uma terapia comportamental eficaz em Amsterd\u00e3. Orienta\u00e7\u00e3o profissional para mudan\u00e7as positivas em sua vida. Clique para saber mais","breadcrumb":{"@id":"https:\/\/oaktreetherapy.com\/pt-br\/terapia\/terapia-comportamental\/#breadcrumb"},"inLanguage":"pt-BR","potentialAction":[{"@type":"ReadAction","target":["https:\/\/oaktreetherapy.com\/pt-br\/terapia\/terapia-comportamental\/"]}]},{"@type":"ImageObject","inLanguage":"pt-BR","@id":"https:\/\/oaktreetherapy.com\/pt-br\/terapia\/terapia-comportamental\/#primaryimage","url":"https:\/\/oaktreetherapy.com\/wp-content\/uploads\/2024\/01\/behavioral-therapy.jpg","contentUrl":"https:\/\/oaktreetherapy.com\/wp-content\/uploads\/2024\/01\/behavioral-therapy.jpg","width":1000,"height":667,"caption":"Behavioral therapy"},{"@type":"BreadcrumbList","@id":"https:\/\/oaktreetherapy.com\/pt-br\/terapia\/terapia-comportamental\/#breadcrumb","itemListElement":[{"@type":"ListItem","position":1,"name":"Home","item":"https:\/\/oaktreetherapy.com\/pt-br\/inicio\/"},{"@type":"ListItem","position":2,"name":"Terapia em Amsterd\u00e3","item":"https:\/\/oaktreetherapy.com\/pt-br\/terapia\/"},{"@type":"ListItem","position":3,"name":"Terapia comportamental"}]},{"@type":"WebSite","@id":"https:\/\/oaktreetherapy.com\/pt-br\/#website","url":"https:\/\/oaktreetherapy.com\/pt-br\/","name":"OakTree Therapy","description":"Empowerment through therapy","publisher":{"@id":"https:\/\/oaktreetherapy.com\/pt-br\/#organization"},"potentialAction":[{"@type":"SearchAction","target":{"@type":"EntryPoint","urlTemplate":"https:\/\/oaktreetherapy.com\/pt-br\/?s={search_term_string}"},"query-input":{"@type":"PropertyValueSpecification","valueRequired":true,"valueName":"search_term_string"}}],"inLanguage":"pt-BR"},{"@type":"Organization","@id":"https:\/\/oaktreetherapy.com\/pt-br\/#organization","name":"OakTree Therapy","url":"https:\/\/oaktreetherapy.com\/pt-br\/","logo":{"@type":"ImageObject","inLanguage":"pt-BR","@id":"https:\/\/oaktreetherapy.com\/pt-br\/#\/schema\/logo\/image\/","url":"https:\/\/oaktreetherapy.com\/wp-content\/uploads\/2020\/10\/cropped-logotipo_oak_tree_prancheta-1-2-1.png","contentUrl":"https:\/\/oaktreetherapy.com\/wp-content\/uploads\/2020\/10\/cropped-logotipo_oak_tree_prancheta-1-2-1.png","width":512,"height":512,"caption":"OakTree Therapy"},"image":{"@id":"https:\/\/oaktreetherapy.com\/pt-br\/#\/schema\/logo\/image\/"},"sameAs":["https:\/\/www.facebook.com\/profile.php?id=100076049341661","https:\/\/www.instagram.com\/oaktree_counseling\/"]}]}},"_links":{"self":[{"href":"https:\/\/oaktreetherapy.com\/pt-br\/wp-json\/wp\/v2\/pages\/7487","targetHints":{"allow":["GET"]}}],"collection":[{"href":"https:\/\/oaktreetherapy.com\/pt-br\/wp-json\/wp\/v2\/pages"}],"about":[{"href":"https:\/\/oaktreetherapy.com\/pt-br\/wp-json\/wp\/v2\/types\/page"}],"author":[{"embeddable":true,"href":"https:\/\/oaktreetherapy.com\/pt-br\/wp-json\/wp\/v2\/users\/17"}],"replies":[{"embeddable":true,"href":"https:\/\/oaktreetherapy.com\/pt-br\/wp-json\/wp\/v2\/comments?post=7487"}],"version-history":[{"count":10,"href":"https:\/\/oaktreetherapy.com\/pt-br\/wp-json\/wp\/v2\/pages\/7487\/revisions"}],"predecessor-version":[{"id":7711,"href":"https:\/\/oaktreetherapy.com\/pt-br\/wp-json\/wp\/v2\/pages\/7487\/revisions\/7711"}],"up":[{"embeddable":true,"href":"https:\/\/oaktreetherapy.com\/pt-br\/wp-json\/wp\/v2\/pages\/7554"}],"wp:featuredmedia":[{"embeddable":true,"href":"https:\/\/oaktreetherapy.com\/pt-br\/wp-json\/wp\/v2\/media\/7480"}],"wp:attachment":[{"href":"https:\/\/oaktreetherapy.com\/pt-br\/wp-json\/wp\/v2\/media?parent=7487"}],"curies":[{"name":"wp","href":"https:\/\/api.w.org\/{rel}","templated":true}]}}