{"id":7488,"date":"2024-01-14T19:41:20","date_gmt":"2024-01-14T18:41:20","guid":{"rendered":"https:\/\/oaktreetherapy.com\/terapia-on-line\/"},"modified":"2025-09-23T19:24:52","modified_gmt":"2025-09-23T17:24:52","slug":"terapia-online","status":"publish","type":"page","link":"https:\/\/oaktreetherapy.com\/pt-br\/terapia-online\/","title":{"rendered":"Terapia on-line"},"content":{"rendered":"<div class=\"wpb-content-wrapper\">[vc_row fullwidth=&#8221;true&#8221; attached=&#8221;true&#8221; css=&#8221;.vc_custom_1702305357389{margin-bottom: 50px !important;}&#8221;][vc_column][mk_page_title_box page_title=&#8221;Terapia on-line&#8221; page_subtitle=&#8221;Apoio flex\u00edvel e acess\u00edvel \u00e0 sa\u00fade mental na Holanda&#8221; section_height=&#8221;141&#8243; bg_image=&#8221;https:\/\/oaktreetherapy.com\/wp-content\/uploads\/2020\/11\/pexels-nicole-avagliano-2749481-scaled.jpg&#8221; bg_position=&#8221;center center&#8221; bg_stretch=&#8221;true&#8221; overlay=&#8221;rgba(80,90,95,0.8)&#8221; bg_effects=&#8221;parallax&#8221; font_size=&#8221;23&#8243; title_letter_spacing=&#8221;1&#8243; font_color=&#8221;#aad29a&#8221; font_weight=&#8221;600&#8243; underline=&#8221;false&#8221; padding=&#8221;0&#8243; sub_font_size=&#8221;20&#8243; sub_font_color=&#8221;#ffffff&#8221;][\/vc_column][\/vc_row][vc_row][vc_column width=&#8221;3\/5&#8243;][vc_column_text css=&#8221;.vc_custom_1705325079032{margin-bottom: 0px !important;}&#8221;]Na Oak Tree Therapy, ofere\u00e7o sess\u00f5es de terapia on-line, fornecendo suporte de sa\u00fade mental acess\u00edvel e flex\u00edvel, adaptado \u00e0s suas necessidades, onde quer que voc\u00ea esteja na Holanda ou em qualquer outro lugar. Com o uso da tecnologia, fa\u00e7o a ponte entre voc\u00ea e o atendimento psicol\u00f3gico de qualidade.<\/p>\n<p>&nbsp;<\/p>\n<h2><strong>As vantagens da terapia on-line<\/strong><\/h2>\n<p>As sess\u00f5es de terapia on-line trazem os benef\u00edcios da terapia tradicional para o conforto de seu pr\u00f3prio espa\u00e7o. Essa abordagem \u00e9 ideal para aqueles que:<\/p>\n<ul>\n<li>Prefere a conveni\u00eancia da terapia em casa ou em outros espa\u00e7os privados.<\/li>\n<li>Enfrentam desafios para acessar a terapia presencial devido a restri\u00e7\u00f5es de local, mobilidade ou tempo.<\/li>\n<li>Buscam uma solu\u00e7\u00e3o flex\u00edvel que se adapte \u00e0s suas agendas lotadas.<\/li>\n<\/ul>\n<p>&nbsp;<\/p>\n<h2><strong>Como funciona a terapia on-line<\/strong><\/h2>\n<p>O envolvimento em terapia on-line envolve chamadas de v\u00eddeo seguras e confidenciais, proporcionando um espa\u00e7o seguro para voc\u00ea discutir suas preocupa\u00e7\u00f5es. Com sess\u00f5es de terapia personalizadas que s\u00e3o t\u00e3o eficazes quanto as visitas presenciais, eu me concentro em seus desafios e objetivos exclusivos. Acessibilidade de qualquer lugar da Holanda, garantindo suporte consistente, independentemente de sua localiza\u00e7\u00e3o.[\/vc_column_text][mk_padding_divider size=&#8221;50&#8243;][\/vc_column][vc_column width=&#8221;2\/5&#8243;][mk_padding_divider size=&#8221;50&#8243;][vc_single_image image=&#8221;7321&#8243; img_size=&#8221;full&#8221; alignment=&#8221;right&#8221; style=&#8221;vc_box_circle_2&#8243;][\/vc_column][\/vc_row][vc_row css=&#8221;.vc_custom_1702305742364{margin-top: 40px !important;margin-bottom: 40px !important;}&#8221;][vc_column][mk_divider style=&#8221;thick_solid&#8221; divider_width=&#8221;one_half&#8221; border_color=&#8221;#8fbb3b&#8221; margin_top=&#8221;25&#8243; margin_bottom=&#8221;25&#8243;][\/vc_column][\/vc_row][vc_row css=&#8221;.vc_custom_1702305640182{margin-bottom: 50px !important;}&#8221;][vc_column width=&#8221;1\/2&#8243;][vc_column_text css=&#8221;.vc_custom_1703000132888{margin-bottom: 0px !important;}&#8221;]\n<h2><strong>Adequa\u00e7\u00e3o a v\u00e1rias necessidades<\/strong><\/h2>\n<p>A terapia on-line \u00e9 eficaz para uma s\u00e9rie de problemas psicol\u00f3gicos e emocionais, inclusive:<\/p>\n<ul>\n<li>Gerenciar ansiedade, depress\u00e3o e outros problemas de sa\u00fade mental.<\/li>\n<li>Como lidar com o estresse e as transi\u00e7\u00f5es da vida.<\/li>\n<li>Abordagem de problemas de relacionamento e aprimoramento das habilidades de comunica\u00e7\u00e3o.<\/li>\n<li>Suporte para pessoas que est\u00e3o se adaptando \u00e0 vida na Holanda.<\/li>\n<li>Compromisso com seu bem-estar.<\/li>\n<li>Alcan\u00e7ar uma vers\u00e3o melhor de si mesmo.<\/li>\n<\/ul>\n[\/vc_column_text][\/vc_column][vc_column width=&#8221;1\/2&#8243;][mk_padding_divider size=&#8221;50&#8243;][vc_column_text css=&#8221;.vc_custom_1705325093990{margin-bottom: 0px !important;}&#8221;]Na Oak Tree Therapy, tenho o compromisso de oferecer ajuda psicol\u00f3gica de alta qualidade e com base cient\u00edfica. Como terapeuta experiente, sou h\u00e1bil em v\u00e1rias abordagens terap\u00eauticas e me dedico a apoi\u00e1-lo em sua jornada rumo \u00e0 sa\u00fade mental e ao bem-estar.[\/vc_column_text][\/vc_column][\/vc_row][vc_row fullwidth=&#8221;true&#8221; fullwidth_content=&#8221;false&#8221; css=&#8221;.vc_custom_1702305601498{padding-top: 50px !important;padding-bottom: 50px !important;background-color: #aad29a !important;}&#8221;][vc_column width=&#8221;1\/3&#8243;][vc_single_image image=&#8221;6837&#8243; img_size=&#8221;full&#8221;][\/vc_column][vc_column width=&#8221;2\/3&#8243;][mk_padding_divider size=&#8221;50&#8243;][vc_column_text css=&#8221;.vc_custom_1712647964100{margin-bottom: 0px !important;}&#8221;]\n<h2><strong>Comece sua jornada de terapia on-line.<\/strong><\/h2>\n<p>Embarcar na terapia on-line \u00e9 um passo para se capacitar com as ferramentas e o apoio de que voc\u00ea precisa para o crescimento e a cura pessoal. Convido-o a entrar em contato comigo para saber como meus servi\u00e7os de terapia on-line podem fazer uma diferen\u00e7a positiva em sua vida. N\u00e3o hesite em entrar em contato comigo, seja para<a href=\"https:\/\/oaktreetherapy.com\/pt-br\/terapia\/terapia-de-trauma-em-amsterda-cura-e-capacitacao\/\"> terapia de trauma<\/a>, <a href=\"https:\/\/oaktreetherapy.com\/pt-br\/terapia\/terapia-comportamental\/\">terapia comportamental<\/a>, <a href=\"https:\/\/oaktreetherapy.com\/pt-br\/terapia-para-imigrantes\/\">terapia de expatriados<\/a> ou outros servi\u00e7os de terapia que ofere\u00e7o.<\/p>\n<p>Para explorar as op\u00e7\u00f5es de terapia on-line ou para iniciar sua jornada conosco, entre em contato com +31 (0) 6 48 26 50 32 ou <a href=\"mailto:p.carvalho@oaktreetherapy.com\">p.carvalho@oaktree-counseling.com,<\/a> ou use o formul\u00e1rio de contato. Descubra a conveni\u00eancia e a efic\u00e1cia da terapia on-line na Holanda.[\/vc_column_text][mk_button corner_style=&#8221;full_rounded&#8221; size=&#8221;medium&#8221; icon=&#8221;mk-moon-mail-send&#8221; url=&#8221;https:\/\/oaktreetherapy.com\/contact\/&#8221; align=&#8221;right&#8221; bg_color=&#8221;#ffffff&#8221; text_color=&#8221;dark&#8221;]Entre em contato comigo[\/mk_button][\/vc_column][\/vc_row][vc_row][vc_column][mk_padding_divider size=&#8221;50&#8243;][mk_fancy_title tag_name=&#8221;h3&#8243; font_family=&#8221;none&#8221;]\n<h3 style=\"text-align: left;\">Servi\u00e7os de terapia que ofere\u00e7o<\/h3>\n[\/mk_fancy_title][vc_row_inner][vc_column_inner width=&#8221;1\/4&#8243;][vc_single_image image=&#8221;7630&#8243; img_size=&#8221;&#8221;][vc_column_text css=&#8221;.vc_custom_1712044478229{margin-bottom: 0px !important;}&#8221;]\n<h3>Terapia de trauma<\/h3>\n<p>Uma terapia de trauma com orienta\u00e7\u00e3o comportamental envolve cuidados personalizados que abordam os efeitos profundos das experi\u00eancias traum\u00e1ticas. Vamos mergulhar no contexto em que isso aconteceu e entender suas mem\u00f3rias e implica\u00e7\u00f5es ao longo da vida.[\/vc_column_text][mk_button corner_style=&#8221;rounded&#8221; size=&#8221;medium&#8221; url=&#8221;\/therapy\/trauma-therapy\/&#8221; bg_color=&#8221;#8fbb3b&#8221;]Leia mais[\/mk_button][\/vc_column_inner][vc_column_inner width=&#8221;1\/4&#8243;][vc_single_image image=&#8221;7323&#8243; img_size=&#8221;&#8221;][vc_column_text css=&#8221;.vc_custom_1712045659199{margin-bottom: 0px !important;}&#8221;]\n<h3>Terapia de ansiedade<\/h3>\n<p>A terapia de ansiedade \u00e9 um processo personalizado que se concentra na identifica\u00e7\u00e3o e no tratamento das causas fundamentais de sua ansiedade. Exploraremos fatores como choque cultural, estresse relacionado ao trabalho, isolamento social e hist\u00f3rico pessoal para entender completamente a sua experi\u00eancia.[\/vc_column_text][mk_button corner_style=&#8221;rounded&#8221; size=&#8221;medium&#8221; url=&#8221;\/therapy\/anxiety-therapy\/&#8221; bg_color=&#8221;#8fbb3b&#8221;]Leia mais[\/mk_button][\/vc_column_inner][vc_column_inner width=&#8221;1\/4&#8243;][vc_single_image image=&#8221;7480&#8243; img_size=&#8221;&#8221;][vc_column_text css=&#8221;.vc_custom_1712045873761{margin-bottom: 0px !important;}&#8221;]\n<h3>Terapia comportamental<\/h3>\n<p>A terapia comportamental o convida a assumir o controle de sua vida. Ele o convida a lidar melhor com seus sentimentos e os de outras pessoas na jornada de tentar fazer a vida acontecer da maneira que voc\u00ea considera valiosa. Conhecimento \u00e9 liberdade tamb\u00e9m em seu espa\u00e7o mental![\/vc_column_text][mk_button corner_style=&#8221;rounded&#8221; size=&#8221;medium&#8221; url=&#8221;\/therapy\/behavioral-therapy\/&#8221; bg_color=&#8221;#8fbb3b&#8221;]Leia mais[\/mk_button][\/vc_column_inner][vc_column_inner width=&#8221;1\/4&#8243;][vc_single_image image=&#8221;7631&#8243; img_size=&#8221;&#8221;][vc_column_text css=&#8221;.vc_custom_1758647959359{margin-bottom: 0px !important;}&#8221;]\n<h3>Terapia de burnout<\/h3>\n<p>Na Oak Tree Therapy, eu me especializo em ajudar as pessoas a superar e prevenir o esgotamento por meio da terapia de esgotamento. Meu objetivo \u00e9 oferecer sess\u00f5es personalizadas em ingl\u00eas, on-line ou pessoalmente, para que possamos trabalhar juntos em busca de uma vida mais saud\u00e1vel e feliz.[\/vc_column_text][mk_button corner_style=&#8221;rounded&#8221; size=&#8221;medium&#8221; url=&#8221;\/therapy\/burnout-coaching\/&#8221; bg_color=&#8221;#8fbb3b&#8221;]Leia mais[\/mk_button][\/vc_column_inner][\/vc_row_inner][mk_padding_divider size=&#8221;50&#8243;][\/vc_column][\/vc_row][vc_row fullwidth=&#8221;true&#8221;][vc_column][vc_custom_heading text=&#8221;Terapia on-line: suporte flex\u00edvel e acess\u00edvel \u00e0 sa\u00fade mental na Holanda&#8221; font_container=&#8221;tag:h2|font_size:23px|text_align:center|color:%23ffffff|line_height:160px&#8221; use_theme_fonts=&#8221;yes&#8221; css=&#8221;.vc_custom_1703000217365{background: #aad294 url(https:\/\/oaktreetherapy.com\/wp-content\/uploads\/2020\/11\/pexels-nicole-avagliano-2749481-scaled.jpg?id=6005) !important;}&#8221;][mk_padding_divider size=&#8221;50&#8243;][\/vc_column][\/vc_row]\n<\/div>","protected":false},"excerpt":{"rendered":"<p>[vc_row fullwidth=&#8221;true&#8221; attached=&#8221;true&#8221; css=&#8221;.vc_custom_1702305357389{margin-bottom: 50px !important;}&#8221;][vc_column][mk_page_title_box page_title=&#8221;Terapia on-line&#8221; page_subtitle=&#8221;Apoio flex\u00edvel e acess\u00edvel \u00e0 sa\u00fade mental na Holanda&#8221; section_height=&#8221;141&#8243; bg_image=&#8221;https:\/\/oaktreetherapy.com\/wp-content\/uploads\/2020\/11\/pexels-nicole-avagliano-2749481-scaled.jpg&#8221; bg_position=&#8221;center center&#8221; bg_stretch=&#8221;true&#8221; overlay=&#8221;rgba(80,90,95,0.8)&#8221; bg_effects=&#8221;parallax&#8221; font_size=&#8221;23&#8243; title_letter_spacing=&#8221;1&#8243; font_color=&#8221;#aad29a&#8221; font_weight=&#8221;600&#8243; underline=&#8221;false&#8221; padding=&#8221;0&#8243; sub_font_size=&#8221;20&#8243; sub_font_color=&#8221;#ffffff&#8221;][\/vc_column][\/vc_row][vc_row][vc_column width=&#8221;3\/5&#8243;][vc_column_text css=&#8221;.vc_custom_1705325079032{margin-bottom: 0px !important;}&#8221;]Na Oak Tree Therapy, ofere\u00e7o sess\u00f5es de terapia on-line, fornecendo suporte de sa\u00fade mental acess\u00edvel e flex\u00edvel, adaptado \u00e0s suas [&hellip;]<\/p>\n","protected":false},"author":17,"featured_media":7478,"parent":0,"menu_order":0,"comment_status":"closed","ping_status":"closed","template":"","meta":{"footnotes":""},"class_list":["post-7488","page","type-page","status-publish","has-post-thumbnail","hentry"],"yoast_head":"<!-- This site is optimized with the Yoast SEO plugin v27.3 - https:\/\/yoast.com\/product\/yoast-seo-wordpress\/ -->\n<title>Terapia on-line na Holanda | Terapia on-line OakTree<\/title>\n<meta name=\"description\" content=\"Experimente a conveni\u00eancia da terapia on-line na Holanda, no conforto de sua casa. A ajuda profissional est\u00e1 a apenas um clique de dist\u00e2ncia!\" \/>\n<meta name=\"robots\" content=\"index, follow, max-snippet:-1, max-image-preview:large, max-video-preview:-1\" \/>\n<link rel=\"canonical\" href=\"https:\/\/oaktreetherapy.com\/pt-br\/terapia-online\/\" \/>\n<meta property=\"og:locale\" content=\"pt_BR\" \/>\n<meta property=\"og:type\" content=\"article\" \/>\n<meta property=\"og:title\" content=\"Terapia on-line na Holanda | Terapia on-line OakTree\" \/>\n<meta property=\"og:description\" content=\"Experimente a conveni\u00eancia da terapia on-line na Holanda, no conforto de sua casa. A ajuda profissional est\u00e1 a apenas um clique de dist\u00e2ncia!\" \/>\n<meta property=\"og:url\" content=\"https:\/\/oaktreetherapy.com\/pt-br\/terapia-online\/\" \/>\n<meta property=\"og:site_name\" content=\"OakTree Therapy\" \/>\n<meta property=\"article:publisher\" content=\"https:\/\/www.facebook.com\/profile.php?id=100076049341661\" \/>\n<meta property=\"article:modified_time\" content=\"2025-09-23T17:24:52+00:00\" \/>\n<meta property=\"og:image\" content=\"https:\/\/oaktreetherapy.com\/wp-content\/uploads\/2024\/01\/online-therapy-scaled.jpg\" \/>\n\t<meta property=\"og:image:width\" content=\"1707\" \/>\n\t<meta property=\"og:image:height\" content=\"2560\" \/>\n\t<meta property=\"og:image:type\" content=\"image\/jpeg\" \/>\n<meta name=\"twitter:card\" content=\"summary_large_image\" \/>\n<meta name=\"twitter:label1\" content=\"Est. tempo de leitura\" \/>\n\t<meta name=\"twitter:data1\" content=\"6 minutos\" \/>\n<script type=\"application\/ld+json\" class=\"yoast-schema-graph\">{\"@context\":\"https:\\\/\\\/schema.org\",\"@graph\":[{\"@type\":\"WebPage\",\"@id\":\"https:\\\/\\\/oaktreetherapy.com\\\/pt-br\\\/terapia-online\\\/\",\"url\":\"https:\\\/\\\/oaktreetherapy.com\\\/pt-br\\\/terapia-online\\\/\",\"name\":\"Terapia on-line na Holanda | Terapia on-line OakTree\",\"isPartOf\":{\"@id\":\"https:\\\/\\\/oaktreetherapy.com\\\/pt-br\\\/#website\"},\"primaryImageOfPage\":{\"@id\":\"https:\\\/\\\/oaktreetherapy.com\\\/pt-br\\\/terapia-online\\\/#primaryimage\"},\"image\":{\"@id\":\"https:\\\/\\\/oaktreetherapy.com\\\/pt-br\\\/terapia-online\\\/#primaryimage\"},\"thumbnailUrl\":\"https:\\\/\\\/oaktreetherapy.com\\\/wp-content\\\/uploads\\\/2024\\\/01\\\/online-therapy-scaled.jpg\",\"datePublished\":\"2024-01-14T18:41:20+00:00\",\"dateModified\":\"2025-09-23T17:24:52+00:00\",\"description\":\"Experimente a conveni\u00eancia da terapia on-line na Holanda, no conforto de sua casa. A ajuda profissional est\u00e1 a apenas um clique de dist\u00e2ncia!\",\"breadcrumb\":{\"@id\":\"https:\\\/\\\/oaktreetherapy.com\\\/pt-br\\\/terapia-online\\\/#breadcrumb\"},\"inLanguage\":\"pt-BR\",\"potentialAction\":[{\"@type\":\"ReadAction\",\"target\":[\"https:\\\/\\\/oaktreetherapy.com\\\/pt-br\\\/terapia-online\\\/\"]}]},{\"@type\":\"ImageObject\",\"inLanguage\":\"pt-BR\",\"@id\":\"https:\\\/\\\/oaktreetherapy.com\\\/pt-br\\\/terapia-online\\\/#primaryimage\",\"url\":\"https:\\\/\\\/oaktreetherapy.com\\\/wp-content\\\/uploads\\\/2024\\\/01\\\/online-therapy-scaled.jpg\",\"contentUrl\":\"https:\\\/\\\/oaktreetherapy.com\\\/wp-content\\\/uploads\\\/2024\\\/01\\\/online-therapy-scaled.jpg\",\"width\":1707,\"height\":2560},{\"@type\":\"BreadcrumbList\",\"@id\":\"https:\\\/\\\/oaktreetherapy.com\\\/pt-br\\\/terapia-online\\\/#breadcrumb\",\"itemListElement\":[{\"@type\":\"ListItem\",\"position\":1,\"name\":\"Home\",\"item\":\"https:\\\/\\\/oaktreetherapy.com\\\/pt-br\\\/inicio\\\/\"},{\"@type\":\"ListItem\",\"position\":2,\"name\":\"Terapia on-line\"}]},{\"@type\":\"WebSite\",\"@id\":\"https:\\\/\\\/oaktreetherapy.com\\\/pt-br\\\/#website\",\"url\":\"https:\\\/\\\/oaktreetherapy.com\\\/pt-br\\\/\",\"name\":\"OakTree Therapy\",\"description\":\"Empowerment through therapy\",\"publisher\":{\"@id\":\"https:\\\/\\\/oaktreetherapy.com\\\/pt-br\\\/#organization\"},\"potentialAction\":[{\"@type\":\"SearchAction\",\"target\":{\"@type\":\"EntryPoint\",\"urlTemplate\":\"https:\\\/\\\/oaktreetherapy.com\\\/pt-br\\\/?s={search_term_string}\"},\"query-input\":{\"@type\":\"PropertyValueSpecification\",\"valueRequired\":true,\"valueName\":\"search_term_string\"}}],\"inLanguage\":\"pt-BR\"},{\"@type\":\"Organization\",\"@id\":\"https:\\\/\\\/oaktreetherapy.com\\\/pt-br\\\/#organization\",\"name\":\"OakTree Therapy\",\"url\":\"https:\\\/\\\/oaktreetherapy.com\\\/pt-br\\\/\",\"logo\":{\"@type\":\"ImageObject\",\"inLanguage\":\"pt-BR\",\"@id\":\"https:\\\/\\\/oaktreetherapy.com\\\/pt-br\\\/#\\\/schema\\\/logo\\\/image\\\/\",\"url\":\"https:\\\/\\\/oaktreetherapy.com\\\/wp-content\\\/uploads\\\/2020\\\/10\\\/cropped-logotipo_oak_tree_prancheta-1-2-1.png\",\"contentUrl\":\"https:\\\/\\\/oaktreetherapy.com\\\/wp-content\\\/uploads\\\/2020\\\/10\\\/cropped-logotipo_oak_tree_prancheta-1-2-1.png\",\"width\":512,\"height\":512,\"caption\":\"OakTree Therapy\"},\"image\":{\"@id\":\"https:\\\/\\\/oaktreetherapy.com\\\/pt-br\\\/#\\\/schema\\\/logo\\\/image\\\/\"},\"sameAs\":[\"https:\\\/\\\/www.facebook.com\\\/profile.php?id=100076049341661\",\"https:\\\/\\\/www.instagram.com\\\/oaktree_counseling\\\/\"]}]}<\/script>\n<!-- \/ Yoast SEO plugin. -->","yoast_head_json":{"title":"Terapia on-line na Holanda | Terapia on-line OakTree","description":"Experimente a conveni\u00eancia da terapia on-line na Holanda, no conforto de sua casa. A ajuda profissional est\u00e1 a apenas um clique de dist\u00e2ncia!","robots":{"index":"index","follow":"follow","max-snippet":"max-snippet:-1","max-image-preview":"max-image-preview:large","max-video-preview":"max-video-preview:-1"},"canonical":"https:\/\/oaktreetherapy.com\/pt-br\/terapia-online\/","og_locale":"pt_BR","og_type":"article","og_title":"Terapia on-line na Holanda | Terapia on-line OakTree","og_description":"Experimente a conveni\u00eancia da terapia on-line na Holanda, no conforto de sua casa. A ajuda profissional est\u00e1 a apenas um clique de dist\u00e2ncia!","og_url":"https:\/\/oaktreetherapy.com\/pt-br\/terapia-online\/","og_site_name":"OakTree Therapy","article_publisher":"https:\/\/www.facebook.com\/profile.php?id=100076049341661","article_modified_time":"2025-09-23T17:24:52+00:00","og_image":[{"width":1707,"height":2560,"url":"https:\/\/oaktreetherapy.com\/wp-content\/uploads\/2024\/01\/online-therapy-scaled.jpg","type":"image\/jpeg"}],"twitter_card":"summary_large_image","twitter_misc":{"Est. tempo de leitura":"6 minutos"},"schema":{"@context":"https:\/\/schema.org","@graph":[{"@type":"WebPage","@id":"https:\/\/oaktreetherapy.com\/pt-br\/terapia-online\/","url":"https:\/\/oaktreetherapy.com\/pt-br\/terapia-online\/","name":"Terapia on-line na Holanda | Terapia on-line OakTree","isPartOf":{"@id":"https:\/\/oaktreetherapy.com\/pt-br\/#website"},"primaryImageOfPage":{"@id":"https:\/\/oaktreetherapy.com\/pt-br\/terapia-online\/#primaryimage"},"image":{"@id":"https:\/\/oaktreetherapy.com\/pt-br\/terapia-online\/#primaryimage"},"thumbnailUrl":"https:\/\/oaktreetherapy.com\/wp-content\/uploads\/2024\/01\/online-therapy-scaled.jpg","datePublished":"2024-01-14T18:41:20+00:00","dateModified":"2025-09-23T17:24:52+00:00","description":"Experimente a conveni\u00eancia da terapia on-line na Holanda, no conforto de sua casa. A ajuda profissional est\u00e1 a apenas um clique de dist\u00e2ncia!","breadcrumb":{"@id":"https:\/\/oaktreetherapy.com\/pt-br\/terapia-online\/#breadcrumb"},"inLanguage":"pt-BR","potentialAction":[{"@type":"ReadAction","target":["https:\/\/oaktreetherapy.com\/pt-br\/terapia-online\/"]}]},{"@type":"ImageObject","inLanguage":"pt-BR","@id":"https:\/\/oaktreetherapy.com\/pt-br\/terapia-online\/#primaryimage","url":"https:\/\/oaktreetherapy.com\/wp-content\/uploads\/2024\/01\/online-therapy-scaled.jpg","contentUrl":"https:\/\/oaktreetherapy.com\/wp-content\/uploads\/2024\/01\/online-therapy-scaled.jpg","width":1707,"height":2560},{"@type":"BreadcrumbList","@id":"https:\/\/oaktreetherapy.com\/pt-br\/terapia-online\/#breadcrumb","itemListElement":[{"@type":"ListItem","position":1,"name":"Home","item":"https:\/\/oaktreetherapy.com\/pt-br\/inicio\/"},{"@type":"ListItem","position":2,"name":"Terapia on-line"}]},{"@type":"WebSite","@id":"https:\/\/oaktreetherapy.com\/pt-br\/#website","url":"https:\/\/oaktreetherapy.com\/pt-br\/","name":"OakTree Therapy","description":"Empowerment through therapy","publisher":{"@id":"https:\/\/oaktreetherapy.com\/pt-br\/#organization"},"potentialAction":[{"@type":"SearchAction","target":{"@type":"EntryPoint","urlTemplate":"https:\/\/oaktreetherapy.com\/pt-br\/?s={search_term_string}"},"query-input":{"@type":"PropertyValueSpecification","valueRequired":true,"valueName":"search_term_string"}}],"inLanguage":"pt-BR"},{"@type":"Organization","@id":"https:\/\/oaktreetherapy.com\/pt-br\/#organization","name":"OakTree Therapy","url":"https:\/\/oaktreetherapy.com\/pt-br\/","logo":{"@type":"ImageObject","inLanguage":"pt-BR","@id":"https:\/\/oaktreetherapy.com\/pt-br\/#\/schema\/logo\/image\/","url":"https:\/\/oaktreetherapy.com\/wp-content\/uploads\/2020\/10\/cropped-logotipo_oak_tree_prancheta-1-2-1.png","contentUrl":"https:\/\/oaktreetherapy.com\/wp-content\/uploads\/2020\/10\/cropped-logotipo_oak_tree_prancheta-1-2-1.png","width":512,"height":512,"caption":"OakTree Therapy"},"image":{"@id":"https:\/\/oaktreetherapy.com\/pt-br\/#\/schema\/logo\/image\/"},"sameAs":["https:\/\/www.facebook.com\/profile.php?id=100076049341661","https:\/\/www.instagram.com\/oaktree_counseling\/"]}]}},"_links":{"self":[{"href":"https:\/\/oaktreetherapy.com\/pt-br\/wp-json\/wp\/v2\/pages\/7488","targetHints":{"allow":["GET"]}}],"collection":[{"href":"https:\/\/oaktreetherapy.com\/pt-br\/wp-json\/wp\/v2\/pages"}],"about":[{"href":"https:\/\/oaktreetherapy.com\/pt-br\/wp-json\/wp\/v2\/types\/page"}],"author":[{"embeddable":true,"href":"https:\/\/oaktreetherapy.com\/pt-br\/wp-json\/wp\/v2\/users\/17"}],"replies":[{"embeddable":true,"href":"https:\/\/oaktreetherapy.com\/pt-br\/wp-json\/wp\/v2\/comments?post=7488"}],"version-history":[{"count":13,"href":"https:\/\/oaktreetherapy.com\/pt-br\/wp-json\/wp\/v2\/pages\/7488\/revisions"}],"predecessor-version":[{"id":7766,"href":"https:\/\/oaktreetherapy.com\/pt-br\/wp-json\/wp\/v2\/pages\/7488\/revisions\/7766"}],"wp:featuredmedia":[{"embeddable":true,"href":"https:\/\/oaktreetherapy.com\/pt-br\/wp-json\/wp\/v2\/media\/7478"}],"wp:attachment":[{"href":"https:\/\/oaktreetherapy.com\/pt-br\/wp-json\/wp\/v2\/media?parent=7488"}],"curies":[{"name":"wp","href":"https:\/\/api.w.org\/{rel}","templated":true}]}}