{"id":7503,"date":"2022-12-19T16:47:31","date_gmt":"2022-12-19T15:47:31","guid":{"rendered":"https:\/\/oaktreetherapy.com\/terapia-em-amsterda\/"},"modified":"2024-09-13T14:37:21","modified_gmt":"2024-09-13T12:37:21","slug":"psicologo-em-amsterda","status":"publish","type":"page","link":"https:\/\/oaktreetherapy.com\/pt-br\/psicologo-em-amsterda\/","title":{"rendered":"Terapia em Amsterd\u00e3"},"content":{"rendered":"<div class=\"wpb-content-wrapper\">[vc_row fullwidth=&#8221;true&#8221; attached=&#8221;true&#8221; padding=&#8221;0&#8243; css=&#8221;.vc_custom_1672149081598{margin-top: -40px !important;padding-top: 0px !important;padding-right: 0px !important;padding-bottom: 0px !important;padding-left: 0px !important;}&#8221;][vc_column css=&#8221;.vc_custom_1690399539801{padding-top: 30px !important;}&#8221;][mk_page_title_box page_title=&#8221;Psico\u0301loga em Amsterda\u0303&#8221; section_height=&#8221;141&#8243; bg_image=&#8221;https:\/\/oaktreetherapy.com\/wp-content\/uploads\/2022\/12\/grachten-afbeelding.jpg&#8221; bg_position=&#8221;center center&#8221; bg_stretch=&#8221;true&#8221; overlay=&#8221;rgba(80,90,95,0.8)&#8221; bg_effects=&#8221;parallax&#8221; font_size=&#8221;23&#8243; title_letter_spacing=&#8221;1&#8243; font_color=&#8221;#aad29a&#8221; font_weight=&#8221;600&#8243; underline=&#8221;false&#8221; padding=&#8221;0&#8243; sub_font_size=&#8221;0&#8243; sub_font_color=&#8221;#ffffff&#8221;][\/vc_column][\/vc_row][vc_row][vc_column css=&#8221;.vc_custom_1411644205333{padding-top: 95px !important;padding-bottom: 120px !important;}&#8221;][vc_row_inner padding=&#8221;1&#8243;][vc_column_inner width=&#8221;1\/2&#8243;][vc_column_text css=&#8221;.vc_custom_1726230943631{margin-bottom: 0px !important;}&#8221;]Ola\u0301, meu nome e\u0301 Patricia Carvalho. Eu fornec\u0327o terapia \/ aconselhamento de conversac\u0327a\u0303o online e presencial em Amsterda\u0303. Caso voce\u0302 se pergunte o que e\u0301 aconselhamento, gosto de descreve\u0302-lo como esse relacionamento especial com uma pessoa que nunca o julgara\u0301, o ajudara\u0301 a entender suas emoc\u0327o\u0303es e a pensar em maneiras de viver a vida da maneira que voce\u0302 gostaria. Um lugar seguro para ir e obter ajuda para o que te machuca.<\/p>\n<p>Como Analista do Comportamento qualificada com experie\u0302ncia em Psicoterapia Anali\u0301tica Funcional \u2013 FAP e Terapia de Aceitac\u0327a\u0303o e Compromisso \u2013 ACT, vejo clientes lidando com uma se\u0301rie de questo\u0303es, como burnout, ansiedade, depressa\u0303o, lutas relacionadas ao relacionamento, luto, entre outros.<\/p>\n<p>Lidar com qualquer dor emocional pode ser exaustivo. Mas essa n\u00e3o precisa ser ujma caminhada solit\u00e1ria.[\/vc_column_text][mk_button corner_style=&#8221;rounded&#8221; size=&#8221;medium&#8221; url=&#8221;https:\/\/oaktreetherapy.com\/pt-br\/contato\/&#8221; align=&#8221;center&#8221; button_custom_width=&#8221;250&#8243; animation=&#8221;fade-in&#8221; bg_color=&#8221;#8fbb3b&#8221;]Agende uma sessa\u0303o[\/mk_button][mk_padding_divider size=&#8221;30&#8243;][vc_column_text css=&#8221;.vc_custom_1726230991610{margin-bottom: 0px !important;}&#8221;]Como seres lindamente complexos que somos, a luta em uma a\u0301rea da vida nunca afetara\u0301 apenas esse contexto. Por exemplo, se voce\u0302 esta\u0301 passando por um esgotamento ou uma depressa\u0303o que tem essa tristeza constante como pano de fundo de toda a sua vida, entendo que pode passar pela sua cabec\u0327a o qua\u0303o impossi\u0301vel parece ser capaz de realmente ficar bem e ate\u0301 mesmo se sentir feliz novamente. Confie em mim. E\u0301 possi\u0301vel![\/vc_column_text][\/vc_column_inner][vc_column_inner width=&#8221;1\/2&#8243;][mk_padding_divider size=&#8221;50&#8243;][mk_circle_image src=&#8221;https:\/\/oaktreetherapy.com\/wp-content\/uploads\/2023\/07\/patricia-carvalho-psychologyst-circle.jpg&#8221; image_diameter=&#8221;400&#8243;][\/vc_column_inner][\/vc_row_inner][mk_padding_divider size=&#8221;70&#8243; visibility=&#8221;visible-dt&#8221;][mk_testimonials style=&#8221;modern&#8221; order=&#8221;DESC&#8221;][vc_column_text css=&#8221;.vc_custom_1726231021260{margin-bottom: 0px !important;}&#8221;]\n<h3 style=\"text-align: center;\"><strong>E\u0301 possi\u0301vel se sentir melhor! <\/strong><\/h3>\n<p>Na\u0303o importa onde voce\u0302 se encontra na sua vida e sua sau\u0301de mental no momento, e\u0301 possi\u0301vel melhorar. E\u0301 ai\u0301 que eu entro e posso te ajudar.<\/p>\n<p>Ao longo da nossa jornada juntos (online ou em Amsterda\u0303), vamos procurar entender a histo\u0301ria de vida e os eventos que, lenta mas seguramente, contribui\u0301ram para voce\u0302 se tornar a pessoa que e\u0301 hoje. Esse e\u0301 o primeiro passo para entender a dor ou as dificuldades que voce\u0302 pode estar enfrentando no presente. Empoderados por esse conhecimento, podemos enta\u0303o olhar para o seu ambiente atual e entender todos os gatilhos e impedimentos para voce\u0302 viver a vida do jeito que deseja.<\/p>\n<p>A verdade e\u0301 que na\u0303o precisamos passar por dificuldades sozinhos. Existem muitas maneiras pelas quais a terapia, como uma ma\u0303o amiga, pode te lembrar das suas forc\u0327as e treinar as habilidades que voce\u0302 precisa para superar o que te impede hoje de ter uma vida mais sauda\u0301vel e leve.[\/vc_column_text][mk_padding_divider size=&#8221;70&#8243; visibility=&#8221;visible-dt&#8221;][vc_gmaps link=&#8221;#E-8_JTNDaWZyYW1lJTIwc3JjJTNEJTIyaHR0cHMlM0ElMkYlMkZ3d3cuZ29vZ2xlLmNvbSUyRm1hcHMlMkZlbWJlZCUzRnBiJTNEJTIxMW0xOCUyMTFtMTIlMjExbTMlMjExZDI0MzYuNjcyOTQ4NDM1MDQxJTIxMmQ0Ljg3MjE1NDQ3NjgxMjAxOCUyMTNkNTIuMzU4MjE2NzQ4MTk0ODElMjEybTMlMjExZjAlMjEyZjAlMjEzZjAlMjEzbTIlMjExaTEwMjQlMjEyaTc2OCUyMTRmMTMuMSUyMTNtMyUyMTFtMiUyMTFzMHg0N2M2MGQxZjdiZTEzZWJkJTI1M0EweGM1NjU0NzA4NGI0NTU3ZGYlMjEyc09ha1RyZWUlMjUyMFRoZXJhcHklMjUyMCUyNTdDJTI1MjBUaGVyYXBpc3QlMjUyMCUyNTI2JTI1MjBQc3ljaG9sb2dpc3QlMjE1ZTAlMjEzbTIlMjExc25sJTIxMnNubCUyMTR2MTcyNjIzMDY4MjMyNiUyMTVtMiUyMTFzbmwlMjEyc25sJTIyJTIwd2lkdGglM0QlMjI2MDAlMjIlMjBoZWlnaHQlM0QlMjI0NTAlMjIlMjBzdHlsZSUzRCUyMmJvcmRlciUzQTAlM0IlMjIlMjBhbGxvd2Z1bGxzY3JlZW4lM0QlMjIlMjIlMjBsb2FkaW5nJTNEJTIybGF6eSUyMiUyMHJlZmVycmVycG9saWN5JTNEJTIybm8tcmVmZXJyZXItd2hlbi1kb3duZ3JhZGUlMjIlM0UlM0MlMkZpZnJhbWUlM0U=&#8221; size=&#8221;300&#8243; css=&#8221;&#8221;][\/vc_column][\/vc_row][vc_row][vc_column][mk_employees column=&#8221;4&#8243; count=&#8221;4&#8243; description=&#8221;false&#8221;][\/vc_column][\/vc_row][vc_row fullwidth=&#8221;true&#8221; css=&#8221;.vc_custom_1604176010381{background-color: #aad29a !important;}&#8221;][vc_column css=&#8221;.vc_custom_1604176003919{padding-top: 10px !important;padding-bottom: 10px !important;background-color: #aad29a !important;}&#8221;][\/vc_column][\/vc_row][vc_row][vc_column][vc_column_text][\/vc_column_text][\/vc_column][\/vc_row]\n<\/div>","protected":false},"excerpt":{"rendered":"<p>[vc_row fullwidth=&#8221;true&#8221; attached=&#8221;true&#8221; padding=&#8221;0&#8243; css=&#8221;.vc_custom_1672149081598{margin-top: -40px !important;padding-top: 0px !important;padding-right: 0px !important;padding-bottom: 0px !important;padding-left: 0px !important;}&#8221;][vc_column css=&#8221;.vc_custom_1690399539801{padding-top: 30px !important;}&#8221;][mk_page_title_box page_title=&#8221;Psico\u0301loga em Amsterda\u0303&#8221; section_height=&#8221;141&#8243; bg_image=&#8221;https:\/\/oaktreetherapy.com\/wp-content\/uploads\/2022\/12\/grachten-afbeelding.jpg&#8221; bg_position=&#8221;center center&#8221; bg_stretch=&#8221;true&#8221; overlay=&#8221;rgba(80,90,95,0.8)&#8221; bg_effects=&#8221;parallax&#8221; font_size=&#8221;23&#8243; title_letter_spacing=&#8221;1&#8243; font_color=&#8221;#aad29a&#8221; font_weight=&#8221;600&#8243; underline=&#8221;false&#8221; padding=&#8221;0&#8243; sub_font_size=&#8221;0&#8243; sub_font_color=&#8221;#ffffff&#8221;][\/vc_column][\/vc_row][vc_row][vc_column css=&#8221;.vc_custom_1411644205333{padding-top: 95px !important;padding-bottom: 120px !important;}&#8221;][vc_row_inner padding=&#8221;1&#8243;][vc_column_inner width=&#8221;1\/2&#8243;][vc_column_text css=&#8221;.vc_custom_1726230943631{margin-bottom: 0px !important;}&#8221;]Ola\u0301, meu nome e\u0301 Patricia Carvalho. Eu fornec\u0327o terapia \/ [&hellip;]<\/p>\n","protected":false},"author":2,"featured_media":0,"parent":0,"menu_order":0,"comment_status":"closed","ping_status":"closed","template":"","meta":{"footnotes":""},"class_list":["post-7503","page","type-page","status-publish","hentry"],"yoast_head":"<!-- This site is optimized with the Yoast SEO plugin v27.4 - https:\/\/yoast.com\/product\/yoast-seo-wordpress\/ -->\n<title>Psic\u00f3logo em Amsterd\u00e3 | Oaktree Therapy<\/title>\n<meta name=\"description\" content=\"Descubra um psic\u00f3logo de primeira linha em Amsterd\u00e3 para obter apoio especializado e crescimento pessoal. Comece sua jornada para o bem-estar hoje mesmo, visite nosso site\" \/>\n<meta name=\"robots\" content=\"index, follow, max-snippet:-1, max-image-preview:large, max-video-preview:-1\" \/>\n<link rel=\"canonical\" href=\"https:\/\/oaktreetherapy.com\/pt-br\/psicologo-em-amsterda\/\" \/>\n<meta property=\"og:locale\" content=\"pt_BR\" \/>\n<meta property=\"og:type\" content=\"article\" \/>\n<meta property=\"og:title\" content=\"Psic\u00f3logo em Amsterd\u00e3 | Oaktree Therapy\" \/>\n<meta property=\"og:description\" content=\"Descubra um psic\u00f3logo de primeira linha em Amsterd\u00e3 para obter apoio especializado e crescimento pessoal. Comece sua jornada para o bem-estar hoje mesmo, visite nosso site\" \/>\n<meta property=\"og:url\" content=\"https:\/\/oaktreetherapy.com\/pt-br\/psicologo-em-amsterda\/\" \/>\n<meta property=\"og:site_name\" content=\"OakTree Therapy\" \/>\n<meta property=\"article:publisher\" content=\"https:\/\/www.facebook.com\/profile.php?id=100076049341661\" \/>\n<meta property=\"article:modified_time\" content=\"2024-09-13T12:37:21+00:00\" \/>\n<meta name=\"twitter:card\" content=\"summary_large_image\" \/>\n<meta name=\"twitter:label1\" content=\"Est. tempo de leitura\" \/>\n\t<meta name=\"twitter:data1\" content=\"4 minutos\" \/>\n<script type=\"application\/ld+json\" class=\"yoast-schema-graph\">{\"@context\":\"https:\\\/\\\/schema.org\",\"@graph\":[{\"@type\":\"WebPage\",\"@id\":\"https:\\\/\\\/oaktreetherapy.com\\\/pt-br\\\/psicologo-em-amsterda\\\/\",\"url\":\"https:\\\/\\\/oaktreetherapy.com\\\/pt-br\\\/psicologo-em-amsterda\\\/\",\"name\":\"Psic\u00f3logo em Amsterd\u00e3 | Oaktree Therapy\",\"isPartOf\":{\"@id\":\"https:\\\/\\\/oaktreetherapy.com\\\/pt-br\\\/#website\"},\"datePublished\":\"2022-12-19T15:47:31+00:00\",\"dateModified\":\"2024-09-13T12:37:21+00:00\",\"description\":\"Descubra um psic\u00f3logo de primeira linha em Amsterd\u00e3 para obter apoio especializado e crescimento pessoal. Comece sua jornada para o bem-estar hoje mesmo, visite nosso site\",\"breadcrumb\":{\"@id\":\"https:\\\/\\\/oaktreetherapy.com\\\/pt-br\\\/psicologo-em-amsterda\\\/#breadcrumb\"},\"inLanguage\":\"pt-BR\",\"potentialAction\":[{\"@type\":\"ReadAction\",\"target\":[\"https:\\\/\\\/oaktreetherapy.com\\\/pt-br\\\/psicologo-em-amsterda\\\/\"]}]},{\"@type\":\"BreadcrumbList\",\"@id\":\"https:\\\/\\\/oaktreetherapy.com\\\/pt-br\\\/psicologo-em-amsterda\\\/#breadcrumb\",\"itemListElement\":[{\"@type\":\"ListItem\",\"position\":1,\"name\":\"Home\",\"item\":\"https:\\\/\\\/oaktreetherapy.com\\\/pt-br\\\/inicio\\\/\"},{\"@type\":\"ListItem\",\"position\":2,\"name\":\"Terapia em Amsterd\u00e3\"}]},{\"@type\":\"WebSite\",\"@id\":\"https:\\\/\\\/oaktreetherapy.com\\\/pt-br\\\/#website\",\"url\":\"https:\\\/\\\/oaktreetherapy.com\\\/pt-br\\\/\",\"name\":\"OakTree Therapy\",\"description\":\"Empowerment through therapy\",\"publisher\":{\"@id\":\"https:\\\/\\\/oaktreetherapy.com\\\/pt-br\\\/#organization\"},\"potentialAction\":[{\"@type\":\"SearchAction\",\"target\":{\"@type\":\"EntryPoint\",\"urlTemplate\":\"https:\\\/\\\/oaktreetherapy.com\\\/pt-br\\\/?s={search_term_string}\"},\"query-input\":{\"@type\":\"PropertyValueSpecification\",\"valueRequired\":true,\"valueName\":\"search_term_string\"}}],\"inLanguage\":\"pt-BR\"},{\"@type\":\"Organization\",\"@id\":\"https:\\\/\\\/oaktreetherapy.com\\\/pt-br\\\/#organization\",\"name\":\"OakTree Therapy\",\"url\":\"https:\\\/\\\/oaktreetherapy.com\\\/pt-br\\\/\",\"logo\":{\"@type\":\"ImageObject\",\"inLanguage\":\"pt-BR\",\"@id\":\"https:\\\/\\\/oaktreetherapy.com\\\/pt-br\\\/#\\\/schema\\\/logo\\\/image\\\/\",\"url\":\"https:\\\/\\\/oaktreetherapy.com\\\/wp-content\\\/uploads\\\/2020\\\/10\\\/cropped-logotipo_oak_tree_prancheta-1-2-1.png\",\"contentUrl\":\"https:\\\/\\\/oaktreetherapy.com\\\/wp-content\\\/uploads\\\/2020\\\/10\\\/cropped-logotipo_oak_tree_prancheta-1-2-1.png\",\"width\":512,\"height\":512,\"caption\":\"OakTree Therapy\"},\"image\":{\"@id\":\"https:\\\/\\\/oaktreetherapy.com\\\/pt-br\\\/#\\\/schema\\\/logo\\\/image\\\/\"},\"sameAs\":[\"https:\\\/\\\/www.facebook.com\\\/profile.php?id=100076049341661\",\"https:\\\/\\\/www.instagram.com\\\/oaktree_counseling\\\/\"]}]}<\/script>\n<!-- \/ Yoast SEO plugin. -->","yoast_head_json":{"title":"Psic\u00f3logo em Amsterd\u00e3 | Oaktree Therapy","description":"Descubra um psic\u00f3logo de primeira linha em Amsterd\u00e3 para obter apoio especializado e crescimento pessoal. Comece sua jornada para o bem-estar hoje mesmo, visite nosso site","robots":{"index":"index","follow":"follow","max-snippet":"max-snippet:-1","max-image-preview":"max-image-preview:large","max-video-preview":"max-video-preview:-1"},"canonical":"https:\/\/oaktreetherapy.com\/pt-br\/psicologo-em-amsterda\/","og_locale":"pt_BR","og_type":"article","og_title":"Psic\u00f3logo em Amsterd\u00e3 | Oaktree Therapy","og_description":"Descubra um psic\u00f3logo de primeira linha em Amsterd\u00e3 para obter apoio especializado e crescimento pessoal. Comece sua jornada para o bem-estar hoje mesmo, visite nosso site","og_url":"https:\/\/oaktreetherapy.com\/pt-br\/psicologo-em-amsterda\/","og_site_name":"OakTree Therapy","article_publisher":"https:\/\/www.facebook.com\/profile.php?id=100076049341661","article_modified_time":"2024-09-13T12:37:21+00:00","twitter_card":"summary_large_image","twitter_misc":{"Est. tempo de leitura":"4 minutos"},"schema":{"@context":"https:\/\/schema.org","@graph":[{"@type":"WebPage","@id":"https:\/\/oaktreetherapy.com\/pt-br\/psicologo-em-amsterda\/","url":"https:\/\/oaktreetherapy.com\/pt-br\/psicologo-em-amsterda\/","name":"Psic\u00f3logo em Amsterd\u00e3 | Oaktree Therapy","isPartOf":{"@id":"https:\/\/oaktreetherapy.com\/pt-br\/#website"},"datePublished":"2022-12-19T15:47:31+00:00","dateModified":"2024-09-13T12:37:21+00:00","description":"Descubra um psic\u00f3logo de primeira linha em Amsterd\u00e3 para obter apoio especializado e crescimento pessoal. Comece sua jornada para o bem-estar hoje mesmo, visite nosso site","breadcrumb":{"@id":"https:\/\/oaktreetherapy.com\/pt-br\/psicologo-em-amsterda\/#breadcrumb"},"inLanguage":"pt-BR","potentialAction":[{"@type":"ReadAction","target":["https:\/\/oaktreetherapy.com\/pt-br\/psicologo-em-amsterda\/"]}]},{"@type":"BreadcrumbList","@id":"https:\/\/oaktreetherapy.com\/pt-br\/psicologo-em-amsterda\/#breadcrumb","itemListElement":[{"@type":"ListItem","position":1,"name":"Home","item":"https:\/\/oaktreetherapy.com\/pt-br\/inicio\/"},{"@type":"ListItem","position":2,"name":"Terapia em Amsterd\u00e3"}]},{"@type":"WebSite","@id":"https:\/\/oaktreetherapy.com\/pt-br\/#website","url":"https:\/\/oaktreetherapy.com\/pt-br\/","name":"OakTree Therapy","description":"Empowerment through therapy","publisher":{"@id":"https:\/\/oaktreetherapy.com\/pt-br\/#organization"},"potentialAction":[{"@type":"SearchAction","target":{"@type":"EntryPoint","urlTemplate":"https:\/\/oaktreetherapy.com\/pt-br\/?s={search_term_string}"},"query-input":{"@type":"PropertyValueSpecification","valueRequired":true,"valueName":"search_term_string"}}],"inLanguage":"pt-BR"},{"@type":"Organization","@id":"https:\/\/oaktreetherapy.com\/pt-br\/#organization","name":"OakTree Therapy","url":"https:\/\/oaktreetherapy.com\/pt-br\/","logo":{"@type":"ImageObject","inLanguage":"pt-BR","@id":"https:\/\/oaktreetherapy.com\/pt-br\/#\/schema\/logo\/image\/","url":"https:\/\/oaktreetherapy.com\/wp-content\/uploads\/2020\/10\/cropped-logotipo_oak_tree_prancheta-1-2-1.png","contentUrl":"https:\/\/oaktreetherapy.com\/wp-content\/uploads\/2020\/10\/cropped-logotipo_oak_tree_prancheta-1-2-1.png","width":512,"height":512,"caption":"OakTree Therapy"},"image":{"@id":"https:\/\/oaktreetherapy.com\/pt-br\/#\/schema\/logo\/image\/"},"sameAs":["https:\/\/www.facebook.com\/profile.php?id=100076049341661","https:\/\/www.instagram.com\/oaktree_counseling\/"]}]}},"_links":{"self":[{"href":"https:\/\/oaktreetherapy.com\/pt-br\/wp-json\/wp\/v2\/pages\/7503","targetHints":{"allow":["GET"]}}],"collection":[{"href":"https:\/\/oaktreetherapy.com\/pt-br\/wp-json\/wp\/v2\/pages"}],"about":[{"href":"https:\/\/oaktreetherapy.com\/pt-br\/wp-json\/wp\/v2\/types\/page"}],"author":[{"embeddable":true,"href":"https:\/\/oaktreetherapy.com\/pt-br\/wp-json\/wp\/v2\/users\/2"}],"replies":[{"embeddable":true,"href":"https:\/\/oaktreetherapy.com\/pt-br\/wp-json\/wp\/v2\/comments?post=7503"}],"version-history":[{"count":7,"href":"https:\/\/oaktreetherapy.com\/pt-br\/wp-json\/wp\/v2\/pages\/7503\/revisions"}],"predecessor-version":[{"id":7726,"href":"https:\/\/oaktreetherapy.com\/pt-br\/wp-json\/wp\/v2\/pages\/7503\/revisions\/7726"}],"wp:attachment":[{"href":"https:\/\/oaktreetherapy.com\/pt-br\/wp-json\/wp\/v2\/media?parent=7503"}],"curies":[{"name":"wp","href":"https:\/\/api.w.org\/{rel}","templated":true}]}}