{"id":7504,"date":"2014-09-24T13:09:40","date_gmt":"2014-09-24T11:09:40","guid":{"rendered":"https:\/\/oaktreetherapy.com\/inicio\/"},"modified":"2025-09-23T19:14:58","modified_gmt":"2025-09-23T17:14:58","slug":"inicio","status":"publish","type":"page","link":"https:\/\/oaktreetherapy.com\/pt-br\/","title":{"rendered":"In\u00edcio"},"content":{"rendered":"<div class=\"wpb-content-wrapper\">[vc_row fullwidth=&#8221;true&#8221; attached=&#8221;true&#8221; visibility=&#8221;visible-sm&#8221; padding=&#8221;0&#8243; css=&#8221;.vc_custom_1702302696208{padding-top: 0px !important;padding-right: 0px !important;padding-bottom: 0px !important;padding-left: 0px !important;}&#8221;][vc_column offset=&#8221;vc_col-xs-12&#8243;][mk_padding_divider][\/vc_column][\/vc_row][vc_row fullwidth=&#8221;true&#8221; attached=&#8221;true&#8221; visibility=&#8221;hidden-sm&#8221; padding=&#8221;0&#8243; css=&#8221;.vc_custom_1702303023902{padding-top: 0px !important;padding-right: 0px !important;padding-bottom: 0px !important;padding-left: 0px !important;}&#8221;][vc_column offset=&#8221;vc_col-xs-12&#8243;][mk_page_title_box page_title=&#8221;Oak Tree Terapia&#8221; section_height=&#8221;628&#8243; bg_image=&#8221;https:\/\/oaktreetherapy.com\/wp-content\/uploads\/2023\/07\/patricia-carvalho-psychologyst.jpg&#8221; bg_position=&#8221;center top&#8221; bg_repeat=&#8221;no-repeat&#8221; bg_stretch=&#8221;true&#8221; bg_effects=&#8221;gradient&#8221; text_align=&#8221;left&#8221; font_size=&#8221;40&#8243; title_letter_spacing=&#8221;1&#8243; font_color=&#8221;#ffffff&#8221; font_weight=&#8221;900&#8243; underline=&#8221;false&#8221; padding=&#8221;5&#8243; sub_font_size=&#8221;20&#8243;][\/vc_column][\/vc_row][vc_row fullwidth=&#8221;true&#8221;][vc_column css=&#8221;.vc_custom_1689847044925{padding-top: 30px !important;padding-bottom: 0px !important;}&#8221;][mk_padding_divider size=&#8221;20&#8243;][vc_row_inner padding=&#8221;0&#8243; css=&#8221;.vc_custom_1638467148014{padding-top: 0px !important;padding-right: 0px !important;padding-bottom: 0px !important;padding-left: 0px !important;}&#8221;][vc_column_inner width=&#8221;1\/4&#8243; css=&#8221;.vc_custom_1411565927939{padding-right: 45px !important;padding-left: 45px !important;}&#8221;][mk_icon_box2 icon_size=&#8221;32&#8243; icon=&#8221;mk-moon-bubble-video-chat&#8221; icon_color=&#8221;#8fbb3b&#8221; icon_background_color=&#8221;#ffffff&#8221; icon_border_color=&#8221;#aad29a&#8221; icon_hover_border_color=&#8221;#aad29a&#8221; title=&#8221;Online e presencial&#8221; title_color=&#8221;#333333&#8243; title_top_padding=&#8221;35&#8243; title_bottom_padding=&#8221;40&#8243;]\n<p style=\"text-align: justify; font-weight: 400;\">Como terapeuta em Amsterd\u00e3, ofere\u00e7o sess\u00f5es on-line, bem como sess\u00f5es de terapia em meu local em Amsterd\u00e3.<span class=\"more\" tabindex=\"0\">..Mais<\/span><br \/>\n<span class=\"message\">Tudo o que voc\u00ea precisa \u00e9 de um computador com boa conex\u00e3o \u00e0 Internet e a certeza de que est\u00e1 em um ambiente onde pode conversar livremente e n\u00e3o ser\u00e1 incomodado.<\/span><span class=\"less\" tabindex=\"0\">Menos<\/span><\/p>\n[\/mk_icon_box2][\/vc_column_inner][vc_column_inner width=&#8221;1\/4&#8243; css=&#8221;.vc_custom_1690234020593{padding-right: 45px !important;padding-left: 45px !important;}&#8221;][mk_icon_box2 icon_size=&#8221;32&#8243; icon=&#8221;mk-moon-wink&#8221; icon_color=&#8221;#8fbb3b&#8221; icon_background_color=&#8221;#ffffff&#8221; icon_border_color=&#8221;#aad29a&#8221; icon_hover_border_color=&#8221;#aad29a&#8221; title=&#8221;Idiomas&#8221; title_color=&#8221;#333333&#8243; title_top_padding=&#8221;35&#8243; title_bottom_padding=&#8221;40&#8243;]\n<p style=\"text-align: justify;\"><span style=\"font-weight: 400;\">Eu oferec\u0327o sesso\u0303es de terapia em ingle\u0302s e portugue\u0302s. <\/span><\/p>\n[\/mk_icon_box2][\/vc_column_inner][vc_column_inner width=&#8221;1\/4&#8243; css=&#8221;.vc_custom_1690234120890{padding-right: 45px !important;padding-left: 45px !important;}&#8221;][mk_icon_box2 icon_size=&#8221;32&#8243; icon=&#8221;mk-moon-airplane&#8221; icon_color=&#8221;#8fbb3b&#8221; icon_background_color=&#8221;#ffffff&#8221; icon_border_color=&#8221;#aad29a&#8221; icon_hover_border_color=&#8221;#aad29a&#8221; title=&#8221;Voc\u00ea \u00e9 um expatriado?&#8221; title_color=&#8221;#333333&#8243; title_top_padding=&#8221;35&#8243; title_bottom_padding=&#8221;40&#8243;]\n<p style=\"text-align: justify; font-weight: 400;\">Mudar-se para outro pa\u00eds pode trazer muitos desafios.<span class=\"more\" tabindex=\"0\"\">..Mais<\/span><br \/>\n<span class=\"message\">Estar distante das nossas rai\u0301zes, amigos, fami\u0301lia, comec\u0327ar um emprego novo ou uma carreira nova, mudar de casa, aprender sobre um novo ambiente, tentar fazer novas conexo\u0303es, encontrar novos hobbies e se acostumar ao novo sa\u0303o obsta\u0301culos que precisam ser superados para construir uma nova vida.<\/span><br \/>\n<span class=\"message\">Ser um imigrante significa encarar desafios diariamente, o que pode trazer empolgac\u0327a\u0303o, mas tambe\u0301m pode colocar nossas vulnerabilidades em jogo. A\u0300s vezes voce\u0302 pode lutar contra ansiedade, saudade de casa, estresse, solida\u0303o, sobrecarga, medo do fracasso, entre outros. Enfrentar essas press\u00f5es \u00e9 natural e pode ser muito reconfortante ter uma m\u00e3o amiga que possa orient\u00e1-lo durante o processo.<br \/>\nPor meio de <a href=\"https:\/\/oaktreetherapy.com\/pt-br\/terapia-para-imigrantes\/\">aconselhamento para expatriados<\/a>, voc\u00ea pode compreender melhor quais s\u00e3o os elementos de sua hist\u00f3ria e ambiente que contribuem para o desconforto que voc\u00ea sente no momento. Conhe\u00e7a tamb\u00e9m quais padr\u00f5es comportamentais alternativos o aproximariam mais da constru\u00e7\u00e3o do tipo de experi\u00eancia e vida que voc\u00ea pretende viver em seu novo pa\u00eds de origem.<\/span><span class=\"less\" tabindex=\"0\">Menos<\/span><\/p>\n[\/mk_icon_box2][\/vc_column_inner][vc_column_inner width=&#8221;1\/4&#8243; css=&#8221;.vc_custom_1690234132929{padding-right: 45px !important;padding-left: 45px !important;}&#8221;][mk_icon_box2 icon_size=&#8221;32&#8243; icon=&#8221;mk-moon-fire-2&#8243; icon_color=&#8221;#8fbb3b&#8221; icon_background_color=&#8221;#ffffff&#8221; icon_border_color=&#8221;#aad29a&#8221; icon_hover_border_color=&#8221;#aad29a&#8221; title=&#8221;Burnout&#8221; title_color=&#8221;#333333&#8243; title_top_padding=&#8221;35&#8243; title_bottom_padding=&#8221;40&#8243;]\n<p style=\"text-align: justify; font-weight: 400;\">Voc\u00ea est\u00e1 lidando com uma enorme press\u00e3o, exaust\u00e3o e desmotiva\u00e7\u00e3o? Juntos, podemos entender melhor.<span class=\"more\" tabindex=\"0\"\">.. Mais informa\u00e7\u00f5es<\/span><span class=\"message\">De onde vem a press\u00e3o e como lidar melhor com ela com a <a href=\"https:\/\/oaktreetherapy.com\/pt-br\/terapia\/coaching-para-burnout\/\">terapia de burnout<\/a>.<\/span><span class=\"less\" tabindex=\"0\">Menos<\/span><\/p>\n[\/mk_icon_box2][\/vc_column_inner][\/vc_row_inner][mk_padding_divider size=&#8221;30&#8243;][\/vc_column][\/vc_row][vc_row][vc_column css=&#8221;.vc_custom_1689847188945{padding-top: 50px !important;padding-bottom: 30px !important;}&#8221;][mk_fancy_title tag_name=&#8221;h3&#8243; color=&#8221;#333333&#8243; size=&#8221;25&#8243; line_height=&#8221;50&#8243; font_weight=&#8221;100&#8243; font_style=&#8221;normal&#8221; txt_transform=&#8221;none&#8221; margin_bottom=&#8221;15&#8243; font_family=&#8221;none&#8221; align=&#8221;center&#8221;]<strong>Testemunhos<\/strong>[\/mk_fancy_title][mk_testimonials style=&#8221;modern&#8221; animation_speed=&#8221;900&#8243; slideshow_speed=&#8221;4000&#8243; font_weight=&#8221;100&#8243; font_style=&#8221;normal&#8221; text_transform=&#8221;none&#8221; animation=&#8221;right-to-left&#8221;][\/vc_column][\/vc_row][vc_row][vc_column width=&#8221;1\/4&#8243; css=&#8221;.vc_custom_1689847188945{padding-top: 50px !important;padding-bottom: 30px !important;}&#8221;][\/vc_column][vc_column width=&#8221;1\/2&#8243;][mk_fancy_title font_family=&#8221;none&#8221;]\n<h3 style=\"text-align: center;\">Minha localiza\u00e7\u00e3o em Amsterd\u00e3, perto do Vondelpark<\/h3>\n[\/mk_fancy_title][vc_gmaps link=&#8221;#E-8_JTNDaWZyYW1lJTIwc3JjJTNEJTIyaHR0cHMlM0ElMkYlMkZ3d3cuZ29vZ2xlLmNvbSUyRm1hcHMlMkZlbWJlZCUzRnBiJTNEJTIxMW0xOCUyMTFtMTIlMjExbTMlMjExZDI0MzYuNjcyOTQ4NDM1MDQzNSUyMTJkNC44NzIxNTQ0NzY3MTE5OSUyMTNkNTIuMzU4MjE2NzQ4MTk0NzY0JTIxMm0zJTIxMWYwJTIxMmYwJTIxM2YwJTIxM20yJTIxMWkxMDI0JTIxMmk3NjglMjE0ZjEzLjElMjEzbTMlMjExbTIlMjExczB4NDdjNjBkMWY3YmUxM2ViZCUyNTNBMHhjNTY1NDcwODRiNDU1N2RmJTIxMnNPYWslMjUyMFRyZWUlMjUyMENvdW5zZWxpbmclMjE1ZTAlMjEzbTIlMjExc2VuJTIxMnNubCUyMTR2MTY5MDQwNDIxMDk2OSUyMTVtMiUyMTFzZW4lMjEyc25sJTIyJTIwd2lkdGglM0QlMjI2MDAlMjIlMjBoZWlnaHQlM0QlMjI0NTAlMjIlMjBzdHlsZSUzRCUyMmJvcmRlciUzQTAlM0IlMjIlMjBhbGxvd2Z1bGxzY3JlZW4lM0QlMjIlMjIlMjBsb2FkaW5nJTNEJTIybGF6eSUyMiUyMHJlZmVycmVycG9saWN5JTNEJTIybm8tcmVmZXJyZXItd2hlbi1kb3duZ3JhZGUlMjIlM0UlM0MlMkZpZnJhbWUlM0U=&#8221; size=&#8221;&#8221; css=&#8221;&#8221;][\/vc_column][vc_column width=&#8221;1\/4&#8243;][\/vc_column][\/vc_row][vc_row fullwidth=&#8221;true&#8221;][vc_column css=&#8221;.vc_custom_1604176301700{padding-top: 10px !important;padding-bottom: 10px !important;background-color: #aad29a !important;}&#8221;][\/vc_column][\/vc_row]\n<\/div>","protected":false},"excerpt":{"rendered":"<p>[vc_row fullwidth=&#8221;true&#8221; attached=&#8221;true&#8221; visibility=&#8221;visible-sm&#8221; padding=&#8221;0&#8243; css=&#8221;.vc_custom_1702302696208{padding-top: 0px !important;padding-right: 0px !important;padding-bottom: 0px !important;padding-left: 0px !important;}&#8221;][vc_column offset=&#8221;vc_col-xs-12&#8243;][mk_padding_divider][\/vc_column][\/vc_row][vc_row fullwidth=&#8221;true&#8221; attached=&#8221;true&#8221; visibility=&#8221;hidden-sm&#8221; padding=&#8221;0&#8243; css=&#8221;.vc_custom_1702303023902{padding-top: 0px !important;padding-right: 0px !important;padding-bottom: 0px !important;padding-left: 0px !important;}&#8221;][vc_column offset=&#8221;vc_col-xs-12&#8243;][mk_page_title_box page_title=&#8221;Oak Tree Terapia&#8221; section_height=&#8221;628&#8243; bg_image=&#8221;https:\/\/oaktreetherapy.com\/wp-content\/uploads\/2023\/07\/patricia-carvalho-psychologyst.jpg&#8221; bg_position=&#8221;center top&#8221; bg_repeat=&#8221;no-repeat&#8221; bg_stretch=&#8221;true&#8221; bg_effects=&#8221;gradient&#8221; text_align=&#8221;left&#8221; font_size=&#8221;40&#8243; title_letter_spacing=&#8221;1&#8243; font_color=&#8221;#ffffff&#8221; font_weight=&#8221;900&#8243; underline=&#8221;false&#8221; padding=&#8221;5&#8243; sub_font_size=&#8221;20&#8243;][\/vc_column][\/vc_row][vc_row fullwidth=&#8221;true&#8221;][vc_column css=&#8221;.vc_custom_1689847044925{padding-top: 30px !important;padding-bottom: 0px !important;}&#8221;][mk_padding_divider size=&#8221;20&#8243;][vc_row_inner padding=&#8221;0&#8243; [&hellip;]<\/p>\n","protected":false},"author":4,"featured_media":0,"parent":0,"menu_order":0,"comment_status":"open","ping_status":"open","template":"","meta":{"footnotes":""},"class_list":["post-7504","page","type-page","status-publish","hentry"],"yoast_head":"<!-- This site is optimized with the Yoast SEO plugin v27.3 - https:\/\/yoast.com\/product\/yoast-seo-wordpress\/ -->\n<title>OakTree Therapy | Terapeuta em Amsterd\u00e3<\/title>\n<meta name=\"description\" content=\"Procurando um terapeuta em Amsterd\u00e3? Terapia falada em ingl\u00eas para tratamento de esgotamento, luto, ansiedade e depress\u00e3o. Entre em contato comigo aqui\" \/>\n<meta name=\"robots\" content=\"index, follow, max-snippet:-1, max-image-preview:large, max-video-preview:-1\" \/>\n<link rel=\"canonical\" href=\"https:\/\/oaktreetherapy.com\/pt-br\/\" \/>\n<meta property=\"og:locale\" content=\"pt_BR\" \/>\n<meta property=\"og:type\" content=\"article\" \/>\n<meta property=\"og:title\" content=\"OakTree Therapy | Terapeuta em Amsterd\u00e3\" \/>\n<meta property=\"og:description\" content=\"Procurando um terapeuta em Amsterd\u00e3? Terapia falada em ingl\u00eas para tratamento de esgotamento, luto, ansiedade e depress\u00e3o. Entre em contato comigo aqui\" \/>\n<meta property=\"og:url\" content=\"https:\/\/oaktreetherapy.com\/pt-br\/\" \/>\n<meta property=\"og:site_name\" content=\"OakTree Therapy\" \/>\n<meta property=\"article:publisher\" content=\"https:\/\/www.facebook.com\/profile.php?id=100076049341661\" \/>\n<meta property=\"article:modified_time\" content=\"2025-09-23T17:14:58+00:00\" \/>\n<meta name=\"twitter:card\" content=\"summary_large_image\" \/>\n<meta name=\"twitter:label1\" content=\"Est. tempo de leitura\" \/>\n\t<meta name=\"twitter:data1\" content=\"2 minutos\" \/>\n<script type=\"application\/ld+json\" class=\"yoast-schema-graph\">{\"@context\":\"https:\\\/\\\/schema.org\",\"@graph\":[{\"@type\":\"WebPage\",\"@id\":\"https:\\\/\\\/oaktreetherapy.com\\\/pt-br\\\/\",\"url\":\"https:\\\/\\\/oaktreetherapy.com\\\/pt-br\\\/\",\"name\":\"OakTree Therapy | Terapeuta em Amsterd\u00e3\",\"isPartOf\":{\"@id\":\"https:\\\/\\\/oaktreetherapy.com\\\/pt-br\\\/#website\"},\"datePublished\":\"2014-09-24T11:09:40+00:00\",\"dateModified\":\"2025-09-23T17:14:58+00:00\",\"description\":\"Procurando um terapeuta em Amsterd\u00e3? Terapia falada em ingl\u00eas para tratamento de esgotamento, luto, ansiedade e depress\u00e3o. Entre em contato comigo aqui\",\"breadcrumb\":{\"@id\":\"https:\\\/\\\/oaktreetherapy.com\\\/pt-br\\\/#breadcrumb\"},\"inLanguage\":\"pt-BR\",\"potentialAction\":[{\"@type\":\"ReadAction\",\"target\":[\"https:\\\/\\\/oaktreetherapy.com\\\/pt-br\\\/\"]}]},{\"@type\":\"BreadcrumbList\",\"@id\":\"https:\\\/\\\/oaktreetherapy.com\\\/pt-br\\\/#breadcrumb\",\"itemListElement\":[{\"@type\":\"ListItem\",\"position\":1,\"name\":\"Home\",\"item\":\"https:\\\/\\\/oaktreetherapy.com\\\/pt-br\\\/inicio\\\/\"},{\"@type\":\"ListItem\",\"position\":2,\"name\":\"In\u00edcio\"}]},{\"@type\":\"WebSite\",\"@id\":\"https:\\\/\\\/oaktreetherapy.com\\\/pt-br\\\/#website\",\"url\":\"https:\\\/\\\/oaktreetherapy.com\\\/pt-br\\\/\",\"name\":\"OakTree Therapy\",\"description\":\"Empowerment through therapy\",\"publisher\":{\"@id\":\"https:\\\/\\\/oaktreetherapy.com\\\/pt-br\\\/#organization\"},\"potentialAction\":[{\"@type\":\"SearchAction\",\"target\":{\"@type\":\"EntryPoint\",\"urlTemplate\":\"https:\\\/\\\/oaktreetherapy.com\\\/pt-br\\\/?s={search_term_string}\"},\"query-input\":{\"@type\":\"PropertyValueSpecification\",\"valueRequired\":true,\"valueName\":\"search_term_string\"}}],\"inLanguage\":\"pt-BR\"},{\"@type\":\"Organization\",\"@id\":\"https:\\\/\\\/oaktreetherapy.com\\\/pt-br\\\/#organization\",\"name\":\"OakTree Therapy\",\"url\":\"https:\\\/\\\/oaktreetherapy.com\\\/pt-br\\\/\",\"logo\":{\"@type\":\"ImageObject\",\"inLanguage\":\"pt-BR\",\"@id\":\"https:\\\/\\\/oaktreetherapy.com\\\/pt-br\\\/#\\\/schema\\\/logo\\\/image\\\/\",\"url\":\"https:\\\/\\\/oaktreetherapy.com\\\/wp-content\\\/uploads\\\/2020\\\/10\\\/cropped-logotipo_oak_tree_prancheta-1-2-1.png\",\"contentUrl\":\"https:\\\/\\\/oaktreetherapy.com\\\/wp-content\\\/uploads\\\/2020\\\/10\\\/cropped-logotipo_oak_tree_prancheta-1-2-1.png\",\"width\":512,\"height\":512,\"caption\":\"OakTree Therapy\"},\"image\":{\"@id\":\"https:\\\/\\\/oaktreetherapy.com\\\/pt-br\\\/#\\\/schema\\\/logo\\\/image\\\/\"},\"sameAs\":[\"https:\\\/\\\/www.facebook.com\\\/profile.php?id=100076049341661\",\"https:\\\/\\\/www.instagram.com\\\/oaktree_counseling\\\/\"]}]}<\/script>\n<!-- \/ Yoast SEO plugin. -->","yoast_head_json":{"title":"OakTree Therapy | Terapeuta em Amsterd\u00e3","description":"Procurando um terapeuta em Amsterd\u00e3? Terapia falada em ingl\u00eas para tratamento de esgotamento, luto, ansiedade e depress\u00e3o. Entre em contato comigo aqui","robots":{"index":"index","follow":"follow","max-snippet":"max-snippet:-1","max-image-preview":"max-image-preview:large","max-video-preview":"max-video-preview:-1"},"canonical":"https:\/\/oaktreetherapy.com\/pt-br\/","og_locale":"pt_BR","og_type":"article","og_title":"OakTree Therapy | Terapeuta em Amsterd\u00e3","og_description":"Procurando um terapeuta em Amsterd\u00e3? Terapia falada em ingl\u00eas para tratamento de esgotamento, luto, ansiedade e depress\u00e3o. Entre em contato comigo aqui","og_url":"https:\/\/oaktreetherapy.com\/pt-br\/","og_site_name":"OakTree Therapy","article_publisher":"https:\/\/www.facebook.com\/profile.php?id=100076049341661","article_modified_time":"2025-09-23T17:14:58+00:00","twitter_card":"summary_large_image","twitter_misc":{"Est. tempo de leitura":"2 minutos"},"schema":{"@context":"https:\/\/schema.org","@graph":[{"@type":"WebPage","@id":"https:\/\/oaktreetherapy.com\/pt-br\/","url":"https:\/\/oaktreetherapy.com\/pt-br\/","name":"OakTree Therapy | Terapeuta em Amsterd\u00e3","isPartOf":{"@id":"https:\/\/oaktreetherapy.com\/pt-br\/#website"},"datePublished":"2014-09-24T11:09:40+00:00","dateModified":"2025-09-23T17:14:58+00:00","description":"Procurando um terapeuta em Amsterd\u00e3? Terapia falada em ingl\u00eas para tratamento de esgotamento, luto, ansiedade e depress\u00e3o. Entre em contato comigo aqui","breadcrumb":{"@id":"https:\/\/oaktreetherapy.com\/pt-br\/#breadcrumb"},"inLanguage":"pt-BR","potentialAction":[{"@type":"ReadAction","target":["https:\/\/oaktreetherapy.com\/pt-br\/"]}]},{"@type":"BreadcrumbList","@id":"https:\/\/oaktreetherapy.com\/pt-br\/#breadcrumb","itemListElement":[{"@type":"ListItem","position":1,"name":"Home","item":"https:\/\/oaktreetherapy.com\/pt-br\/inicio\/"},{"@type":"ListItem","position":2,"name":"In\u00edcio"}]},{"@type":"WebSite","@id":"https:\/\/oaktreetherapy.com\/pt-br\/#website","url":"https:\/\/oaktreetherapy.com\/pt-br\/","name":"OakTree Therapy","description":"Empowerment through therapy","publisher":{"@id":"https:\/\/oaktreetherapy.com\/pt-br\/#organization"},"potentialAction":[{"@type":"SearchAction","target":{"@type":"EntryPoint","urlTemplate":"https:\/\/oaktreetherapy.com\/pt-br\/?s={search_term_string}"},"query-input":{"@type":"PropertyValueSpecification","valueRequired":true,"valueName":"search_term_string"}}],"inLanguage":"pt-BR"},{"@type":"Organization","@id":"https:\/\/oaktreetherapy.com\/pt-br\/#organization","name":"OakTree Therapy","url":"https:\/\/oaktreetherapy.com\/pt-br\/","logo":{"@type":"ImageObject","inLanguage":"pt-BR","@id":"https:\/\/oaktreetherapy.com\/pt-br\/#\/schema\/logo\/image\/","url":"https:\/\/oaktreetherapy.com\/wp-content\/uploads\/2020\/10\/cropped-logotipo_oak_tree_prancheta-1-2-1.png","contentUrl":"https:\/\/oaktreetherapy.com\/wp-content\/uploads\/2020\/10\/cropped-logotipo_oak_tree_prancheta-1-2-1.png","width":512,"height":512,"caption":"OakTree Therapy"},"image":{"@id":"https:\/\/oaktreetherapy.com\/pt-br\/#\/schema\/logo\/image\/"},"sameAs":["https:\/\/www.facebook.com\/profile.php?id=100076049341661","https:\/\/www.instagram.com\/oaktree_counseling\/"]}]}},"_links":{"self":[{"href":"https:\/\/oaktreetherapy.com\/pt-br\/wp-json\/wp\/v2\/pages\/7504","targetHints":{"allow":["GET"]}}],"collection":[{"href":"https:\/\/oaktreetherapy.com\/pt-br\/wp-json\/wp\/v2\/pages"}],"about":[{"href":"https:\/\/oaktreetherapy.com\/pt-br\/wp-json\/wp\/v2\/types\/page"}],"author":[{"embeddable":true,"href":"https:\/\/oaktreetherapy.com\/pt-br\/wp-json\/wp\/v2\/users\/4"}],"replies":[{"embeddable":true,"href":"https:\/\/oaktreetherapy.com\/pt-br\/wp-json\/wp\/v2\/comments?post=7504"}],"version-history":[{"count":17,"href":"https:\/\/oaktreetherapy.com\/pt-br\/wp-json\/wp\/v2\/pages\/7504\/revisions"}],"predecessor-version":[{"id":7760,"href":"https:\/\/oaktreetherapy.com\/pt-br\/wp-json\/wp\/v2\/pages\/7504\/revisions\/7760"}],"wp:attachment":[{"href":"https:\/\/oaktreetherapy.com\/pt-br\/wp-json\/wp\/v2\/media?parent=7504"}],"curies":[{"name":"wp","href":"https:\/\/api.w.org\/{rel}","templated":true}]}}