{"id":7530,"date":"2014-09-24T13:12:03","date_gmt":"2014-09-24T11:12:03","guid":{"rendered":"https:\/\/oaktreetherapy.com\/contato\/"},"modified":"2024-09-13T14:31:50","modified_gmt":"2024-09-13T12:31:50","slug":"contato","status":"publish","type":"page","link":"https:\/\/oaktreetherapy.com\/pt-br\/contato\/","title":{"rendered":"Contato"},"content":{"rendered":"<div class=\"wpb-content-wrapper\">[vc_row fullwidth=&#8221;true&#8221; attached=&#8221;true&#8221; padding=&#8221;0&#8243;][vc_column css=&#8221;.vc_custom_1604174594699{padding-top: px !important;padding-bottom: px !important;}&#8221;][mk_page_title_box page_title=&#8221;Contato&#8221; section_height=&#8221;141&#8243; bg_image=&#8221;https:\/\/oaktreetherapy.com\/wp-content\/uploads\/2020\/10\/depositphotos_49809171-stock-photo-oak-tree-in-full-leaf-1.jpg&#8221; bg_position=&#8221;center center&#8221; bg_stretch=&#8221;true&#8221; overlay=&#8221;rgba(80,90,95,0.8)&#8221; bg_effects=&#8221;parallax&#8221; font_size=&#8221;23&#8243; title_letter_spacing=&#8221;1&#8243; font_color=&#8221;#aad29a&#8221; font_weight=&#8221;600&#8243; underline=&#8221;false&#8221; padding=&#8221;0&#8243; sub_font_size=&#8221;20&#8243;][\/vc_column][\/vc_row][vc_row attached=&#8221;true&#8221; padding=&#8221;0&#8243; css=&#8221;.vc_custom_1604177791708{padding-top: 0px !important;padding-right: 0px !important;padding-bottom: 0px !important;padding-left: 0px !important;}&#8221;][vc_column css=&#8221;.vc_custom_1604177777219{padding-top: 95px !important;padding-bottom: 120px !important;}&#8221;][vc_row_inner css=&#8221;.vc_custom_1638347033271{margin-left: 150px !important;padding-top: 50px !important;}&#8221;][vc_column_inner width=&#8221;2\/3&#8243;][mk_fancy_title tag_name=&#8221;h3&#8243; color=&#8221;#000000&#8243; size=&#8221;34&#8243; txt_transform=&#8221;none&#8221; margin_bottom=&#8221;0&#8243; font_family=&#8221;none&#8221; align=&#8221;center&#8221;]Sinta-se a\u0300 vontade para entrar em contato comigo[\/mk_fancy_title][mk_contact_form style=&#8221;line&#8221; line_skin_color=&#8221;#aad29a&#8221; line_button_text_color=&#8221;light&#8221; gdpr_consent_text=&#8221;Eu autorizo que a OakTree Therapy colete meus dados por meio deste formula\u0301rio.&#8221;][\/vc_column_inner][vc_column_inner width=&#8221;1\/3&#8243; css=&#8221;.vc_custom_1638346981123{margin-top: 0px !important;margin-left: 150px !important;}&#8221;][mk_fancy_title tag_name=&#8221;h4&#8243; color=&#8221;#333333&#8243; size=&#8221;20&#8243; txt_transform=&#8221;none&#8221; margin_bottom=&#8221;18&#8243; font_family=&#8221;none&#8221; responsive_align=&#8221;left&#8221;]Contato[\/mk_fancy_title][mk_contact_info phone=&#8221;+31 (0) 6 48 26 50 32&#8243; email=&#8221;p.carvalho@oaktreetherapy.com&#8221; person=&#8221;Patricia Carvalho&#8221; company=&#8221;OakTree Therapy&#8221;][vc_cta h2=&#8221;&#8221; txt_align=&#8221;center&#8221; style=&#8221;custom&#8221; add_icon=&#8221;top&#8221; i_icon_fontawesome=&#8221;fab fa-whatsapp&#8221; i_color=&#8221;custom&#8221; css_animation=&#8221;fadeIn&#8221; css=&#8221;.vc_custom_1638346157493{background-color: #ffffff !important;}&#8221; custom_background=&#8221;#ffffff&#8221; custom_text=&#8221;#aad29a&#8221; i_custom_color=&#8221;#aad29a&#8221; i_link=&#8221;url:https%3A%2F%2Fwa.me%2F31648265032%3Ftext%3DHello%21|title:Whatsapp|&#8221;][\/vc_cta][\/vc_column_inner][\/vc_row_inner][\/vc_column][\/vc_row][vc_row][vc_column][vc_gmaps link=&#8221;#E-8_JTNDaWZyYW1lJTIwc3JjJTNEJTIyaHR0cHMlM0ElMkYlMkZ3d3cuZ29vZ2xlLmNvbSUyRm1hcHMlMkZlbWJlZCUzRnBiJTNEJTIxMW0xOCUyMTFtMTIlMjExbTMlMjExZDI0MzYuNjcyOTQ4NDM1MDQxJTIxMmQ0Ljg3MjE1NDQ3NjgxMjAxOCUyMTNkNTIuMzU4MjE2NzQ4MTk0ODElMjEybTMlMjExZjAlMjEyZjAlMjEzZjAlMjEzbTIlMjExaTEwMjQlMjEyaTc2OCUyMTRmMTMuMSUyMTNtMyUyMTFtMiUyMTFzMHg0N2M2MGQxZjdiZTEzZWJkJTI1M0EweGM1NjU0NzA4NGI0NTU3ZGYlMjEyc09ha1RyZWUlMjUyMFRoZXJhcHklMjUyMCUyNTdDJTI1MjBUaGVyYXBpc3QlMjUyMCUyNTI2JTI1MjBQc3ljaG9sb2dpc3QlMjE1ZTAlMjEzbTIlMjExc25sJTIxMnNubCUyMTR2MTcyNjIzMDY4MjMyNiUyMTVtMiUyMTFzbmwlMjEyc25sJTIyJTIwd2lkdGglM0QlMjI2MDAlMjIlMjBoZWlnaHQlM0QlMjI0NTAlMjIlMjBzdHlsZSUzRCUyMmJvcmRlciUzQTAlM0IlMjIlMjBhbGxvd2Z1bGxzY3JlZW4lM0QlMjIlMjIlMjBsb2FkaW5nJTNEJTIybGF6eSUyMiUyMHJlZmVycmVycG9saWN5JTNEJTIybm8tcmVmZXJyZXItd2hlbi1kb3duZ3JhZGUlMjIlM0UlM0MlMkZpZnJhbWUlM0U=&#8221; css=&#8221;&#8221;][\/vc_column][\/vc_row]\n<\/div>","protected":false},"excerpt":{"rendered":"<p>[vc_row fullwidth=&#8221;true&#8221; attached=&#8221;true&#8221; padding=&#8221;0&#8243;][vc_column css=&#8221;.vc_custom_1604174594699{padding-top: px !important;padding-bottom: px !important;}&#8221;][mk_page_title_box page_title=&#8221;Contato&#8221; section_height=&#8221;141&#8243; bg_image=&#8221;https:\/\/oaktreetherapy.com\/wp-content\/uploads\/2020\/10\/depositphotos_49809171-stock-photo-oak-tree-in-full-leaf-1.jpg&#8221; bg_position=&#8221;center center&#8221; bg_stretch=&#8221;true&#8221; overlay=&#8221;rgba(80,90,95,0.8)&#8221; bg_effects=&#8221;parallax&#8221; font_size=&#8221;23&#8243; title_letter_spacing=&#8221;1&#8243; font_color=&#8221;#aad29a&#8221; font_weight=&#8221;600&#8243; underline=&#8221;false&#8221; padding=&#8221;0&#8243; sub_font_size=&#8221;20&#8243;][\/vc_column][\/vc_row][vc_row attached=&#8221;true&#8221; padding=&#8221;0&#8243; css=&#8221;.vc_custom_1604177791708{padding-top: 0px !important;padding-right: 0px !important;padding-bottom: 0px !important;padding-left: 0px !important;}&#8221;][vc_column css=&#8221;.vc_custom_1604177777219{padding-top: 95px !important;padding-bottom: 120px !important;}&#8221;][vc_row_inner css=&#8221;.vc_custom_1638347033271{margin-left: 150px !important;padding-top: 50px !important;}&#8221;][vc_column_inner width=&#8221;2\/3&#8243;][mk_fancy_title tag_name=&#8221;h3&#8243; color=&#8221;#000000&#8243; size=&#8221;34&#8243; txt_transform=&#8221;none&#8221; margin_bottom=&#8221;0&#8243; font_family=&#8221;none&#8221; align=&#8221;center&#8221;]Sinta-se a\u0300 vontade [&hellip;]<\/p>\n","protected":false},"author":4,"featured_media":0,"parent":0,"menu_order":0,"comment_status":"open","ping_status":"open","template":"","meta":{"footnotes":""},"class_list":["post-7530","page","type-page","status-publish","hentry"],"yoast_head":"<!-- This site is optimized with the Yoast SEO plugin v27.3 - https:\/\/yoast.com\/product\/yoast-seo-wordpress\/ -->\n<title>Entre em contato com a OakTree Therapy e marque sua consulta<\/title>\n<meta name=\"description\" content=\"Marque uma consulta para terapia em ingl\u00eas on-line ou em Amsterd\u00e3. Entre em contato com a OakTree Terapy em Amsterd\u00e3.\" \/>\n<meta name=\"robots\" content=\"index, follow, max-snippet:-1, max-image-preview:large, max-video-preview:-1\" \/>\n<link rel=\"canonical\" href=\"https:\/\/oaktreetherapy.com\/pt-br\/contato\/\" \/>\n<meta property=\"og:locale\" content=\"pt_BR\" \/>\n<meta property=\"og:type\" content=\"article\" \/>\n<meta property=\"og:title\" content=\"Entre em contato com a OakTree Therapy e marque sua consulta\" \/>\n<meta property=\"og:description\" content=\"Marque uma consulta para terapia em ingl\u00eas on-line ou em Amsterd\u00e3. Entre em contato com a OakTree Terapy em Amsterd\u00e3.\" \/>\n<meta property=\"og:url\" content=\"https:\/\/oaktreetherapy.com\/pt-br\/contato\/\" \/>\n<meta property=\"og:site_name\" content=\"OakTree Therapy\" \/>\n<meta property=\"article:publisher\" content=\"https:\/\/www.facebook.com\/profile.php?id=100076049341661\" \/>\n<meta property=\"article:modified_time\" content=\"2024-09-13T12:31:50+00:00\" \/>\n<meta name=\"twitter:card\" content=\"summary_large_image\" \/>\n<meta name=\"twitter:label1\" content=\"Est. tempo de leitura\" \/>\n\t<meta name=\"twitter:data1\" content=\"2 minutos\" \/>\n<script type=\"application\/ld+json\" class=\"yoast-schema-graph\">{\"@context\":\"https:\\\/\\\/schema.org\",\"@graph\":[{\"@type\":\"WebPage\",\"@id\":\"https:\\\/\\\/oaktreetherapy.com\\\/pt-br\\\/contato\\\/\",\"url\":\"https:\\\/\\\/oaktreetherapy.com\\\/pt-br\\\/contato\\\/\",\"name\":\"Entre em contato com a OakTree Therapy e marque sua consulta\",\"isPartOf\":{\"@id\":\"https:\\\/\\\/oaktreetherapy.com\\\/pt-br\\\/#website\"},\"datePublished\":\"2014-09-24T11:12:03+00:00\",\"dateModified\":\"2024-09-13T12:31:50+00:00\",\"description\":\"Marque uma consulta para terapia em ingl\u00eas on-line ou em Amsterd\u00e3. Entre em contato com a OakTree Terapy em Amsterd\u00e3.\",\"breadcrumb\":{\"@id\":\"https:\\\/\\\/oaktreetherapy.com\\\/pt-br\\\/contato\\\/#breadcrumb\"},\"inLanguage\":\"pt-BR\",\"potentialAction\":[{\"@type\":\"ReadAction\",\"target\":[\"https:\\\/\\\/oaktreetherapy.com\\\/pt-br\\\/contato\\\/\"]}]},{\"@type\":\"BreadcrumbList\",\"@id\":\"https:\\\/\\\/oaktreetherapy.com\\\/pt-br\\\/contato\\\/#breadcrumb\",\"itemListElement\":[{\"@type\":\"ListItem\",\"position\":1,\"name\":\"Home\",\"item\":\"https:\\\/\\\/oaktreetherapy.com\\\/pt-br\\\/inicio\\\/\"},{\"@type\":\"ListItem\",\"position\":2,\"name\":\"Contato\"}]},{\"@type\":\"WebSite\",\"@id\":\"https:\\\/\\\/oaktreetherapy.com\\\/pt-br\\\/#website\",\"url\":\"https:\\\/\\\/oaktreetherapy.com\\\/pt-br\\\/\",\"name\":\"OakTree Therapy\",\"description\":\"Empowerment through therapy\",\"publisher\":{\"@id\":\"https:\\\/\\\/oaktreetherapy.com\\\/pt-br\\\/#organization\"},\"potentialAction\":[{\"@type\":\"SearchAction\",\"target\":{\"@type\":\"EntryPoint\",\"urlTemplate\":\"https:\\\/\\\/oaktreetherapy.com\\\/pt-br\\\/?s={search_term_string}\"},\"query-input\":{\"@type\":\"PropertyValueSpecification\",\"valueRequired\":true,\"valueName\":\"search_term_string\"}}],\"inLanguage\":\"pt-BR\"},{\"@type\":\"Organization\",\"@id\":\"https:\\\/\\\/oaktreetherapy.com\\\/pt-br\\\/#organization\",\"name\":\"OakTree Therapy\",\"url\":\"https:\\\/\\\/oaktreetherapy.com\\\/pt-br\\\/\",\"logo\":{\"@type\":\"ImageObject\",\"inLanguage\":\"pt-BR\",\"@id\":\"https:\\\/\\\/oaktreetherapy.com\\\/pt-br\\\/#\\\/schema\\\/logo\\\/image\\\/\",\"url\":\"https:\\\/\\\/oaktreetherapy.com\\\/wp-content\\\/uploads\\\/2020\\\/10\\\/cropped-logotipo_oak_tree_prancheta-1-2-1.png\",\"contentUrl\":\"https:\\\/\\\/oaktreetherapy.com\\\/wp-content\\\/uploads\\\/2020\\\/10\\\/cropped-logotipo_oak_tree_prancheta-1-2-1.png\",\"width\":512,\"height\":512,\"caption\":\"OakTree Therapy\"},\"image\":{\"@id\":\"https:\\\/\\\/oaktreetherapy.com\\\/pt-br\\\/#\\\/schema\\\/logo\\\/image\\\/\"},\"sameAs\":[\"https:\\\/\\\/www.facebook.com\\\/profile.php?id=100076049341661\",\"https:\\\/\\\/www.instagram.com\\\/oaktree_counseling\\\/\"]}]}<\/script>\n<!-- \/ Yoast SEO plugin. -->","yoast_head_json":{"title":"Entre em contato com a OakTree Therapy e marque sua consulta","description":"Marque uma consulta para terapia em ingl\u00eas on-line ou em Amsterd\u00e3. Entre em contato com a OakTree Terapy em Amsterd\u00e3.","robots":{"index":"index","follow":"follow","max-snippet":"max-snippet:-1","max-image-preview":"max-image-preview:large","max-video-preview":"max-video-preview:-1"},"canonical":"https:\/\/oaktreetherapy.com\/pt-br\/contato\/","og_locale":"pt_BR","og_type":"article","og_title":"Entre em contato com a OakTree Therapy e marque sua consulta","og_description":"Marque uma consulta para terapia em ingl\u00eas on-line ou em Amsterd\u00e3. Entre em contato com a OakTree Terapy em Amsterd\u00e3.","og_url":"https:\/\/oaktreetherapy.com\/pt-br\/contato\/","og_site_name":"OakTree Therapy","article_publisher":"https:\/\/www.facebook.com\/profile.php?id=100076049341661","article_modified_time":"2024-09-13T12:31:50+00:00","twitter_card":"summary_large_image","twitter_misc":{"Est. tempo de leitura":"2 minutos"},"schema":{"@context":"https:\/\/schema.org","@graph":[{"@type":"WebPage","@id":"https:\/\/oaktreetherapy.com\/pt-br\/contato\/","url":"https:\/\/oaktreetherapy.com\/pt-br\/contato\/","name":"Entre em contato com a OakTree Therapy e marque sua consulta","isPartOf":{"@id":"https:\/\/oaktreetherapy.com\/pt-br\/#website"},"datePublished":"2014-09-24T11:12:03+00:00","dateModified":"2024-09-13T12:31:50+00:00","description":"Marque uma consulta para terapia em ingl\u00eas on-line ou em Amsterd\u00e3. Entre em contato com a OakTree Terapy em Amsterd\u00e3.","breadcrumb":{"@id":"https:\/\/oaktreetherapy.com\/pt-br\/contato\/#breadcrumb"},"inLanguage":"pt-BR","potentialAction":[{"@type":"ReadAction","target":["https:\/\/oaktreetherapy.com\/pt-br\/contato\/"]}]},{"@type":"BreadcrumbList","@id":"https:\/\/oaktreetherapy.com\/pt-br\/contato\/#breadcrumb","itemListElement":[{"@type":"ListItem","position":1,"name":"Home","item":"https:\/\/oaktreetherapy.com\/pt-br\/inicio\/"},{"@type":"ListItem","position":2,"name":"Contato"}]},{"@type":"WebSite","@id":"https:\/\/oaktreetherapy.com\/pt-br\/#website","url":"https:\/\/oaktreetherapy.com\/pt-br\/","name":"OakTree Therapy","description":"Empowerment through therapy","publisher":{"@id":"https:\/\/oaktreetherapy.com\/pt-br\/#organization"},"potentialAction":[{"@type":"SearchAction","target":{"@type":"EntryPoint","urlTemplate":"https:\/\/oaktreetherapy.com\/pt-br\/?s={search_term_string}"},"query-input":{"@type":"PropertyValueSpecification","valueRequired":true,"valueName":"search_term_string"}}],"inLanguage":"pt-BR"},{"@type":"Organization","@id":"https:\/\/oaktreetherapy.com\/pt-br\/#organization","name":"OakTree Therapy","url":"https:\/\/oaktreetherapy.com\/pt-br\/","logo":{"@type":"ImageObject","inLanguage":"pt-BR","@id":"https:\/\/oaktreetherapy.com\/pt-br\/#\/schema\/logo\/image\/","url":"https:\/\/oaktreetherapy.com\/wp-content\/uploads\/2020\/10\/cropped-logotipo_oak_tree_prancheta-1-2-1.png","contentUrl":"https:\/\/oaktreetherapy.com\/wp-content\/uploads\/2020\/10\/cropped-logotipo_oak_tree_prancheta-1-2-1.png","width":512,"height":512,"caption":"OakTree Therapy"},"image":{"@id":"https:\/\/oaktreetherapy.com\/pt-br\/#\/schema\/logo\/image\/"},"sameAs":["https:\/\/www.facebook.com\/profile.php?id=100076049341661","https:\/\/www.instagram.com\/oaktree_counseling\/"]}]}},"_links":{"self":[{"href":"https:\/\/oaktreetherapy.com\/pt-br\/wp-json\/wp\/v2\/pages\/7530","targetHints":{"allow":["GET"]}}],"collection":[{"href":"https:\/\/oaktreetherapy.com\/pt-br\/wp-json\/wp\/v2\/pages"}],"about":[{"href":"https:\/\/oaktreetherapy.com\/pt-br\/wp-json\/wp\/v2\/types\/page"}],"author":[{"embeddable":true,"href":"https:\/\/oaktreetherapy.com\/pt-br\/wp-json\/wp\/v2\/users\/4"}],"replies":[{"embeddable":true,"href":"https:\/\/oaktreetherapy.com\/pt-br\/wp-json\/wp\/v2\/comments?post=7530"}],"version-history":[{"count":13,"href":"https:\/\/oaktreetherapy.com\/pt-br\/wp-json\/wp\/v2\/pages\/7530\/revisions"}],"predecessor-version":[{"id":7720,"href":"https:\/\/oaktreetherapy.com\/pt-br\/wp-json\/wp\/v2\/pages\/7530\/revisions\/7720"}],"wp:attachment":[{"href":"https:\/\/oaktreetherapy.com\/pt-br\/wp-json\/wp\/v2\/media?parent=7530"}],"curies":[{"name":"wp","href":"https:\/\/api.w.org\/{rel}","templated":true}]}}