{"id":7534,"date":"2024-01-14T19:40:41","date_gmt":"2024-01-14T18:40:41","guid":{"rendered":"https:\/\/oaktreetherapy.com\/coaching-especializado-em-burnout-para-um-bem-estar-sustentavel\/"},"modified":"2025-09-23T19:26:28","modified_gmt":"2025-09-23T17:26:28","slug":"coaching-para-burnout","status":"publish","type":"page","link":"https:\/\/oaktreetherapy.com\/pt-br\/terapia\/coaching-para-burnout\/","title":{"rendered":"Coaching especializado em burnout para um bem-estar sustent\u00e1vel"},"content":{"rendered":"<div class=\"wpb-content-wrapper\">[vc_row fullwidth=&#8221;true&#8221; attached=&#8221;true&#8221; css=&#8221;.vc_custom_1702305357389{margin-bottom: 50px !important;}&#8221;][vc_column][mk_page_title_box page_title=&#8221;Terapia especializada em burnout para um bem-estar sustent\u00e1vel&#8221; page_subtitle=&#8221;Compreens\u00e3o e supera\u00e7\u00e3o de um esgotamento&#8221; section_height=&#8221;141&#8243; bg_image=&#8221;https:\/\/oaktreetherapy.com\/wp-content\/uploads\/2020\/11\/pexels-nicole-avagliano-2749481-scaled.jpg&#8221; bg_position=&#8221;center center&#8221; bg_stretch=&#8221;true&#8221; overlay=&#8221;rgba(80,90,95,0.8)&#8221; bg_effects=&#8221;parallax&#8221; font_size=&#8221;23&#8243; title_letter_spacing=&#8221;1&#8243; font_color=&#8221;#aad29a&#8221; font_weight=&#8221;600&#8243; underline=&#8221;false&#8221; padding=&#8221;0&#8243; sub_font_size=&#8221;20&#8243; sub_font_color=&#8221;#ffffff&#8221;][\/vc_column][\/vc_row][vc_row][vc_column width=&#8221;3\/5&#8243;][vc_column_text css=&#8221;.vc_custom_1758648183294{margin-bottom: 0px !important;}&#8221;]A primeira e talvez mais importante mensagem que voc\u00ea precisa saber \u00e9 que o esgotamento \u00e9 um problema com a din\u00e2mica do local de trabalho. Voc\u00ea n\u00e3o \u00e9 <em>o<\/em> problema. Voc\u00ea sente o que deve sentir ao lidar com a realidade cotidiana no trabalho. Isso significa que voc\u00ea n\u00e3o \u00e9 um fracasso, n\u00e3o \u00e9 culpado, n\u00e3o \u00e9 um funcion\u00e1rio ruim. Isso significa que precisamos entender os gatilhos que esse ambiente traz para voc\u00ea, aprender maneiras saud\u00e1veis de reagir a ele e talvez iniciar um plano de carreira para o futuro pr\u00f3ximo.<\/p>\n<p>Na Oak Tree Therapy, eu me especializo em ajudar as pessoas a superar e prevenir o esgotamento por meio da terapia de esgotamento. Meu objetivo \u00e9 oferecer sess\u00f5es personalizadas em ingl\u00eas, on-line ou pessoalmente, para que possamos trabalhar juntos em busca de uma vida mais saud\u00e1vel e feliz.[\/vc_column_text][mk_padding_divider size=&#8221;50&#8243;][vc_column_text css=&#8221;.vc_custom_1758648203398{margin-bottom: 0px !important;}&#8221;]\n<h2><strong>O que \u00e9 terapia de burnout?<\/strong><\/h2>\n<p>Por terapia de burnout, quero dizer um caminho claro com foco em 1. Identificar as causas b\u00e1sicas do esgotamento em seu contexto espec\u00edfico; 2. Avaliar as habilidades e capacidades que voc\u00ea j\u00e1 possui e que podem nos ajudar a lidar com o ambiente de trabalho insalubre; e 3. Elabore um plano para chegar a um lugar de paz e realiza\u00e7\u00e3o no trabalho.[\/vc_column_text][\/vc_column][vc_column width=&#8221;2\/5&#8243;][mk_padding_divider size=&#8221;50&#8243;][vc_single_image image=&#8221;7319&#8243; img_size=&#8221;full&#8221; alignment=&#8221;right&#8221; style=&#8221;vc_box_circle_2&#8243;][\/vc_column][\/vc_row][vc_row css=&#8221;.vc_custom_1702305742364{margin-top: 40px !important;margin-bottom: 40px !important;}&#8221;][vc_column][mk_divider style=&#8221;thick_solid&#8221; divider_width=&#8221;one_half&#8221; border_color=&#8221;#8fbb3b&#8221; margin_top=&#8221;25&#8243; margin_bottom=&#8221;25&#8243;][\/vc_column][\/vc_row][vc_row css=&#8221;.vc_custom_1702305640182{margin-bottom: 50px !important;}&#8221;][vc_column width=&#8221;1\/4&#8243;][vc_column_text css=&#8221;.vc_custom_1758648220494{margin-bottom: 0px !important;}&#8221;]\n<h2><strong>Como a terapia de burnout pode ajudar<\/strong><\/h2>\n<p>Minhas sess\u00f5es de terapia oferecem estrat\u00e9gias e ferramentas pr\u00e1ticas para ajudar voc\u00ea:[\/vc_column_text][\/vc_column][vc_column width=&#8221;3\/4&#8243;][mk_padding_divider size=&#8221;50&#8243;][vc_column_text css=&#8221;.vc_custom_1702998872748{margin-bottom: 0px !important;}&#8221;]\n<ul>\n<li>Analisar e compreender quais aspectos do contexto de trabalho promovem o esgotamento.<\/li>\n<li>Reconhecer e gerenciar os sintomas de esgotamento, como fadiga cr\u00f4nica, exaust\u00e3o emocional, sensa\u00e7\u00e3o de desconex\u00e3o, baixa expectativa de poder realizar mudan\u00e7as.<\/li>\n<li>Desenvolver mecanismos de enfrentamento para lidar com o estresse.<\/li>\n<li>Olhe para o futuro e d\u00ea passos em dire\u00e7\u00e3o a uma rotina de trabalho que o entusiasme em vez de esgot\u00e1-lo.<\/li>\n<\/ul>\n[\/vc_column_text][\/vc_column][\/vc_row][vc_row fullwidth=&#8221;true&#8221; fullwidth_content=&#8221;false&#8221; css=&#8221;.vc_custom_1702305601498{padding-top: 50px !important;padding-bottom: 50px !important;background-color: #aad29a !important;}&#8221;][vc_column width=&#8221;1\/3&#8243;][vc_single_image image=&#8221;6837&#8243; img_size=&#8221;full&#8221;][\/vc_column][vc_column width=&#8221;2\/3&#8243;][mk_padding_divider size=&#8221;50&#8243;][vc_column_text css=&#8221;.vc_custom_1705661522498{margin-bottom: 0px !important;}&#8221;]\n<h2><strong>Chegar a um lugar de paz e crescimento<\/strong><\/h2>\n<p>O caminho para uma vida mais saud\u00e1vel pode trazer crescimento, for\u00e7a e paz. N\u00e3o \u00e9 coincid\u00eancia que, muitas vezes, as mudan\u00e7as mais significativas e duradouras em nossas vidas sejam resultado de momentos como o que voc\u00ea est\u00e1 passando agora. \u00c9 poss\u00edvel voltar a ser voc\u00ea mesmo e at\u00e9 mesmo uma vers\u00e3o melhor de voc\u00ea.<\/p>\n<p>&nbsp;<\/p>\n<h2><strong>Dar o primeiro passo para a recupera\u00e7\u00e3o do esgotamento<\/strong><\/h2>\n<p>Lidar com tudo isso sozinho \u00e9 muito dif\u00edcil. \u00c9 muito importante para mim ser a m\u00e3o amiga que o ajudar\u00e1 a assumir o controle de sua vida novamente. Se voc\u00ea precisa de apoio para lidar com <a href=\"https:\/\/oaktreetherapy.com\/pt-br\/terapia\/terapia-de-ansiedade-sob-medida-em-amsterda\/\">ansiedade<\/a>, <a href=\"https:\/\/oaktreetherapy.com\/pt-br\/terapia\/terapia-de-trauma-em-amsterda-cura-e-capacitacao\/\">trauma<\/a>, <a href=\"https:\/\/oaktreetherapy.com\/burn-out-therapy\/\">esgotamento<\/a>, vamos conversar para nos conhecermos um pouco e come\u00e7armos essa jornada juntos.<\/p>\n<p>Sinta-se \u00e0 vontade para entrar em contato comigo hoje mesmo pelo telefone +31 (0) 6 48 26 50 32, <a href=\"mailto:p.carvalho@oaktreetherapy.com\">p.carvalho@oaktree-counseling.com,<\/a> ou preencha o formul\u00e1rio de <a href=\"https:\/\/oaktreetherapy.com\/pt-br\/contato\/\">contato<\/a>. Permita-me ajud\u00e1-lo a navegar pelo esgotamento e a avan\u00e7ar para uma vida de equil\u00edbrio, realiza\u00e7\u00e3o e bem-estar sustentado.[\/vc_column_text][mk_button corner_style=&#8221;full_rounded&#8221; size=&#8221;medium&#8221; icon=&#8221;mk-moon-mail-send&#8221; url=&#8221;https:\/\/oaktreetherapy.com\/contact\/&#8221; align=&#8221;right&#8221; bg_color=&#8221;#ffffff&#8221; text_color=&#8221;dark&#8221;]Entre em contato comigo[\/mk_button][\/vc_column][\/vc_row][vc_row][vc_column][mk_padding_divider size=&#8221;50&#8243;][mk_fancy_title tag_name=&#8221;h3&#8243; font_family=&#8221;none&#8221;]\n<h3 style=\"text-align: left;\">Outros servi\u00e7os de terapia que ofere\u00e7o<\/h3>\n[\/mk_fancy_title][vc_row_inner][vc_column_inner width=&#8221;1\/4&#8243;][vc_single_image image=&#8221;7630&#8243; img_size=&#8221;&#8221;][vc_column_text css=&#8221;.vc_custom_1712044478229{margin-bottom: 0px !important;}&#8221;]\n<h3>Terapia de trauma<\/h3>\n<p>Uma terapia de trauma com orienta\u00e7\u00e3o comportamental envolve cuidados personalizados que abordam os efeitos profundos das experi\u00eancias traum\u00e1ticas. Vamos mergulhar no contexto em que isso aconteceu e entender suas mem\u00f3rias e implica\u00e7\u00f5es ao longo da vida.[\/vc_column_text][mk_button corner_style=&#8221;rounded&#8221; size=&#8221;medium&#8221; url=&#8221;\/therapy\/trauma-therapy\/&#8221; bg_color=&#8221;#8fbb3b&#8221;]Leia mais[\/mk_button][\/vc_column_inner][vc_column_inner width=&#8221;1\/4&#8243;][vc_single_image image=&#8221;7323&#8243; img_size=&#8221;&#8221;][vc_column_text css=&#8221;.vc_custom_1712045659199{margin-bottom: 0px !important;}&#8221;]\n<h3>Terapia de ansiedade<\/h3>\n<p>A terapia de ansiedade \u00e9 um processo personalizado que se concentra na identifica\u00e7\u00e3o e no tratamento das causas fundamentais de sua ansiedade. Exploraremos fatores como choque cultural, estresse relacionado ao trabalho, isolamento social e hist\u00f3rico pessoal para entender completamente a sua experi\u00eancia.[\/vc_column_text][mk_button corner_style=&#8221;rounded&#8221; size=&#8221;medium&#8221; url=&#8221;\/therapy\/anxiety-therapy\/&#8221; bg_color=&#8221;#8fbb3b&#8221;]Leia mais[\/mk_button][\/vc_column_inner][vc_column_inner width=&#8221;1\/4&#8243;][vc_single_image image=&#8221;7480&#8243; img_size=&#8221;&#8221;][vc_column_text css=&#8221;.vc_custom_1712045873761{margin-bottom: 0px !important;}&#8221;]\n<h3>Terapia comportamental<\/h3>\n<p>A terapia comportamental o convida a assumir o controle de sua vida. Ele o convida a lidar melhor com seus sentimentos e os de outras pessoas na jornada de tentar fazer a vida acontecer da maneira que voc\u00ea considera valiosa. Conhecimento \u00e9 liberdade tamb\u00e9m em seu espa\u00e7o mental![\/vc_column_text][mk_button corner_style=&#8221;rounded&#8221; size=&#8221;medium&#8221; url=&#8221;\/therapy\/behavioral-therapy\/&#8221; bg_color=&#8221;#8fbb3b&#8221;]Leia mais[\/mk_button][\/vc_column_inner][vc_column_inner width=&#8221;1\/4&#8243;][\/vc_column_inner][\/vc_row_inner][mk_padding_divider size=&#8221;50&#8243;][\/vc_column][\/vc_row][vc_row fullwidth=&#8221;true&#8221;][vc_column][vc_custom_heading text=&#8221;Terapia especializada em burnout para um bem-estar sustent\u00e1vel&#8221; font_container=&#8221;tag:h2|font_size:23px|text_align:center|color:%23ffffff|line_height:160px&#8221; use_theme_fonts=&#8221;yes&#8221; css=&#8221;.vc_custom_1758648373528{background: #aad294 url(https:\/\/oaktreetherapy.com\/wp-content\/uploads\/2020\/11\/pexels-nicole-avagliano-2749481-scaled.jpg?id=6005) !important;}&#8221;][mk_padding_divider size=&#8221;50&#8243;][\/vc_column][\/vc_row]\n<\/div>","protected":false},"excerpt":{"rendered":"<p>[vc_row fullwidth=&#8221;true&#8221; attached=&#8221;true&#8221; css=&#8221;.vc_custom_1702305357389{margin-bottom: 50px !important;}&#8221;][vc_column][mk_page_title_box page_title=&#8221;Terapia especializada em burnout para um bem-estar sustent\u00e1vel&#8221; page_subtitle=&#8221;Compreens\u00e3o e supera\u00e7\u00e3o de um esgotamento&#8221; section_height=&#8221;141&#8243; bg_image=&#8221;https:\/\/oaktreetherapy.com\/wp-content\/uploads\/2020\/11\/pexels-nicole-avagliano-2749481-scaled.jpg&#8221; bg_position=&#8221;center center&#8221; bg_stretch=&#8221;true&#8221; overlay=&#8221;rgba(80,90,95,0.8)&#8221; bg_effects=&#8221;parallax&#8221; font_size=&#8221;23&#8243; title_letter_spacing=&#8221;1&#8243; font_color=&#8221;#aad29a&#8221; font_weight=&#8221;600&#8243; underline=&#8221;false&#8221; padding=&#8221;0&#8243; sub_font_size=&#8221;20&#8243; sub_font_color=&#8221;#ffffff&#8221;][\/vc_column][\/vc_row][vc_row][vc_column width=&#8221;3\/5&#8243;][vc_column_text css=&#8221;.vc_custom_1758648183294{margin-bottom: 0px !important;}&#8221;]A primeira e talvez mais importante mensagem que voc\u00ea precisa saber \u00e9 que o esgotamento \u00e9 um [&hellip;]<\/p>\n","protected":false},"author":17,"featured_media":7477,"parent":7554,"menu_order":0,"comment_status":"closed","ping_status":"closed","template":"","meta":{"footnotes":""},"class_list":["post-7534","page","type-page","status-publish","has-post-thumbnail","hentry"],"yoast_head":"<!-- This site is optimized with the Yoast SEO plugin v27.4 - https:\/\/yoast.com\/product\/yoast-seo-wordpress\/ -->\n<title>Coaching de Burn-Out em Amsterd\u00e3 | OakTree Therapy<\/title>\n<meta name=\"description\" content=\"Recupere sua sa\u00fade com o coaching de burn-out em Amsterd\u00e3. Orienta\u00e7\u00e3o pessoal e ferramentas pr\u00e1ticas para um melhor relacionamento com o local de trabalho\" \/>\n<meta name=\"robots\" content=\"index, follow, max-snippet:-1, max-image-preview:large, max-video-preview:-1\" \/>\n<link rel=\"canonical\" href=\"https:\/\/oaktreetherapy.com\/pt-br\/terapia\/coaching-para-burnout\/\" \/>\n<meta property=\"og:locale\" content=\"pt_BR\" \/>\n<meta property=\"og:type\" content=\"article\" \/>\n<meta property=\"og:title\" content=\"Coaching de Burn-Out em Amsterd\u00e3 | OakTree Therapy\" \/>\n<meta property=\"og:description\" content=\"Recupere sua sa\u00fade com o coaching de burn-out em Amsterd\u00e3. Orienta\u00e7\u00e3o pessoal e ferramentas pr\u00e1ticas para um melhor relacionamento com o local de trabalho\" \/>\n<meta property=\"og:url\" content=\"https:\/\/oaktreetherapy.com\/pt-br\/terapia\/coaching-para-burnout\/\" \/>\n<meta property=\"og:site_name\" content=\"OakTree Therapy\" \/>\n<meta property=\"article:publisher\" content=\"https:\/\/www.facebook.com\/profile.php?id=100076049341661\" \/>\n<meta property=\"article:modified_time\" content=\"2025-09-23T17:26:28+00:00\" \/>\n<meta property=\"og:image\" content=\"https:\/\/oaktreetherapy.com\/wp-content\/uploads\/2024\/01\/burnout-coaching.jpg\" \/>\n\t<meta property=\"og:image:width\" content=\"1000\" \/>\n\t<meta property=\"og:image:height\" content=\"1500\" \/>\n\t<meta property=\"og:image:type\" content=\"image\/jpeg\" \/>\n<meta name=\"twitter:card\" content=\"summary_large_image\" \/>\n<meta name=\"twitter:label1\" content=\"Est. tempo de leitura\" \/>\n\t<meta name=\"twitter:data1\" content=\"6 minutos\" \/>\n<script type=\"application\/ld+json\" class=\"yoast-schema-graph\">{\"@context\":\"https:\\\/\\\/schema.org\",\"@graph\":[{\"@type\":\"WebPage\",\"@id\":\"https:\\\/\\\/oaktreetherapy.com\\\/pt-br\\\/terapia\\\/coaching-para-burnout\\\/\",\"url\":\"https:\\\/\\\/oaktreetherapy.com\\\/pt-br\\\/terapia\\\/coaching-para-burnout\\\/\",\"name\":\"Coaching de Burn-Out em Amsterd\u00e3 | OakTree Therapy\",\"isPartOf\":{\"@id\":\"https:\\\/\\\/oaktreetherapy.com\\\/pt-br\\\/#website\"},\"primaryImageOfPage\":{\"@id\":\"https:\\\/\\\/oaktreetherapy.com\\\/pt-br\\\/terapia\\\/coaching-para-burnout\\\/#primaryimage\"},\"image\":{\"@id\":\"https:\\\/\\\/oaktreetherapy.com\\\/pt-br\\\/terapia\\\/coaching-para-burnout\\\/#primaryimage\"},\"thumbnailUrl\":\"https:\\\/\\\/oaktreetherapy.com\\\/wp-content\\\/uploads\\\/2024\\\/01\\\/burnout-coaching.jpg\",\"datePublished\":\"2024-01-14T18:40:41+00:00\",\"dateModified\":\"2025-09-23T17:26:28+00:00\",\"description\":\"Recupere sua sa\u00fade com o coaching de burn-out em Amsterd\u00e3. Orienta\u00e7\u00e3o pessoal e ferramentas pr\u00e1ticas para um melhor relacionamento com o local de trabalho\",\"breadcrumb\":{\"@id\":\"https:\\\/\\\/oaktreetherapy.com\\\/pt-br\\\/terapia\\\/coaching-para-burnout\\\/#breadcrumb\"},\"inLanguage\":\"pt-BR\",\"potentialAction\":[{\"@type\":\"ReadAction\",\"target\":[\"https:\\\/\\\/oaktreetherapy.com\\\/pt-br\\\/terapia\\\/coaching-para-burnout\\\/\"]}]},{\"@type\":\"ImageObject\",\"inLanguage\":\"pt-BR\",\"@id\":\"https:\\\/\\\/oaktreetherapy.com\\\/pt-br\\\/terapia\\\/coaching-para-burnout\\\/#primaryimage\",\"url\":\"https:\\\/\\\/oaktreetherapy.com\\\/wp-content\\\/uploads\\\/2024\\\/01\\\/burnout-coaching.jpg\",\"contentUrl\":\"https:\\\/\\\/oaktreetherapy.com\\\/wp-content\\\/uploads\\\/2024\\\/01\\\/burnout-coaching.jpg\",\"width\":1000,\"height\":1500,\"caption\":\"burnout coaching\"},{\"@type\":\"BreadcrumbList\",\"@id\":\"https:\\\/\\\/oaktreetherapy.com\\\/pt-br\\\/terapia\\\/coaching-para-burnout\\\/#breadcrumb\",\"itemListElement\":[{\"@type\":\"ListItem\",\"position\":1,\"name\":\"Home\",\"item\":\"https:\\\/\\\/oaktreetherapy.com\\\/pt-br\\\/inicio\\\/\"},{\"@type\":\"ListItem\",\"position\":2,\"name\":\"Terapia em Amsterd\u00e3\",\"item\":\"https:\\\/\\\/oaktreetherapy.com\\\/pt-br\\\/terapia\\\/\"},{\"@type\":\"ListItem\",\"position\":3,\"name\":\"Coaching especializado em burnout para um bem-estar sustent\u00e1vel\"}]},{\"@type\":\"WebSite\",\"@id\":\"https:\\\/\\\/oaktreetherapy.com\\\/pt-br\\\/#website\",\"url\":\"https:\\\/\\\/oaktreetherapy.com\\\/pt-br\\\/\",\"name\":\"OakTree Therapy\",\"description\":\"Empowerment through therapy\",\"publisher\":{\"@id\":\"https:\\\/\\\/oaktreetherapy.com\\\/pt-br\\\/#organization\"},\"potentialAction\":[{\"@type\":\"SearchAction\",\"target\":{\"@type\":\"EntryPoint\",\"urlTemplate\":\"https:\\\/\\\/oaktreetherapy.com\\\/pt-br\\\/?s={search_term_string}\"},\"query-input\":{\"@type\":\"PropertyValueSpecification\",\"valueRequired\":true,\"valueName\":\"search_term_string\"}}],\"inLanguage\":\"pt-BR\"},{\"@type\":\"Organization\",\"@id\":\"https:\\\/\\\/oaktreetherapy.com\\\/pt-br\\\/#organization\",\"name\":\"OakTree Therapy\",\"url\":\"https:\\\/\\\/oaktreetherapy.com\\\/pt-br\\\/\",\"logo\":{\"@type\":\"ImageObject\",\"inLanguage\":\"pt-BR\",\"@id\":\"https:\\\/\\\/oaktreetherapy.com\\\/pt-br\\\/#\\\/schema\\\/logo\\\/image\\\/\",\"url\":\"https:\\\/\\\/oaktreetherapy.com\\\/wp-content\\\/uploads\\\/2020\\\/10\\\/cropped-logotipo_oak_tree_prancheta-1-2-1.png\",\"contentUrl\":\"https:\\\/\\\/oaktreetherapy.com\\\/wp-content\\\/uploads\\\/2020\\\/10\\\/cropped-logotipo_oak_tree_prancheta-1-2-1.png\",\"width\":512,\"height\":512,\"caption\":\"OakTree Therapy\"},\"image\":{\"@id\":\"https:\\\/\\\/oaktreetherapy.com\\\/pt-br\\\/#\\\/schema\\\/logo\\\/image\\\/\"},\"sameAs\":[\"https:\\\/\\\/www.facebook.com\\\/profile.php?id=100076049341661\",\"https:\\\/\\\/www.instagram.com\\\/oaktree_counseling\\\/\"]}]}<\/script>\n<!-- \/ Yoast SEO plugin. -->","yoast_head_json":{"title":"Coaching de Burn-Out em Amsterd\u00e3 | OakTree Therapy","description":"Recupere sua sa\u00fade com o coaching de burn-out em Amsterd\u00e3. Orienta\u00e7\u00e3o pessoal e ferramentas pr\u00e1ticas para um melhor relacionamento com o local de trabalho","robots":{"index":"index","follow":"follow","max-snippet":"max-snippet:-1","max-image-preview":"max-image-preview:large","max-video-preview":"max-video-preview:-1"},"canonical":"https:\/\/oaktreetherapy.com\/pt-br\/terapia\/coaching-para-burnout\/","og_locale":"pt_BR","og_type":"article","og_title":"Coaching de Burn-Out em Amsterd\u00e3 | OakTree Therapy","og_description":"Recupere sua sa\u00fade com o coaching de burn-out em Amsterd\u00e3. Orienta\u00e7\u00e3o pessoal e ferramentas pr\u00e1ticas para um melhor relacionamento com o local de trabalho","og_url":"https:\/\/oaktreetherapy.com\/pt-br\/terapia\/coaching-para-burnout\/","og_site_name":"OakTree Therapy","article_publisher":"https:\/\/www.facebook.com\/profile.php?id=100076049341661","article_modified_time":"2025-09-23T17:26:28+00:00","og_image":[{"width":1000,"height":1500,"url":"https:\/\/oaktreetherapy.com\/wp-content\/uploads\/2024\/01\/burnout-coaching.jpg","type":"image\/jpeg"}],"twitter_card":"summary_large_image","twitter_misc":{"Est. tempo de leitura":"6 minutos"},"schema":{"@context":"https:\/\/schema.org","@graph":[{"@type":"WebPage","@id":"https:\/\/oaktreetherapy.com\/pt-br\/terapia\/coaching-para-burnout\/","url":"https:\/\/oaktreetherapy.com\/pt-br\/terapia\/coaching-para-burnout\/","name":"Coaching de Burn-Out em Amsterd\u00e3 | OakTree Therapy","isPartOf":{"@id":"https:\/\/oaktreetherapy.com\/pt-br\/#website"},"primaryImageOfPage":{"@id":"https:\/\/oaktreetherapy.com\/pt-br\/terapia\/coaching-para-burnout\/#primaryimage"},"image":{"@id":"https:\/\/oaktreetherapy.com\/pt-br\/terapia\/coaching-para-burnout\/#primaryimage"},"thumbnailUrl":"https:\/\/oaktreetherapy.com\/wp-content\/uploads\/2024\/01\/burnout-coaching.jpg","datePublished":"2024-01-14T18:40:41+00:00","dateModified":"2025-09-23T17:26:28+00:00","description":"Recupere sua sa\u00fade com o coaching de burn-out em Amsterd\u00e3. Orienta\u00e7\u00e3o pessoal e ferramentas pr\u00e1ticas para um melhor relacionamento com o local de trabalho","breadcrumb":{"@id":"https:\/\/oaktreetherapy.com\/pt-br\/terapia\/coaching-para-burnout\/#breadcrumb"},"inLanguage":"pt-BR","potentialAction":[{"@type":"ReadAction","target":["https:\/\/oaktreetherapy.com\/pt-br\/terapia\/coaching-para-burnout\/"]}]},{"@type":"ImageObject","inLanguage":"pt-BR","@id":"https:\/\/oaktreetherapy.com\/pt-br\/terapia\/coaching-para-burnout\/#primaryimage","url":"https:\/\/oaktreetherapy.com\/wp-content\/uploads\/2024\/01\/burnout-coaching.jpg","contentUrl":"https:\/\/oaktreetherapy.com\/wp-content\/uploads\/2024\/01\/burnout-coaching.jpg","width":1000,"height":1500,"caption":"burnout coaching"},{"@type":"BreadcrumbList","@id":"https:\/\/oaktreetherapy.com\/pt-br\/terapia\/coaching-para-burnout\/#breadcrumb","itemListElement":[{"@type":"ListItem","position":1,"name":"Home","item":"https:\/\/oaktreetherapy.com\/pt-br\/inicio\/"},{"@type":"ListItem","position":2,"name":"Terapia em Amsterd\u00e3","item":"https:\/\/oaktreetherapy.com\/pt-br\/terapia\/"},{"@type":"ListItem","position":3,"name":"Coaching especializado em burnout para um bem-estar sustent\u00e1vel"}]},{"@type":"WebSite","@id":"https:\/\/oaktreetherapy.com\/pt-br\/#website","url":"https:\/\/oaktreetherapy.com\/pt-br\/","name":"OakTree Therapy","description":"Empowerment through therapy","publisher":{"@id":"https:\/\/oaktreetherapy.com\/pt-br\/#organization"},"potentialAction":[{"@type":"SearchAction","target":{"@type":"EntryPoint","urlTemplate":"https:\/\/oaktreetherapy.com\/pt-br\/?s={search_term_string}"},"query-input":{"@type":"PropertyValueSpecification","valueRequired":true,"valueName":"search_term_string"}}],"inLanguage":"pt-BR"},{"@type":"Organization","@id":"https:\/\/oaktreetherapy.com\/pt-br\/#organization","name":"OakTree Therapy","url":"https:\/\/oaktreetherapy.com\/pt-br\/","logo":{"@type":"ImageObject","inLanguage":"pt-BR","@id":"https:\/\/oaktreetherapy.com\/pt-br\/#\/schema\/logo\/image\/","url":"https:\/\/oaktreetherapy.com\/wp-content\/uploads\/2020\/10\/cropped-logotipo_oak_tree_prancheta-1-2-1.png","contentUrl":"https:\/\/oaktreetherapy.com\/wp-content\/uploads\/2020\/10\/cropped-logotipo_oak_tree_prancheta-1-2-1.png","width":512,"height":512,"caption":"OakTree Therapy"},"image":{"@id":"https:\/\/oaktreetherapy.com\/pt-br\/#\/schema\/logo\/image\/"},"sameAs":["https:\/\/www.facebook.com\/profile.php?id=100076049341661","https:\/\/www.instagram.com\/oaktree_counseling\/"]}]}},"_links":{"self":[{"href":"https:\/\/oaktreetherapy.com\/pt-br\/wp-json\/wp\/v2\/pages\/7534","targetHints":{"allow":["GET"]}}],"collection":[{"href":"https:\/\/oaktreetherapy.com\/pt-br\/wp-json\/wp\/v2\/pages"}],"about":[{"href":"https:\/\/oaktreetherapy.com\/pt-br\/wp-json\/wp\/v2\/types\/page"}],"author":[{"embeddable":true,"href":"https:\/\/oaktreetherapy.com\/pt-br\/wp-json\/wp\/v2\/users\/17"}],"replies":[{"embeddable":true,"href":"https:\/\/oaktreetherapy.com\/pt-br\/wp-json\/wp\/v2\/comments?post=7534"}],"version-history":[{"count":14,"href":"https:\/\/oaktreetherapy.com\/pt-br\/wp-json\/wp\/v2\/pages\/7534\/revisions"}],"predecessor-version":[{"id":7778,"href":"https:\/\/oaktreetherapy.com\/pt-br\/wp-json\/wp\/v2\/pages\/7534\/revisions\/7778"}],"up":[{"embeddable":true,"href":"https:\/\/oaktreetherapy.com\/pt-br\/wp-json\/wp\/v2\/pages\/7554"}],"wp:featuredmedia":[{"embeddable":true,"href":"https:\/\/oaktreetherapy.com\/pt-br\/wp-json\/wp\/v2\/media\/7477"}],"wp:attachment":[{"href":"https:\/\/oaktreetherapy.com\/pt-br\/wp-json\/wp\/v2\/media?parent=7534"}],"curies":[{"name":"wp","href":"https:\/\/api.w.org\/{rel}","templated":true}]}}