{"id":7554,"date":"2020-10-31T18:53:53","date_gmt":"2020-10-31T17:53:53","guid":{"rendered":"https:\/\/oaktreetherapy.com\/terapia-em-amsterda-2\/"},"modified":"2026-01-16T14:08:06","modified_gmt":"2026-01-16T13:08:06","slug":"terapia","status":"publish","type":"page","link":"https:\/\/oaktreetherapy.com\/pt-br\/terapia\/","title":{"rendered":"Terapia em Amsterd\u00e3"},"content":{"rendered":"<div class=\"wpb-content-wrapper\">[vc_row fullwidth=&#8221;true&#8221; attached=&#8221;true&#8221; padding=&#8221;0&#8243;][vc_column][mk_page_title_box page_title=&#8221;Terapia em Amsterd\u00e3&#8221; page_subtitle=&#8221;ou on-line&#8221; section_height=&#8221;248&#8243; bg_image=&#8221;https:\/\/oaktreetherapy.com\/wp-content\/uploads\/2020\/11\/pexels-flo-maderebner-755385-scaled.jpg&#8221; bg_position=&#8221;center center&#8221; bg_stretch=&#8221;true&#8221; overlay=&#8221;rgba(80,90,95,0.8)&#8221; bg_effects=&#8221;parallax&#8221; font_size=&#8221;24&#8243; title_letter_spacing=&#8221;1&#8243; font_color=&#8221;#aad29a&#8221; font_weight=&#8221;600&#8243; underline=&#8221;false&#8221; padding=&#8221;10&#8243; sub_font_size=&#8221;20&#8243; sub_font_color=&#8221;#ffffff&#8221;][\/vc_column][\/vc_row][vc_row][vc_column css=&#8221;.vc_custom_1604177276608{padding-top: 95px !important;padding-bottom: 120px !important;}&#8221;][vc_row_inner css=&#8221;.vc_custom_1702304222626{padding-right: 20px !important;padding-left: 20px !important;}&#8221;][vc_column_inner width=&#8221;1\/3&#8243; css=&#8221;.vc_custom_1702304273991{padding-right: 20px !important;padding-left: 20px !important;}&#8221;][mk_fancy_title color=&#8221;#8fbb3b&#8221; size=&#8221;24&#8243; font_family=&#8221;none&#8221;]\n<p style=\"text-align: center;\"><strong>O que a terapia d\u00e1 a voc\u00ea<\/strong><\/p>\n[\/mk_fancy_title][vc_column_text css=&#8221;.vc_custom_1768567482568{margin-bottom: 0px !important;}&#8221;]\n<p style=\"text-align: justify; font-weight: 400;\">A terapia n\u00e3o se trata apenas de conversar, mas de aprender, curar e crescer. Trata-se de se tornar mais <em>voc\u00ea<\/em>. <\/p>\n<ul>\n<li>Compreender e se libertar de padr\u00f5es prejudiciais \u00e0 sa\u00fade<\/li>\n<li>Combater a ansiedade, o estresse e a sobrecarga emocional<\/li>\n<li>Desenvolver a autoconsci\u00eancia, a compaix\u00e3o e a resili\u00eancia<\/li>\n<li>Obter clareza sobre o que \u00e9 importante para voc\u00ea e como viver isso<\/li>\n<\/ul>\n[\/vc_column_text][mk_padding_divider size=&#8221;60&#8243;][\/vc_column_inner][vc_column_inner width=&#8221;1\/3&#8243; css=&#8221;.vc_custom_1702304279566{padding-right: 20px !important;padding-left: 20px !important;}&#8221;][mk_fancy_title color=&#8221;#8fbb3b&#8221; size=&#8221;24&#8243; font_family=&#8221;none&#8221;]\n<p style=\"text-align: center;\"><strong>A terapia \u00e9 adequada para voc\u00ea?<\/strong><\/p>\n[\/mk_fancy_title][vc_column_text css=&#8221;.vc_custom_1768567590225{margin-bottom: 0px !important;}&#8221;]\n<p style=\"text-align: justify; font-weight: 400;\">A vida pode nos tirar do caminho. Talvez voc\u00ea esteja aqui porque: <\/p>\n<ul>\n<li>Voc\u00ea passou por uma perda, um trauma ou uma mudan\u00e7a importante na vida<\/li>\n<li>Voc\u00ea se sente ansioso, desconectado ou deprimido com mais frequ\u00eancia do que o normal<\/li>\n<li>Voc\u00ea est\u00e1 preso a um trabalho, relacionamento ou expectativas que n\u00e3o se encaixam mais<\/li>\n<li>Algo parece errado, mesmo que voc\u00ea n\u00e3o consiga explicar o que \u00e9<\/li>\n<\/ul>\n<p style=\"text-align: justify; font-weight: 400;\">Juntos, exploraremos seu mundo interior com a <strong>An\u00e1lise Contextual<\/strong>: uma maneira compassiva e cient\u00edfica de entender como nossos pensamentos, emo\u00e7\u00f5es e comportamentos s\u00e3o moldados por nossa hist\u00f3ria de vida, cultura e gen\u00e9tica. Aprenderemos novas maneiras de ser e operar em um mundo que, de longe, n\u00e3o \u00e9 perfeitamente bom, mas pode ser o palco para uma vida saud\u00e1vel, significativa e rica. <\/p>\n<p><em>A terapia \u00e9 um ato poderoso de respeito pr\u00f3prio.<\/em>[\/vc_column_text][\/vc_column_inner][vc_column_inner width=&#8221;1\/3&#8243; css=&#8221;.vc_custom_1702304238707{padding-right: 20px !important;padding-left: 20px !important;}&#8221;][mk_fancy_title color=&#8221;#8fbb3b&#8221; size=&#8221;24&#8243; font_family=&#8221;none&#8221;]\n<p style=\"text-align: center;\"><strong>O que voc\u00ea deve esperar<\/strong><\/p>\n[\/mk_fancy_title][vc_column_text css=&#8221;.vc_custom_1768567603577{margin-bottom: 0px !important;}&#8221;]\n<ol style=\"text-align: justify;\">\n<li><strong>Primeira sess\u00e3o gratuita<\/strong> &#8211; Uma chance sem press\u00e3o para voc\u00ea se conhecer, on-line ou pessoalmente<\/li>\n<li><strong>Plano de terapia pessoal<\/strong> &#8211; Adaptado \u00e0s suas metas, prefer\u00eancias e ritmo<\/li>\n<li><strong>Suporte consistente<\/strong> &#8211; Sess\u00f5es semanais em Amsterd\u00e3 ou on-line, em ingl\u00eas<\/li>\n<\/ol>\n<p style=\"text-align: justify; font-weight: 400;\">Um lugar para voc\u00ea ser visto, ouvido e compreendido. Para voc\u00ea ser humano, com toda a sua beleza e desafios. Mas tamb\u00e9m para dar sentido ao que est\u00e1 momentaneamente um pouco confuso. Para fazer as pazes com o que faz parte da hist\u00f3ria. Para abra\u00e7\u00e1-lo e traz\u00ea-lo para um futuro que seja uma express\u00e3o do que \u00e9 valioso para voc\u00ea, em vez de um ensaio de traumas passados.    <\/p>\n[\/vc_column_text][mk_padding_divider size=&#8221;60&#8243;][\/vc_column_inner][\/vc_row_inner][mk_button corner_style=&#8221;rounded&#8221; size=&#8221;medium&#8221; letter_spacing=&#8221;0&#8243; url=&#8221;\/contact&#8221; align=&#8221;center&#8221; button_custom_width=&#8221;0&#8243; margin_top=&#8221;0&#8243; margin_bottom=&#8221;-30&#8243; margin_right=&#8221;15&#8243; bg_color=&#8221;#8fbb3b&#8221;]Agende sua consulta gratuita agora[\/mk_button][\/vc_column][\/vc_row][vc_row][vc_column css=&#8221;.vc_custom_1768568562432{margin-top: -10px !important;}&#8221;][mk_fancy_title tag_name=&#8221;h3&#8243; font_family=&#8221;none&#8221;]\n<h3 style=\"text-align: left;\">Op\u00e7\u00f5es de terapia<\/h3>\n<p><strong>Em ingl\u00eas ou portugu\u00eas &#8211; online ou em Amsterd\u00e3<\/strong>[\/mk_fancy_title][vc_row_inner][vc_column_inner width=&#8221;1\/4&#8243;][vc_single_image image=&#8221;7630&#8243; img_size=&#8221;&#8221;][vc_column_text css=&#8221;.vc_custom_1768567620508{margin-bottom: 0px !important;}&#8221;]\n<h3>Terapia de trauma<\/h3>\n<p style=\"text-align: justify; font-weight: 400;\">Uma abordagem compassiva e baseada na ci\u00eancia para processar traumas. Analisamos o que aconteceu e como ele ainda vive em seu corpo, mente e relacionamentos. <\/p>\n[\/vc_column_text][mk_button corner_style=&#8221;rounded&#8221; size=&#8221;medium&#8221; url=&#8221;\/therapy\/trauma-therapy\/&#8221; bg_color=&#8221;#8fbb3b&#8221;]Leia mais[\/mk_button][\/vc_column_inner][vc_column_inner width=&#8221;1\/4&#8243;][vc_single_image image=&#8221;7323&#8243; img_size=&#8221;&#8221;][vc_column_text css=&#8221;.vc_custom_1768567640520{margin-bottom: 0px !important;}&#8221;]\n<h3>Terapia de ansiedade<\/h3>\n<p style=\"text-align: justify; font-weight: 400;\">Vamos chegar \u00e0 raiz do que est\u00e1 deixando voc\u00ea nervoso, seja choque cultural, estresse no trabalho, isolamento, problemas de relacionamento ou algo mais profundo em sua hist\u00f3ria.<\/p>\n[\/vc_column_text][mk_button corner_style=&#8221;rounded&#8221; size=&#8221;medium&#8221; url=&#8221;\/therapy\/anxiety-therapy\/&#8221; bg_color=&#8221;#8fbb3b&#8221;]Leia mais[\/mk_button][\/vc_column_inner][vc_column_inner width=&#8221;1\/4&#8243;][vc_single_image image=&#8221;7480&#8243; img_size=&#8221;&#8221;][vc_column_text css=&#8221;.vc_custom_1768567650420{margin-bottom: 0px !important;}&#8221;]\n<h3>Terapia comportamental<\/h3>\n<p style=\"text-align: justify; font-weight: 400;\">Desenvolva as habilidades necess\u00e1rias para entender o comportamento, os pensamentos e as emo\u00e7\u00f5es que voc\u00ea e os outros t\u00eam. Conhecimento \u00e9 poder! Tamb\u00e9m quando se trata de emo\u00e7\u00f5es e de como viver a vida de forma saud\u00e1vel e rica.  <\/p>\n[\/vc_column_text][mk_button corner_style=&#8221;rounded&#8221; size=&#8221;medium&#8221; url=&#8221;\/therapy\/behavioral-therapy\/&#8221; bg_color=&#8221;#8fbb3b&#8221;]Leia mais[\/mk_button][\/vc_column_inner][vc_column_inner width=&#8221;1\/4&#8243;][vc_single_image image=&#8221;7631&#8243; img_size=&#8221;&#8221;][vc_column_text css=&#8221;.vc_custom_1768567661106{margin-bottom: 0px !important;}&#8221;]\n<h3>Terapia de burnout<\/h3>\n<p style=\"text-align: justify; font-weight: 400;\">Voc\u00ea sente que n\u00e3o tem mais nada para dar? Um profissional esgotado j\u00e1 foi um profissional comprometido e cheio de energia. Voc\u00ea precisa de muito para chegar a esse ponto. Seja, por exemplo, um ambiente de trabalho insalubre, um equil\u00edbrio fr\u00e1gil entre vida pessoal e profissional ou tantas outras poss\u00edveis influ\u00eancias contextuais. Essa dor \u00e9 o resultado de um longo caminho e, com certeza, voc\u00ea deu o seu melhor o tempo todo. Vamos parar um pouco, inspirar e expirar&#8230; E reconstruir a carreira, os relacionamentos, as paix\u00f5es e a empolga\u00e7\u00e3o de forma est\u00e1vel e sustent\u00e1vel.      <\/p>\n[\/vc_column_text][mk_button corner_style=&#8221;rounded&#8221; size=&#8221;medium&#8221; url=&#8221;\/therapy\/burnout-coaching\/&#8221; bg_color=&#8221;#8fbb3b&#8221;]Leia mais[\/mk_button][\/vc_column_inner][\/vc_row_inner][mk_padding_divider size=&#8221;20&#8243;][mk_padding_divider size=&#8221;20&#8243;][mk_padding_divider size=&#8221;20&#8243;][\/vc_column][\/vc_row][vc_row fullwidth=&#8221;true&#8221; fullwidth_content=&#8221;false&#8221; css=&#8221;.vc_custom_1766747327408{padding-top: 50px !important;padding-bottom: 50px !important;background-color: #AAD29A !important;}&#8221;][vc_column width=&#8221;1\/3&#8243;][vc_single_image image=&#8221;6837&#8243; img_size=&#8221;full&#8221;][\/vc_column][vc_column width=&#8221;2\/3&#8243;][mk_padding_divider size=&#8221;50&#8243;][vc_column_text css=&#8221;.vc_custom_1768567679207{margin-bottom: 0px !important;}&#8221;]\n<h2>Compromisso com voc\u00ea<\/h2>\n<p style=\"text-align: justify; font-weight: 400;\"><span data-contrast=\"auto\">Como terapeuta profissional, tenho o compromisso de oferecer um ambiente seguro, confidencial e culturalmente sens\u00edvel. N\u00e3o apenas tenho experi\u00eancia no tratamento da ansiedade, mas tamb\u00e9m compreendo profundamente as complexidades da vida. Na Oak Tree Therapy, ofere\u00e7o hor\u00e1rios flex\u00edveis, incluindo op\u00e7\u00f5es de terapia on-line, para se adequar ao seu estilo de vida.<\/span><span data-ccp-props=\"{}\">  Juntos, procuramos uma forma adequada de terapia, seja <a href=\"https:\/\/oaktreetherapy.com\/pt-br\/terapia\/terapia-de-ansiedade-sob-medida-em-amsterda\/\">terapia de ansiedade<\/a> ou outros servi\u00e7os que ofere\u00e7o, como <a href=\"https:\/\/oaktreetherapy.com\/pt-br\/terapia\/terapia-comportamental\/\">terapia comportamental<\/a>, <a href=\"https:\/\/oaktreetherapy.com\/pt-br\/terapia\/coaching-para-burnout\/\">coaching de burn-out<\/a> ou <a href=\"https:\/\/oaktreetherapy.com\/pt-br\/terapia\/terapia-de-trauma-em-amsterda-cura-e-capacitacao\/\">terapia de trauma<\/a>.<br \/>\n<\/span><\/p>\n[\/vc_column_text][mk_padding_divider size=&#8221;50&#8243;][vc_column_text css=&#8221;.vc_custom_1768567939104{margin-bottom: 0px !important;}&#8221;]\n<h2>Dando o primeiro passo para a terapia<\/h2>\n<p style=\"text-align: justify; font-weight: 400;\"><span data-contrast=\"auto\">Reconhecer a necessidade de ajuda \u00e9 um primeiro passo importante. Convido voc\u00ea a entrar em contato comigo para discutir como posso ajud\u00e1-lo a gerenciar e superar seus problemas. Juntos, podemos trabalhar para ter uma vida mais tranquila e gratificante em sua nova casa em Amsterd\u00e3 e arredores.<\/span><span data-ccp-props=\"{}\">  Informe-me se voc\u00ea prefere <a href=\"https:\/\/oaktreetherapy.com\/pt-br\/terapia-online\/\">a terapia on-line<\/a>.<\/span><\/p>\n<p style=\"text-align: justify; font-weight: 400;\"><span class=\"contact\" data-contrast=\"auto\">Entre em contato comigo hoje mesmo pelo telefone +31 (0) 6 48 26 50 32 ou <a href=\"mailto:p.carvalho@oaktreetherapy.com\"><br \/>\n  <span data-contrast=\"none\">p.carvalho@oaktree-counseling.com<\/span><br \/>\n<\/a><span class=\"contact\" data-contrast=\"auto\">  ou preencha o formul\u00e1rio de <a href=\"https:\/\/oaktreetherapy.com\/pt-br\/contato\/\">contato<\/a>. Permita-me ser seu parceiro para navegar e vencer os desafios da ansiedade.<\/span><\/span><\/p>\n[\/vc_column_text][mk_button corner_style=&#8221;full_rounded&#8221; size=&#8221;medium&#8221; icon=&#8221;mk-moon-mail-send&#8221; url=&#8221;https:\/\/oaktreetherapy.com\/contact\/&#8221; align=&#8221;right&#8221; bg_color=&#8221;#ffffff&#8221; text_color=&#8221;dark&#8221;]Entre em contato comigo[\/mk_button][\/vc_column][\/vc_row][vc_row css=&#8221;.vc_custom_1768567060809{margin-top: 60px !important;margin-bottom: 60px !important;}&#8221;][vc_column width=&#8221;1\/3&#8243;][mk_fancy_title color=&#8221;#8fbb3b&#8221; size=&#8221;24&#8243; font_family=&#8221;none&#8221;]\n<p style=\"text-align: center;\"><strong>Por que a Oak Tree Therapy?<\/strong><\/p>\n[\/mk_fancy_title][vc_column_text css=&#8221;.vc_custom_1768567160412{margin-bottom: 0px !important;}&#8221;]\n<ul>\n<li>Aten\u00e7\u00e3o individual &#8211; A terapia \u00e9 sempre feita sob medida para <em>voc\u00ea.<\/em><\/li>\n<li>Compreens\u00e3o multicultural &#8211; Especializada em expatriados e experi\u00eancias interculturais.<\/li>\n<li>Baseado em a\u00e7\u00e3o &#8211; Exploramos profundamente, mas tamb\u00e9m avan\u00e7amos.<\/li>\n<\/ul>\n[\/vc_column_text][\/vc_column][vc_column width=&#8221;1\/3&#8243;][mk_fancy_title color=&#8221;#8fbb3b&#8221; size=&#8221;24&#8243; font_family=&#8221;none&#8221;]\n<p style=\"text-align: center;\"><strong>&#8220;E se eu esperar um pouco?&#8221;<\/strong><\/p>\n[\/mk_fancy_title][vc_column_text css=&#8221;.vc_custom_1768567977352{margin-bottom: 0px !important;}&#8221;]\n<p style=\"text-align: justify; font-weight: 400;\">A maioria das pessoas procura ajuda quando as coisas parecem insuport\u00e1veis. Quando o relacionamento parece n\u00e3o ter mais conserto. Quando a ansiedade \u00e9 esmagadora e aquela grande oportunidade acaba de ser perdida. Com certeza, nunca \u00e9 tarde demais para iniciar a terapia. Mas a vida n\u00e3o espera. A sua \u00e9 preciosa demais para que voc\u00ea apenas sobreviva.     <\/p>\n<p style=\"text-align: center;\"><strong>Voc\u00ea pode ser mais; a vida pode ser melhor!<\/strong><\/p>\n<p style=\"text-align: center;\">[mk_button corner_style=&#8221;rounded&#8221; size=&#8221;medium&#8221; letter_spacing=&#8221;0&#8243; url=&#8221;\/contact&#8221; align=&#8221;center&#8221; button_custom_width=&#8221;0&#8243; margin_top=&#8221;0&#8243; margin_bottom=&#8221;15&#8243; margin_right=&#8221;15&#8243; bg_color=&#8221;#8fbb3b&#8221;]Agende sua consulta gratuita agora[\/mk_button]\n[\/vc_column_text][\/vc_column][vc_column width=&#8221;1\/3&#8243;][mk_fancy_title color=&#8221;#8fbb3b&#8221; size=&#8221;24&#8243; font_family=&#8221;none&#8221;]\n<p style=\"text-align: center;\"><strong>Voc\u00ea est\u00e1 pronto para dar o primeiro passo?<\/strong><\/p>\n[\/mk_fancy_title][vc_column_text css=&#8221;.vc_custom_1768567991986{margin-bottom: 0px !important;}&#8221;]\n<p style=\"text-align: justify; font-weight: 400;\">Agende uma sess\u00e3o gratuita. Sem press\u00e3o, apenas um espa\u00e7o para explorar se isso parece certo para voc\u00ea. <\/p>\n[\/vc_column_text][\/vc_column][\/vc_row][vc_row fullwidth=&#8221;true&#8221;][vc_column css=&#8221;.vc_custom_1604176216420{padding-top: 10px !important;padding-bottom: 10px !important;background-color: #aad29a !important;}&#8221;][vc_row_inner][\/vc_row_inner][vc_row_inner][\/vc_row_inner][\/vc_column][vc_column][\/vc_column][\/vc_row]\n<\/div>","protected":false},"excerpt":{"rendered":"<p>[vc_row fullwidth=&#8221;true&#8221; attached=&#8221;true&#8221; padding=&#8221;0&#8243;][vc_column][mk_page_title_box page_title=&#8221;Terapia em Amsterd\u00e3&#8221; page_subtitle=&#8221;ou on-line&#8221; section_height=&#8221;248&#8243; bg_image=&#8221;https:\/\/oaktreetherapy.com\/wp-content\/uploads\/2020\/11\/pexels-flo-maderebner-755385-scaled.jpg&#8221; bg_position=&#8221;center center&#8221; bg_stretch=&#8221;true&#8221; overlay=&#8221;rgba(80,90,95,0.8)&#8221; bg_effects=&#8221;parallax&#8221; font_size=&#8221;24&#8243; title_letter_spacing=&#8221;1&#8243; font_color=&#8221;#aad29a&#8221; font_weight=&#8221;600&#8243; underline=&#8221;false&#8221; padding=&#8221;10&#8243; sub_font_size=&#8221;20&#8243; sub_font_color=&#8221;#ffffff&#8221;][\/vc_column][\/vc_row][vc_row][vc_column css=&#8221;.vc_custom_1604177276608{padding-top: 95px !important;padding-bottom: 120px !important;}&#8221;][vc_row_inner css=&#8221;.vc_custom_1702304222626{padding-right: 20px !important;padding-left: 20px !important;}&#8221;][vc_column_inner width=&#8221;1\/3&#8243; css=&#8221;.vc_custom_1702304273991{padding-right: 20px !important;padding-left: 20px !important;}&#8221;][mk_fancy_title color=&#8221;#8fbb3b&#8221; size=&#8221;24&#8243; font_family=&#8221;none&#8221;] O que a terapia d\u00e1 a voc\u00ea [\/mk_fancy_title][vc_column_text css=&#8221;.vc_custom_1768567482568{margin-bottom: 0px !important;}&#8221;] A [&hellip;]<\/p>\n","protected":false},"author":4,"featured_media":0,"parent":0,"menu_order":0,"comment_status":"closed","ping_status":"closed","template":"","meta":{"footnotes":""},"class_list":["post-7554","page","type-page","status-publish","hentry"],"yoast_head":"<!-- This site is optimized with the Yoast SEO plugin v27.3 - https:\/\/yoast.com\/product\/yoast-seo-wordpress\/ -->\n<title>Terapia em Amsterd\u00e3 na OakTree Therapy<\/title>\n<meta name=\"description\" content=\"Descubra a terapia especializada em Amsterd\u00e3 na OakTree Therapy on-line ou pessoalmente perto do Vondelpark. Experimente uma abordagem pessoal para um melhor voc\u00ea\" \/>\n<meta name=\"robots\" content=\"index, follow, max-snippet:-1, max-image-preview:large, max-video-preview:-1\" \/>\n<link rel=\"canonical\" href=\"https:\/\/oaktreetherapy.com\/pt-br\/terapia\/\" \/>\n<meta property=\"og:locale\" content=\"pt_BR\" \/>\n<meta property=\"og:type\" content=\"article\" \/>\n<meta property=\"og:title\" content=\"Terapia em Amsterd\u00e3 na OakTree Therapy\" \/>\n<meta property=\"og:description\" content=\"Descubra a terapia especializada em Amsterd\u00e3 na OakTree Therapy on-line ou pessoalmente perto do Vondelpark. Experimente uma abordagem pessoal para um melhor voc\u00ea\" \/>\n<meta property=\"og:url\" content=\"https:\/\/oaktreetherapy.com\/pt-br\/terapia\/\" \/>\n<meta property=\"og:site_name\" content=\"OakTree Therapy\" \/>\n<meta property=\"article:publisher\" content=\"https:\/\/www.facebook.com\/profile.php?id=100076049341661\" \/>\n<meta property=\"article:modified_time\" content=\"2026-01-16T13:08:06+00:00\" \/>\n<meta name=\"twitter:card\" content=\"summary_large_image\" \/>\n<meta name=\"twitter:label1\" content=\"Est. tempo de leitura\" \/>\n\t<meta name=\"twitter:data1\" content=\"8 minutos\" \/>\n<script type=\"application\/ld+json\" class=\"yoast-schema-graph\">{\"@context\":\"https:\\\/\\\/schema.org\",\"@graph\":[{\"@type\":\"WebPage\",\"@id\":\"https:\\\/\\\/oaktreetherapy.com\\\/pt-br\\\/terapia\\\/\",\"url\":\"https:\\\/\\\/oaktreetherapy.com\\\/pt-br\\\/terapia\\\/\",\"name\":\"Terapia em Amsterd\u00e3 na OakTree Therapy\",\"isPartOf\":{\"@id\":\"https:\\\/\\\/oaktreetherapy.com\\\/pt-br\\\/#website\"},\"datePublished\":\"2020-10-31T17:53:53+00:00\",\"dateModified\":\"2026-01-16T13:08:06+00:00\",\"description\":\"Descubra a terapia especializada em Amsterd\u00e3 na OakTree Therapy on-line ou pessoalmente perto do Vondelpark. Experimente uma abordagem pessoal para um melhor voc\u00ea\",\"breadcrumb\":{\"@id\":\"https:\\\/\\\/oaktreetherapy.com\\\/pt-br\\\/terapia\\\/#breadcrumb\"},\"inLanguage\":\"pt-BR\",\"potentialAction\":[{\"@type\":\"ReadAction\",\"target\":[\"https:\\\/\\\/oaktreetherapy.com\\\/pt-br\\\/terapia\\\/\"]}]},{\"@type\":\"BreadcrumbList\",\"@id\":\"https:\\\/\\\/oaktreetherapy.com\\\/pt-br\\\/terapia\\\/#breadcrumb\",\"itemListElement\":[{\"@type\":\"ListItem\",\"position\":1,\"name\":\"Home\",\"item\":\"https:\\\/\\\/oaktreetherapy.com\\\/pt-br\\\/inicio\\\/\"},{\"@type\":\"ListItem\",\"position\":2,\"name\":\"Terapia em Amsterd\u00e3\"}]},{\"@type\":\"WebSite\",\"@id\":\"https:\\\/\\\/oaktreetherapy.com\\\/pt-br\\\/#website\",\"url\":\"https:\\\/\\\/oaktreetherapy.com\\\/pt-br\\\/\",\"name\":\"OakTree Therapy\",\"description\":\"Empowerment through therapy\",\"publisher\":{\"@id\":\"https:\\\/\\\/oaktreetherapy.com\\\/pt-br\\\/#organization\"},\"potentialAction\":[{\"@type\":\"SearchAction\",\"target\":{\"@type\":\"EntryPoint\",\"urlTemplate\":\"https:\\\/\\\/oaktreetherapy.com\\\/pt-br\\\/?s={search_term_string}\"},\"query-input\":{\"@type\":\"PropertyValueSpecification\",\"valueRequired\":true,\"valueName\":\"search_term_string\"}}],\"inLanguage\":\"pt-BR\"},{\"@type\":\"Organization\",\"@id\":\"https:\\\/\\\/oaktreetherapy.com\\\/pt-br\\\/#organization\",\"name\":\"OakTree Therapy\",\"url\":\"https:\\\/\\\/oaktreetherapy.com\\\/pt-br\\\/\",\"logo\":{\"@type\":\"ImageObject\",\"inLanguage\":\"pt-BR\",\"@id\":\"https:\\\/\\\/oaktreetherapy.com\\\/pt-br\\\/#\\\/schema\\\/logo\\\/image\\\/\",\"url\":\"https:\\\/\\\/oaktreetherapy.com\\\/wp-content\\\/uploads\\\/2020\\\/10\\\/cropped-logotipo_oak_tree_prancheta-1-2-1.png\",\"contentUrl\":\"https:\\\/\\\/oaktreetherapy.com\\\/wp-content\\\/uploads\\\/2020\\\/10\\\/cropped-logotipo_oak_tree_prancheta-1-2-1.png\",\"width\":512,\"height\":512,\"caption\":\"OakTree Therapy\"},\"image\":{\"@id\":\"https:\\\/\\\/oaktreetherapy.com\\\/pt-br\\\/#\\\/schema\\\/logo\\\/image\\\/\"},\"sameAs\":[\"https:\\\/\\\/www.facebook.com\\\/profile.php?id=100076049341661\",\"https:\\\/\\\/www.instagram.com\\\/oaktree_counseling\\\/\"]}]}<\/script>\n<!-- \/ Yoast SEO plugin. -->","yoast_head_json":{"title":"Terapia em Amsterd\u00e3 na OakTree Therapy","description":"Descubra a terapia especializada em Amsterd\u00e3 na OakTree Therapy on-line ou pessoalmente perto do Vondelpark. Experimente uma abordagem pessoal para um melhor voc\u00ea","robots":{"index":"index","follow":"follow","max-snippet":"max-snippet:-1","max-image-preview":"max-image-preview:large","max-video-preview":"max-video-preview:-1"},"canonical":"https:\/\/oaktreetherapy.com\/pt-br\/terapia\/","og_locale":"pt_BR","og_type":"article","og_title":"Terapia em Amsterd\u00e3 na OakTree Therapy","og_description":"Descubra a terapia especializada em Amsterd\u00e3 na OakTree Therapy on-line ou pessoalmente perto do Vondelpark. Experimente uma abordagem pessoal para um melhor voc\u00ea","og_url":"https:\/\/oaktreetherapy.com\/pt-br\/terapia\/","og_site_name":"OakTree Therapy","article_publisher":"https:\/\/www.facebook.com\/profile.php?id=100076049341661","article_modified_time":"2026-01-16T13:08:06+00:00","twitter_card":"summary_large_image","twitter_misc":{"Est. tempo de leitura":"8 minutos"},"schema":{"@context":"https:\/\/schema.org","@graph":[{"@type":"WebPage","@id":"https:\/\/oaktreetherapy.com\/pt-br\/terapia\/","url":"https:\/\/oaktreetherapy.com\/pt-br\/terapia\/","name":"Terapia em Amsterd\u00e3 na OakTree Therapy","isPartOf":{"@id":"https:\/\/oaktreetherapy.com\/pt-br\/#website"},"datePublished":"2020-10-31T17:53:53+00:00","dateModified":"2026-01-16T13:08:06+00:00","description":"Descubra a terapia especializada em Amsterd\u00e3 na OakTree Therapy on-line ou pessoalmente perto do Vondelpark. Experimente uma abordagem pessoal para um melhor voc\u00ea","breadcrumb":{"@id":"https:\/\/oaktreetherapy.com\/pt-br\/terapia\/#breadcrumb"},"inLanguage":"pt-BR","potentialAction":[{"@type":"ReadAction","target":["https:\/\/oaktreetherapy.com\/pt-br\/terapia\/"]}]},{"@type":"BreadcrumbList","@id":"https:\/\/oaktreetherapy.com\/pt-br\/terapia\/#breadcrumb","itemListElement":[{"@type":"ListItem","position":1,"name":"Home","item":"https:\/\/oaktreetherapy.com\/pt-br\/inicio\/"},{"@type":"ListItem","position":2,"name":"Terapia em Amsterd\u00e3"}]},{"@type":"WebSite","@id":"https:\/\/oaktreetherapy.com\/pt-br\/#website","url":"https:\/\/oaktreetherapy.com\/pt-br\/","name":"OakTree Therapy","description":"Empowerment through therapy","publisher":{"@id":"https:\/\/oaktreetherapy.com\/pt-br\/#organization"},"potentialAction":[{"@type":"SearchAction","target":{"@type":"EntryPoint","urlTemplate":"https:\/\/oaktreetherapy.com\/pt-br\/?s={search_term_string}"},"query-input":{"@type":"PropertyValueSpecification","valueRequired":true,"valueName":"search_term_string"}}],"inLanguage":"pt-BR"},{"@type":"Organization","@id":"https:\/\/oaktreetherapy.com\/pt-br\/#organization","name":"OakTree Therapy","url":"https:\/\/oaktreetherapy.com\/pt-br\/","logo":{"@type":"ImageObject","inLanguage":"pt-BR","@id":"https:\/\/oaktreetherapy.com\/pt-br\/#\/schema\/logo\/image\/","url":"https:\/\/oaktreetherapy.com\/wp-content\/uploads\/2020\/10\/cropped-logotipo_oak_tree_prancheta-1-2-1.png","contentUrl":"https:\/\/oaktreetherapy.com\/wp-content\/uploads\/2020\/10\/cropped-logotipo_oak_tree_prancheta-1-2-1.png","width":512,"height":512,"caption":"OakTree Therapy"},"image":{"@id":"https:\/\/oaktreetherapy.com\/pt-br\/#\/schema\/logo\/image\/"},"sameAs":["https:\/\/www.facebook.com\/profile.php?id=100076049341661","https:\/\/www.instagram.com\/oaktree_counseling\/"]}]}},"_links":{"self":[{"href":"https:\/\/oaktreetherapy.com\/pt-br\/wp-json\/wp\/v2\/pages\/7554","targetHints":{"allow":["GET"]}}],"collection":[{"href":"https:\/\/oaktreetherapy.com\/pt-br\/wp-json\/wp\/v2\/pages"}],"about":[{"href":"https:\/\/oaktreetherapy.com\/pt-br\/wp-json\/wp\/v2\/types\/page"}],"author":[{"embeddable":true,"href":"https:\/\/oaktreetherapy.com\/pt-br\/wp-json\/wp\/v2\/users\/4"}],"replies":[{"embeddable":true,"href":"https:\/\/oaktreetherapy.com\/pt-br\/wp-json\/wp\/v2\/comments?post=7554"}],"version-history":[{"count":59,"href":"https:\/\/oaktreetherapy.com\/pt-br\/wp-json\/wp\/v2\/pages\/7554\/revisions"}],"predecessor-version":[{"id":7860,"href":"https:\/\/oaktreetherapy.com\/pt-br\/wp-json\/wp\/v2\/pages\/7554\/revisions\/7860"}],"wp:attachment":[{"href":"https:\/\/oaktreetherapy.com\/pt-br\/wp-json\/wp\/v2\/media?parent=7554"}],"curies":[{"name":"wp","href":"https:\/\/api.w.org\/{rel}","templated":true}]}}