{"id":7592,"date":"2022-12-22T00:11:07","date_gmt":"2022-12-21T23:11:07","guid":{"rendered":"https:\/\/oaktreetherapy.com\/seu-terapeuta\/"},"modified":"2026-01-16T14:10:49","modified_gmt":"2026-01-16T13:10:49","slug":"seu-terapeuta","status":"publish","type":"page","link":"https:\/\/oaktreetherapy.com\/pt-br\/seu-terapeuta\/","title":{"rendered":"Seu terapeuta"},"content":{"rendered":"<div class=\"wpb-content-wrapper\">[vc_row fullwidth=&#8221;true&#8221; css=&#8221;.vc_custom_1679158615774{background-color: #aad29a !important;}&#8221;][vc_column][mk_page_title_box page_title=&#8221;Patr\u00edcia Carvalho&#8221; section_height=&#8221;248&#8243; bg_image=&#8221;https:\/\/oaktreetherapy.com\/wp-content\/uploads\/2020\/11\/pexels-nicole-avagliano-2749481-scaled.jpg&#8221; bg_position=&#8221;center center&#8221; bg_stretch=&#8221;true&#8221; overlay=&#8221;rgba(80,90,95,0.8)&#8221; bg_effects=&#8221;parallax&#8221; font_size=&#8221;24&#8243; title_letter_spacing=&#8221;1&#8243; font_color=&#8221;#aad29a&#8221; font_weight=&#8221;600&#8243; underline=&#8221;false&#8221; padding=&#8221;10&#8243; sub_font_size=&#8221;10&#8243;][\/vc_column][\/vc_row][vc_row][vc_column][mk_padding_divider][mk_padding_divider][vc_row_inner][vc_column_inner width=&#8221;1\/2&#8243;][vc_empty_space height=&#8221;40px&#8221;][vc_single_image image=&#8221;6855&#8243; img_size=&#8221;large&#8221; alignment=&#8221;center&#8221; style=&#8221;vc_box_circle&#8221; css_animation=&#8221;fadeIn&#8221;][\/vc_column_inner][vc_column_inner width=&#8221;1\/2&#8243;][vc_empty_space height=&#8221;65px&#8221;][vc_column_text css=&#8221;.vc_custom_1705178388671{margin-bottom: 0px !important;}&#8221;]\n<h3>Um pouco de hist\u00f3ria sobre mim<\/h3>\n<p style=\"text-align: justify;\">Sou natural do Brasil, onde conclu\u00ed meu curso de psicologia em 2012. Depois disso, fui expatriado por um bom tempo. Minha experi\u00eancia como expatriado come\u00e7ou na Irlanda, onde morei por mais de tr\u00eas anos. Em 2020, a Holanda se tornou meu lar. Morar no exterior me deu a oportunidade de conhecer outras culturas, inspirando ainda mais minha paix\u00e3o por entender a mente e suas conex\u00f5es com o pensamento, a emo\u00e7\u00e3o e o comportamento. Essa perspectiva me deu uma vis\u00e3o de algumas das dificuldades que a vida longe de nossas ra\u00edzes e cultura original pode trazer. Talvez por esse motivo, muitos de meus clientes sejam expatriados.<\/p>\n<p style=\"text-align: justify;\"> <img decoding=\"async\" class=\"alignnone wp-image-6870 \" src=\"https:\/\/oaktreetherapy.com\/wp-content\/uploads\/2023\/07\/brazil-map-vector-300x298.png\" alt=\"\" width=\"72\" height=\"72\" srcset=\"https:\/\/oaktreetherapy.com\/wp-content\/uploads\/2023\/07\/brazil-map-vector-300x298.png 300w, https:\/\/oaktreetherapy.com\/wp-content\/uploads\/2023\/07\/brazil-map-vector-150x150.png 150w, https:\/\/oaktreetherapy.com\/wp-content\/uploads\/2023\/07\/brazil-map-vector-768x764.png 768w, https:\/\/oaktreetherapy.com\/wp-content\/uploads\/2023\/07\/brazil-map-vector-1024x1024.png 1024w, https:\/\/oaktreetherapy.com\/wp-content\/uploads\/2023\/07\/brazil-map-vector.png 900w\" sizes=\"(max-width: 72px) 100vw, 72px\" \/>  <img decoding=\"async\" class=\"alignnone wp-image-6873\" src=\"https:\/\/oaktreetherapy.com\/wp-content\/uploads\/2023\/07\/screenshot-2023-07-06-at-21.18.51-241x300.png\" alt=\"\" width=\"72\" height=\"89\" srcset=\"https:\/\/oaktreetherapy.com\/wp-content\/uploads\/2023\/07\/screenshot-2023-07-06-at-21.18.51-241x300.png 241w, https:\/\/oaktreetherapy.com\/wp-content\/uploads\/2023\/07\/screenshot-2023-07-06-at-21.18.51.png 556w\" sizes=\"(max-width: 72px) 100vw, 72px\" \/>  <img decoding=\"async\" class=\"alignnone wp-image-6874\" src=\"https:\/\/oaktreetherapy.com\/wp-content\/uploads\/2023\/07\/screenshot-2023-07-06-at-21.21.11-259x300.png\" alt=\"\" width=\"77\" height=\"89\" srcset=\"https:\/\/oaktreetherapy.com\/wp-content\/uploads\/2023\/07\/screenshot-2023-07-06-at-21.21.11-259x300.png 259w, https:\/\/oaktreetherapy.com\/wp-content\/uploads\/2023\/07\/screenshot-2023-07-06-at-21.21.11.png 512w\" sizes=\"(max-width: 77px) 100vw, 77px\" \/><\/p>\n[\/vc_column_text][\/vc_column_inner][\/vc_row_inner][mk_divider style=&#8221;thick_solid&#8221; divider_width=&#8221;one_half&#8221; border_color=&#8221;#8fbb3b&#8221; margin_top=&#8221;25&#8243; margin_bottom=&#8221;25&#8243;][vc_row_inner][vc_column_inner width=&#8221;1\/2&#8243;][vc_column_text css=&#8221;.vc_custom_1689078722357{margin-bottom: 0px !important;}&#8221;]\n<h3>Como me tornei um psic\u00f3logo<\/h3>\n<div>\n<p style=\"text-align: justify;\">Ser psic\u00f3logo tem sido o caminho que escolhi desde que me lembro. Embora isso tenha ocorrido principalmente devido a circunst\u00e2ncias pessoais dif\u00edceis, hoje isso me traz realiza\u00e7\u00e3o e prop\u00f3sito.<span class=\"apple-converted-space\"> <\/span>Desde muito cedo, observar e entender o comportamento das pessoas tem sido fundamental para meu bem-estar. Minha experi\u00eancia pessoal de relacionamento abusivo na juventude me levou a buscar ajuda profissional. A terapia foi um divisor de \u00e1guas em minha vida, ajudando-me a me libertar do abuso, a aprender a processar minhas emo\u00e7\u00f5es e a me dar o cuidado necess\u00e1rio para lidar com os obst\u00e1culos com os quais eu lutava.<\/p>\n<\/div>\n<h3>Por que meu trabalho \u00e9 significativo para mim<\/h3>\n<p style=\"text-align: justify;\">Posso ajudar as pessoas a iniciar um novo cap\u00edtulo em suas vidas. Aplicando a teoria baseada em evid\u00eancias e o conjunto de interven\u00e7\u00f5es da An\u00e1lise do Comportamento, posso capacitar as pessoas com o conhecimento da hist\u00f3ria e da constru\u00e7\u00e3o de suas lutas atuais (uma compreens\u00e3o clara de por que o problema est\u00e1 acontecendo) e pensar em como lidar com ele da maneira mais saud\u00e1vel para levar a vida que meu cliente gostaria de viver.<\/p>\n[\/vc_column_text][\/vc_column_inner][vc_column_inner width=&#8221;1\/2&#8243;][vc_single_image image=&#8221;6697&#8243; img_size=&#8221;full&#8221; alignment=&#8221;center&#8221; style=&#8221;vc_box_circle&#8221; css_animation=&#8221;fadeIn&#8221;][\/vc_column_inner][\/vc_row_inner][mk_divider style=&#8221;thick_solid&#8221; divider_width=&#8221;one_half&#8221; border_color=&#8221;#8fbb3b&#8221; margin_top=&#8221;25&#8243; margin_bottom=&#8221;25&#8243;][vc_row_inner][vc_column_inner width=&#8221;1\/2&#8243;][vc_column_text css=&#8221;.vc_custom_1679843148207{margin-bottom: 0px !important;}&#8221;]\n<h3>Qualifica\u00e7\u00f5es<\/h3>\n<p style=\"text-align: justify;\">Especializa\u00e7\u00e3o em An\u00e1lise Cl\u00ednica do Comportamento pelo Instituto Brasiliense de An\u00e1lise do Comportamento;<\/p>\n<p style=\"text-align: justify;\">Participa\u00e7\u00e3o nos m\u00e9todos de pesquisa em psicologia transcultural realizados pela University of Wisconsin Oshkosh em parceria com a ACBEU Salvador.<\/p>\n<p style=\"text-align: justify;\">Participa\u00e7\u00e3o em cursos como: Manual IACC de Ativa\u00e7\u00e3o do Comportamento (BA-IACC) no tratamento da depress\u00e3o; A ci\u00eancia por tr\u00e1s do comportamento alimentar; Comportamento Verbal; A pr\u00e1tica do Analista do Comportamento informada pela Relational Frame Theory &#8211; RFT; Transtorno obsessivo compulsivo: interven\u00e7\u00f5es da an\u00e1lise do comportamento; Tratamento de relacionamentos abusivos em psicoterapia; entre outros.<\/p>\n<p style=\"text-align: justify;\">Membro da<a href=\"https:\/\/contextualscience.org\/\" target=\"_blank\" rel=\"noopener\"> Association for Contextual Behavioral Science<\/a> &#8211; ACBS.<\/p>\n<p style=\"text-align: justify;\">Localizado bem pr\u00f3ximo a <a href=\"https:\/\/oaktreetherapy.com\/pt-br\/psicologo-em-amsterda\/\">Amsterd\u00e3, onde frequentemente exer\u00e7o meu trabalho como psic\u00f3logo<\/a>.[\/vc_column_text][\/vc_column_inner][vc_column_inner width=&#8221;1\/2&#8243;][vc_single_image image=&#8221;6312&#8243; img_size=&#8221;full&#8221; alignment=&#8221;center&#8221; css_animation=&#8221;fadeIn&#8221;][vc_single_image image=&#8221;6367&#8243; img_size=&#8221;full&#8221; alignment=&#8221;center&#8221; css_animation=&#8221;fadeIn&#8221;][\/vc_column_inner][\/vc_row_inner][\/vc_column][\/vc_row][vc_row fullwidth=&#8221;true&#8221; css=&#8221;.vc_custom_1604176010381{background-color: #aad29a !important;}&#8221;][vc_column css=&#8221;.vc_custom_1604176003919{padding-top: 10px !important;padding-bottom: 10px !important;background-color: #aad29a !important;}&#8221;][\/vc_column][\/vc_row][vc_row][vc_column][vc_column_text]\n[\/vc_column_text][\/vc_column][\/vc_row]\n<\/div>","protected":false},"excerpt":{"rendered":"<p>[vc_row fullwidth=&#8221;true&#8221; css=&#8221;.vc_custom_1679158615774{background-color: #aad29a !important;}&#8221;][vc_column][mk_page_title_box page_title=&#8221;Patr\u00edcia Carvalho&#8221; section_height=&#8221;248&#8243; bg_image=&#8221;https:\/\/oaktreetherapy.com\/wp-content\/uploads\/2020\/11\/pexels-nicole-avagliano-2749481-scaled.jpg&#8221; bg_position=&#8221;center center&#8221; bg_stretch=&#8221;true&#8221; overlay=&#8221;rgba(80,90,95,0.8)&#8221; bg_effects=&#8221;parallax&#8221; font_size=&#8221;24&#8243; title_letter_spacing=&#8221;1&#8243; font_color=&#8221;#aad29a&#8221; font_weight=&#8221;600&#8243; underline=&#8221;false&#8221; padding=&#8221;10&#8243; sub_font_size=&#8221;10&#8243;][\/vc_column][\/vc_row][vc_row][vc_column][mk_padding_divider][mk_padding_divider][vc_row_inner][vc_column_inner width=&#8221;1\/2&#8243;][vc_empty_space height=&#8221;40px&#8221;][vc_single_image image=&#8221;6855&#8243; img_size=&#8221;large&#8221; alignment=&#8221;center&#8221; style=&#8221;vc_box_circle&#8221; css_animation=&#8221;fadeIn&#8221;][\/vc_column_inner][vc_column_inner width=&#8221;1\/2&#8243;][vc_empty_space height=&#8221;65px&#8221;][vc_column_text css=&#8221;.vc_custom_1705178388671{margin-bottom: 0px !important;}&#8221;] Um pouco de hist\u00f3ria sobre mim Sou natural do Brasil, onde conclu\u00ed meu curso de psicologia em 2012. Depois disso, fui expatriado [&hellip;]<\/p>\n","protected":false},"author":2,"featured_media":0,"parent":0,"menu_order":0,"comment_status":"closed","ping_status":"closed","template":"","meta":{"footnotes":""},"class_list":["post-7592","page","type-page","status-publish","hentry"],"yoast_head":"<!-- This site is optimized with the Yoast SEO plugin v27.4 - https:\/\/yoast.com\/product\/yoast-seo-wordpress\/ -->\n<title>Patricia Carvalho \u00e9 sua terapeuta na OakTree Therapy<\/title>\n<meta name=\"description\" content=\"Conhe\u00e7a Patricia Carvalho, sua terapeuta de refer\u00eancia em Amsterd\u00e3 para uma jornada transformadora. Clique para iniciar sua jornada rumo ao bem-estar!\" \/>\n<meta name=\"robots\" content=\"index, follow, max-snippet:-1, max-image-preview:large, max-video-preview:-1\" \/>\n<link rel=\"canonical\" href=\"https:\/\/oaktreetherapy.com\/pt-br\/seu-terapeuta\/\" \/>\n<meta property=\"og:locale\" content=\"pt_BR\" \/>\n<meta property=\"og:type\" content=\"article\" \/>\n<meta property=\"og:title\" content=\"Patricia Carvalho \u00e9 sua terapeuta na OakTree Therapy\" \/>\n<meta property=\"og:description\" content=\"Conhe\u00e7a Patricia Carvalho, sua terapeuta de refer\u00eancia em Amsterd\u00e3 para uma jornada transformadora. Clique para iniciar sua jornada rumo ao bem-estar!\" \/>\n<meta property=\"og:url\" content=\"https:\/\/oaktreetherapy.com\/pt-br\/seu-terapeuta\/\" \/>\n<meta property=\"og:site_name\" content=\"OakTree Therapy\" \/>\n<meta property=\"article:publisher\" content=\"https:\/\/www.facebook.com\/profile.php?id=100076049341661\" \/>\n<meta property=\"article:modified_time\" content=\"2026-01-16T13:10:49+00:00\" \/>\n<meta property=\"og:image\" content=\"https:\/\/oaktreetherapy.com\/wp-content\/uploads\/2023\/07\/brazil-map-vector-300x298.png\" \/>\n<meta name=\"twitter:card\" content=\"summary_large_image\" \/>\n<meta name=\"twitter:label1\" content=\"Est. tempo de leitura\" \/>\n\t<meta name=\"twitter:data1\" content=\"4 minutos\" \/>\n<script type=\"application\/ld+json\" class=\"yoast-schema-graph\">{\"@context\":\"https:\\\/\\\/schema.org\",\"@graph\":[{\"@type\":\"WebPage\",\"@id\":\"https:\\\/\\\/oaktreetherapy.com\\\/pt-br\\\/seu-terapeuta\\\/\",\"url\":\"https:\\\/\\\/oaktreetherapy.com\\\/pt-br\\\/seu-terapeuta\\\/\",\"name\":\"Patricia Carvalho \u00e9 sua terapeuta na OakTree Therapy\",\"isPartOf\":{\"@id\":\"https:\\\/\\\/oaktreetherapy.com\\\/pt-br\\\/#website\"},\"primaryImageOfPage\":{\"@id\":\"https:\\\/\\\/oaktreetherapy.com\\\/pt-br\\\/seu-terapeuta\\\/#primaryimage\"},\"image\":{\"@id\":\"https:\\\/\\\/oaktreetherapy.com\\\/pt-br\\\/seu-terapeuta\\\/#primaryimage\"},\"thumbnailUrl\":\"https:\\\/\\\/oaktreetherapy.com\\\/wp-content\\\/uploads\\\/2023\\\/07\\\/brazil-map-vector-300x298.png\",\"datePublished\":\"2022-12-21T23:11:07+00:00\",\"dateModified\":\"2026-01-16T13:10:49+00:00\",\"description\":\"Conhe\u00e7a Patricia Carvalho, sua terapeuta de refer\u00eancia em Amsterd\u00e3 para uma jornada transformadora. Clique para iniciar sua jornada rumo ao bem-estar!\",\"breadcrumb\":{\"@id\":\"https:\\\/\\\/oaktreetherapy.com\\\/pt-br\\\/seu-terapeuta\\\/#breadcrumb\"},\"inLanguage\":\"pt-BR\",\"potentialAction\":[{\"@type\":\"ReadAction\",\"target\":[\"https:\\\/\\\/oaktreetherapy.com\\\/pt-br\\\/seu-terapeuta\\\/\"]}]},{\"@type\":\"ImageObject\",\"inLanguage\":\"pt-BR\",\"@id\":\"https:\\\/\\\/oaktreetherapy.com\\\/pt-br\\\/seu-terapeuta\\\/#primaryimage\",\"url\":\"https:\\\/\\\/oaktreetherapy.com\\\/wp-content\\\/uploads\\\/2023\\\/07\\\/brazil-map-vector-300x298.png\",\"contentUrl\":\"https:\\\/\\\/oaktreetherapy.com\\\/wp-content\\\/uploads\\\/2023\\\/07\\\/brazil-map-vector-300x298.png\"},{\"@type\":\"BreadcrumbList\",\"@id\":\"https:\\\/\\\/oaktreetherapy.com\\\/pt-br\\\/seu-terapeuta\\\/#breadcrumb\",\"itemListElement\":[{\"@type\":\"ListItem\",\"position\":1,\"name\":\"Home\",\"item\":\"https:\\\/\\\/oaktreetherapy.com\\\/pt-br\\\/inicio\\\/\"},{\"@type\":\"ListItem\",\"position\":2,\"name\":\"Seu terapeuta\"}]},{\"@type\":\"WebSite\",\"@id\":\"https:\\\/\\\/oaktreetherapy.com\\\/pt-br\\\/#website\",\"url\":\"https:\\\/\\\/oaktreetherapy.com\\\/pt-br\\\/\",\"name\":\"OakTree Therapy\",\"description\":\"Empowerment through therapy\",\"publisher\":{\"@id\":\"https:\\\/\\\/oaktreetherapy.com\\\/pt-br\\\/#organization\"},\"potentialAction\":[{\"@type\":\"SearchAction\",\"target\":{\"@type\":\"EntryPoint\",\"urlTemplate\":\"https:\\\/\\\/oaktreetherapy.com\\\/pt-br\\\/?s={search_term_string}\"},\"query-input\":{\"@type\":\"PropertyValueSpecification\",\"valueRequired\":true,\"valueName\":\"search_term_string\"}}],\"inLanguage\":\"pt-BR\"},{\"@type\":\"Organization\",\"@id\":\"https:\\\/\\\/oaktreetherapy.com\\\/pt-br\\\/#organization\",\"name\":\"OakTree Therapy\",\"url\":\"https:\\\/\\\/oaktreetherapy.com\\\/pt-br\\\/\",\"logo\":{\"@type\":\"ImageObject\",\"inLanguage\":\"pt-BR\",\"@id\":\"https:\\\/\\\/oaktreetherapy.com\\\/pt-br\\\/#\\\/schema\\\/logo\\\/image\\\/\",\"url\":\"https:\\\/\\\/oaktreetherapy.com\\\/wp-content\\\/uploads\\\/2020\\\/10\\\/cropped-logotipo_oak_tree_prancheta-1-2-1.png\",\"contentUrl\":\"https:\\\/\\\/oaktreetherapy.com\\\/wp-content\\\/uploads\\\/2020\\\/10\\\/cropped-logotipo_oak_tree_prancheta-1-2-1.png\",\"width\":512,\"height\":512,\"caption\":\"OakTree Therapy\"},\"image\":{\"@id\":\"https:\\\/\\\/oaktreetherapy.com\\\/pt-br\\\/#\\\/schema\\\/logo\\\/image\\\/\"},\"sameAs\":[\"https:\\\/\\\/www.facebook.com\\\/profile.php?id=100076049341661\",\"https:\\\/\\\/www.instagram.com\\\/oaktree_counseling\\\/\"]}]}<\/script>\n<!-- \/ Yoast SEO plugin. -->","yoast_head_json":{"title":"Patricia Carvalho \u00e9 sua terapeuta na OakTree Therapy","description":"Conhe\u00e7a Patricia Carvalho, sua terapeuta de refer\u00eancia em Amsterd\u00e3 para uma jornada transformadora. Clique para iniciar sua jornada rumo ao bem-estar!","robots":{"index":"index","follow":"follow","max-snippet":"max-snippet:-1","max-image-preview":"max-image-preview:large","max-video-preview":"max-video-preview:-1"},"canonical":"https:\/\/oaktreetherapy.com\/pt-br\/seu-terapeuta\/","og_locale":"pt_BR","og_type":"article","og_title":"Patricia Carvalho \u00e9 sua terapeuta na OakTree Therapy","og_description":"Conhe\u00e7a Patricia Carvalho, sua terapeuta de refer\u00eancia em Amsterd\u00e3 para uma jornada transformadora. Clique para iniciar sua jornada rumo ao bem-estar!","og_url":"https:\/\/oaktreetherapy.com\/pt-br\/seu-terapeuta\/","og_site_name":"OakTree Therapy","article_publisher":"https:\/\/www.facebook.com\/profile.php?id=100076049341661","article_modified_time":"2026-01-16T13:10:49+00:00","og_image":[{"url":"https:\/\/oaktreetherapy.com\/wp-content\/uploads\/2023\/07\/brazil-map-vector-300x298.png","type":"","width":"","height":""}],"twitter_card":"summary_large_image","twitter_misc":{"Est. tempo de leitura":"4 minutos"},"schema":{"@context":"https:\/\/schema.org","@graph":[{"@type":"WebPage","@id":"https:\/\/oaktreetherapy.com\/pt-br\/seu-terapeuta\/","url":"https:\/\/oaktreetherapy.com\/pt-br\/seu-terapeuta\/","name":"Patricia Carvalho \u00e9 sua terapeuta na OakTree Therapy","isPartOf":{"@id":"https:\/\/oaktreetherapy.com\/pt-br\/#website"},"primaryImageOfPage":{"@id":"https:\/\/oaktreetherapy.com\/pt-br\/seu-terapeuta\/#primaryimage"},"image":{"@id":"https:\/\/oaktreetherapy.com\/pt-br\/seu-terapeuta\/#primaryimage"},"thumbnailUrl":"https:\/\/oaktreetherapy.com\/wp-content\/uploads\/2023\/07\/brazil-map-vector-300x298.png","datePublished":"2022-12-21T23:11:07+00:00","dateModified":"2026-01-16T13:10:49+00:00","description":"Conhe\u00e7a Patricia Carvalho, sua terapeuta de refer\u00eancia em Amsterd\u00e3 para uma jornada transformadora. Clique para iniciar sua jornada rumo ao bem-estar!","breadcrumb":{"@id":"https:\/\/oaktreetherapy.com\/pt-br\/seu-terapeuta\/#breadcrumb"},"inLanguage":"pt-BR","potentialAction":[{"@type":"ReadAction","target":["https:\/\/oaktreetherapy.com\/pt-br\/seu-terapeuta\/"]}]},{"@type":"ImageObject","inLanguage":"pt-BR","@id":"https:\/\/oaktreetherapy.com\/pt-br\/seu-terapeuta\/#primaryimage","url":"https:\/\/oaktreetherapy.com\/wp-content\/uploads\/2023\/07\/brazil-map-vector-300x298.png","contentUrl":"https:\/\/oaktreetherapy.com\/wp-content\/uploads\/2023\/07\/brazil-map-vector-300x298.png"},{"@type":"BreadcrumbList","@id":"https:\/\/oaktreetherapy.com\/pt-br\/seu-terapeuta\/#breadcrumb","itemListElement":[{"@type":"ListItem","position":1,"name":"Home","item":"https:\/\/oaktreetherapy.com\/pt-br\/inicio\/"},{"@type":"ListItem","position":2,"name":"Seu terapeuta"}]},{"@type":"WebSite","@id":"https:\/\/oaktreetherapy.com\/pt-br\/#website","url":"https:\/\/oaktreetherapy.com\/pt-br\/","name":"OakTree Therapy","description":"Empowerment through therapy","publisher":{"@id":"https:\/\/oaktreetherapy.com\/pt-br\/#organization"},"potentialAction":[{"@type":"SearchAction","target":{"@type":"EntryPoint","urlTemplate":"https:\/\/oaktreetherapy.com\/pt-br\/?s={search_term_string}"},"query-input":{"@type":"PropertyValueSpecification","valueRequired":true,"valueName":"search_term_string"}}],"inLanguage":"pt-BR"},{"@type":"Organization","@id":"https:\/\/oaktreetherapy.com\/pt-br\/#organization","name":"OakTree Therapy","url":"https:\/\/oaktreetherapy.com\/pt-br\/","logo":{"@type":"ImageObject","inLanguage":"pt-BR","@id":"https:\/\/oaktreetherapy.com\/pt-br\/#\/schema\/logo\/image\/","url":"https:\/\/oaktreetherapy.com\/wp-content\/uploads\/2020\/10\/cropped-logotipo_oak_tree_prancheta-1-2-1.png","contentUrl":"https:\/\/oaktreetherapy.com\/wp-content\/uploads\/2020\/10\/cropped-logotipo_oak_tree_prancheta-1-2-1.png","width":512,"height":512,"caption":"OakTree Therapy"},"image":{"@id":"https:\/\/oaktreetherapy.com\/pt-br\/#\/schema\/logo\/image\/"},"sameAs":["https:\/\/www.facebook.com\/profile.php?id=100076049341661","https:\/\/www.instagram.com\/oaktree_counseling\/"]}]}},"_links":{"self":[{"href":"https:\/\/oaktreetherapy.com\/pt-br\/wp-json\/wp\/v2\/pages\/7592","targetHints":{"allow":["GET"]}}],"collection":[{"href":"https:\/\/oaktreetherapy.com\/pt-br\/wp-json\/wp\/v2\/pages"}],"about":[{"href":"https:\/\/oaktreetherapy.com\/pt-br\/wp-json\/wp\/v2\/types\/page"}],"author":[{"embeddable":true,"href":"https:\/\/oaktreetherapy.com\/pt-br\/wp-json\/wp\/v2\/users\/2"}],"replies":[{"embeddable":true,"href":"https:\/\/oaktreetherapy.com\/pt-br\/wp-json\/wp\/v2\/comments?post=7592"}],"version-history":[{"count":9,"href":"https:\/\/oaktreetherapy.com\/pt-br\/wp-json\/wp\/v2\/pages\/7592\/revisions"}],"predecessor-version":[{"id":7866,"href":"https:\/\/oaktreetherapy.com\/pt-br\/wp-json\/wp\/v2\/pages\/7592\/revisions\/7866"}],"wp:attachment":[{"href":"https:\/\/oaktreetherapy.com\/pt-br\/wp-json\/wp\/v2\/media?parent=7592"}],"curies":[{"name":"wp","href":"https:\/\/api.w.org\/{rel}","templated":true}]}}