{"id":7606,"date":"2023-11-29T12:54:48","date_gmt":"2023-11-29T11:54:48","guid":{"rendered":"https:\/\/oaktreetherapy.com\/terapia-em-amsterda-2\/terapia-de-ansiedade-sob-medida-em-amsterda\/"},"modified":"2024-09-13T13:40:53","modified_gmt":"2024-09-13T11:40:53","slug":"terapia-de-ansiedade-sob-medida-em-amsterda","status":"publish","type":"page","link":"https:\/\/oaktreetherapy.com\/pt-br\/terapia\/terapia-de-ansiedade-sob-medida-em-amsterda\/","title":{"rendered":"Terapia para ansiedade"},"content":{"rendered":"<div class=\"wpb-content-wrapper\">[vc_row fullwidth=&#8221;true&#8221; attached=&#8221;true&#8221; css=&#8221;.vc_custom_1702305357389{margin-bottom: 50px !important;}&#8221;][vc_column][mk_page_title_box page_title=&#8221;Terapia personalizada com foco em ansiedade&#8221; page_subtitle=&#8221;Compreendendo e lidando com ansiedade&#8221; section_height=&#8221;141&#8243; bg_image=&#8221;https:\/\/oaktreetherapy.com\/wp-content\/uploads\/2020\/11\/pexels-nicole-avagliano-2749481-scaled.jpg&#8221; bg_position=&#8221;center center&#8221; bg_stretch=&#8221;true&#8221; overlay=&#8221;rgba(80,90,95,0.8)&#8221; bg_effects=&#8221;parallax&#8221; font_size=&#8221;23&#8243; title_letter_spacing=&#8221;1&#8243; font_color=&#8221;#aad29a&#8221; font_weight=&#8221;600&#8243; underline=&#8221;false&#8221; padding=&#8221;0&#8243; sub_font_size=&#8221;20&#8243; sub_font_color=&#8221;#ffffff&#8221;][\/vc_column][\/vc_row][vc_row][vc_column width=&#8221;3\/5&#8243;][vc_column_text css=&#8221;.vc_custom_1726222132158{margin-bottom: 0px !important;}&#8221;]Mudar-se para um novo pai\u0301s pode trazer desafios u\u0301nicos que podem contribuir para a ansiedade, como ajustes culturais, isolamento e o estresse de viver em um ambiente novo. Minha terapia especializada em ansiedade e\u0301 projetada para lidar com esses desafios e muito mais, oferecendo a voce\u0302 o suporte e as ferramentas de que precisa para prosperar em sua jornada.[\/vc_column_text][mk_padding_divider size=&#8221;50&#8243;][vc_column_text css=&#8221;.vc_custom_1726222173317{margin-bottom: 0px !important;}&#8221;]\n<h2>O que e\u0301 terapia para ansiedade?<\/h2>\n<p>A terapia de ansiedade na Oak Tree Therapy e\u0301 um processo personalizado que se concentra em identificar e abordar as rai\u0301zes da sua ansiedade. Durante va\u0301rias sesso\u0303es, exploraremos fatores como choque cultural, estresse relacionado ao trabalho, isolamento social e histo\u0301rico pessoal para entender completamente sua experie\u0302ncia. Minha abordagem inclui te\u0301cnicas cognitivo-comportamentais, pra\u0301ticas de mindfulness e outros me\u0301todos terape\u0302uticos adaptados a\u0300s suas necessidades e circunsta\u0302ncias especi\u0301ficas.[\/vc_column_text][mk_padding_divider size=&#8221;50&#8243;][vc_column_text css=&#8221;.vc_custom_1726222164844{margin-bottom: 0px !important;}&#8221;]\n<h2>Como aterapia pode ajudar a lidar com ansiedade<\/h2>\n<p>Nossas sesso\u0303es de terapia visam a equipa\u0301-lo com estrate\u0301gias eficazes para gerenciar e reduzir os sintomas de ansiedade. Isso inclui aprender mecanismos de enfrentamento para o estresse, te\u0301cnicas de relaxamento e me\u0301todos para desafiar e mudar padro\u0303es de pensamento que na\u0303o sa\u0303o prestativos. Tambe\u0301m trabalhamos na construc\u0327a\u0303o de resilie\u0302ncia e confianc\u0327a, capacitando voce\u0302 a lidar com os desafios da vida com mais facilidade.[\/vc_column_text][\/vc_column][vc_column width=&#8221;2\/5&#8243;][mk_padding_divider size=&#8221;50&#8243;][vc_single_image image=&#8221;7323&#8243; img_size=&#8221;full&#8221; style=&#8221;vc_box_circle_2&#8243;][\/vc_column][\/vc_row][vc_row css=&#8221;.vc_custom_1702305742364{margin-top: 40px !important;margin-bottom: 40px !important;}&#8221;][vc_column][mk_divider style=&#8221;thick_solid&#8221; divider_width=&#8221;one_half&#8221; border_color=&#8221;#8fbb3b&#8221; margin_top=&#8221;25&#8243; margin_bottom=&#8221;25&#8243;][\/vc_column][\/vc_row][vc_row css=&#8221;.vc_custom_1702305640182{margin-bottom: 50px !important;}&#8221;][vc_column width=&#8221;1\/2&#8243;][vc_column_text css=&#8221;.vc_custom_1726222246884{margin-bottom: 0px !important;}&#8221;]\n<h2>Abordando as causas da ansiedade<\/h2>\n<p>Entender as causas da sua ansiedade e\u0301 um passo crucial na sua jornada terape\u0302utica. A ansiedade pode ter origem em va\u0301rias fontes, incluindo:<\/p>\n<ul>\n<li>Ajustes culturais e barreiras lingui\u0301sticas.<\/li>\n<li>Presso\u0303es relacionadas ao trabalho e incertezas na carreira.<\/li>\n<li>Isolamento social e dificuldades em formar novos relacionamentos.<\/li>\n<li>Sentimentos de solida\u0303o.<\/li>\n<\/ul>\n<h2><\/h2>\n[\/vc_column_text][\/vc_column][vc_column width=&#8221;1\/2&#8243;][mk_padding_divider size=&#8221;50&#8243;][vc_column_text css=&#8221;.vc_custom_1726222322945{margin-bottom: 0px !important;}&#8221;]\n<ul>\n<li>Sentimentos conflitantes de saudade de casa e vontade de ficar.<\/li>\n<li>Trauma como resultado de experie\u0302ncias anteriores.<\/li>\n<li>Fatores que podem levar ao burnout a longo prazo.<\/li>\n<li>Histo\u0301rico pessoal e fatores psicolo\u0301gicos subjacentes.<\/li>\n<li>Questo\u0303es pra\u0301ticas sobre as quais voce\u0302 tem menos controle, como encontrar uma moradia adequada e se adaptar ao clima.<\/li>\n<\/ul>\n[\/vc_column_text][\/vc_column][\/vc_row][vc_row fullwidth=&#8221;true&#8221; fullwidth_content=&#8221;false&#8221; css=&#8221;.vc_custom_1702305601498{padding-top: 50px !important;padding-bottom: 50px !important;background-color: #aad29a !important;}&#8221;][vc_column width=&#8221;1\/3&#8243;][vc_single_image image=&#8221;6837&#8243; img_size=&#8221;full&#8221;][\/vc_column][vc_column width=&#8221;2\/3&#8243;][mk_padding_divider size=&#8221;50&#8243;][vc_column_text css=&#8221;.vc_custom_1726222349226{margin-bottom: 0px !important;}&#8221;]\n<h2>Compromisso com voce\u0302<\/h2>\n<p>Como terapeuta profissional, estou comprometida em fornecer um ambiente seguro, confidencial e sensi\u0301vel culturalmente. Na\u0303o so\u0301 tenho experie\u0302ncia no tratamento da ansiedade, mas tambe\u0301m entendo profundamente as complexidades da vida. Na Oak Tree Therapy, oferec\u0327o agendamento flexi\u0301vel, incluindo opc\u0327o\u0303es de terapia online, para se adequar ao seu estilo de vida. Juntos, buscaremos uma forma adequada de terapia, seja terapia para ansiedade ou outros servic\u0327os que oferec\u0327o, como terapia comportamental, coaching para burn out ou terapia para traumas.[\/vc_column_text][mk_padding_divider size=&#8221;50&#8243;][vc_column_text css=&#8221;.vc_custom_1726222395641{margin-bottom: 0px !important;}&#8221;]\n<h2>Dando o primeiro passo para a terapia com foco em lidar com ansiedade<\/h2>\n<p>Reconhecer a necessidade de ajuda e\u0301 um primeiro passo significativo. Convido voce\u0302 a entrar em contato comigo para discutir como posso ajuda\u0301-lo a gerenciar e superar a ansiedade. Juntos, podemos trabalhar para uma vida mais tranquila e gratificante em seu novo lar em Amsterda\u0303 e a\u0301reas vizinhas. Voce\u0302 tambe\u0301m pode optar pela terapia online.<\/p>\n<p>Entre em contato comigo hoje mesmo pelo telefone +31 (0) 6 48 26 50 32, pelo e-mail <a href=\"mailto:p.carvalho@oaktree-therapy.com\">p.carvalho@oaktree-therapy.com<\/a> ou preencha o formula\u0301rio de contato. Me deixe ser sua parceira em navegar e vencer os desafios da ansiedade.[\/vc_column_text][mk_button corner_style=&#8221;full_rounded&#8221; size=&#8221;medium&#8221; icon=&#8221;mk-moon-mail-send&#8221; url=&#8221;https:\/\/oaktreetherapy.com\/contact\/&#8221; align=&#8221;right&#8221; bg_color=&#8221;#ffffff&#8221; text_color=&#8221;dark&#8221;]Entre em contato comigo[\/mk_button][\/vc_column][\/vc_row][vc_row][vc_column][mk_padding_divider size=&#8221;20&#8243;][mk_fancy_title tag_name=&#8221;h3&#8243; font_family=&#8221;none&#8221;]\n<h3 style=\"text-align: left;\">Outros servi\u00e7os de terapia que ofere\u00e7o<\/h3>\n[\/mk_fancy_title][vc_row_inner][vc_column_inner width=&#8221;1\/4&#8243;][vc_single_image image=&#8221;7630&#8243; img_size=&#8221;&#8221;][vc_column_text css=&#8221;.vc_custom_1726223119088{margin-bottom: 0px !important;}&#8221;]\n<h3>Terapia de trauma<\/h3>\n<p>Uma terapia de trauma orientada ao comportamento envolve cuidados personalizados que abordam os efeitos profundos de experie\u0302ncias trauma\u0301ticas. Vamos nos aprofundar no contexto em que isso aconteceu, entender suas memo\u0301rias e implicac\u0327o\u0303es ao longo da vida.[\/vc_column_text][mk_button corner_style=&#8221;rounded&#8221; size=&#8221;medium&#8221; url=&#8221;https:\/\/oaktreetherapy.com\/pt-br\/terapia\/terapia-de-trauma-em-amsterda-cura-e-capacitacao\/&#8221; bg_color=&#8221;#8fbb3b&#8221;]Leia mais[\/mk_button][\/vc_column_inner][vc_column_inner width=&#8221;1\/4&#8243;][vc_single_image image=&#8221;7480&#8243; img_size=&#8221;&#8221;][vc_column_text css=&#8221;.vc_custom_1726226822042{margin-bottom: 0px !important;}&#8221;]\n<h3>Terapia comportamental<\/h3>\n<p>A terapia comportamental e\u0301 uma abordagem poderosa sobre o comportamento humano. Ela e\u0301 baseada na estrutura teo\u0301rica da Ana\u0301lise do Comportamento e foca em entender as influe\u0302ncias mu\u0301tuas do contexto em que vivemos e nossas ac\u0327o\u0303es.[\/vc_column_text][mk_button corner_style=&#8221;rounded&#8221; size=&#8221;medium&#8221; url=&#8221;https:\/\/oaktreetherapy.com\/pt-br\/terapia\/terapia-comportamental\/&#8221; bg_color=&#8221;#8fbb3b&#8221;]Leia mais[\/mk_button][\/vc_column_inner][vc_column_inner width=&#8221;1\/4&#8243;][vc_single_image image=&#8221;7631&#8243; img_size=&#8221;&#8221;][vc_column_text css=&#8221;.vc_custom_1726227360350{margin-bottom: 0px !important;}&#8221;]\n<h3>Coaching para Burnout<\/h3>\n<p>Na Oak Tree Therapy, me especializo em ajudar pessoas a superar e prevenir o esgotamento por meio do coaching para Burnout. Meu objetivo e\u0301 fornecer sesso\u0303es personalizadas de ingle\u0302s online ou presencial para que possamos trabalhar juntos para uma vida mais sauda\u0301vel e feliz.[\/vc_column_text][mk_button corner_style=&#8221;rounded&#8221; size=&#8221;medium&#8221; url=&#8221;https:\/\/oaktreetherapy.com\/pt-br\/terapia\/coaching-para-burnout\/&#8221; bg_color=&#8221;#8fbb3b&#8221;]Leia mais[\/mk_button][\/vc_column_inner][\/vc_row_inner][mk_padding_divider size=&#8221;20&#8243;][\/vc_column][\/vc_row][vc_row fullwidth=&#8221;true&#8221;][vc_column][vc_custom_heading text=&#8221;Compreens\u00e3o e supera\u00e7\u00e3o da ansiedade&#8221; font_container=&#8221;tag:h2|font_size:23px|text_align:center|color:%23ffffff|line_height:160px&#8221; use_theme_fonts=&#8221;yes&#8221; css=&#8221;.vc_custom_1702304566719{background: #aad294 url(https:\/\/oaktreetherapy.com\/wp-content\/uploads\/2020\/11\/pexels-nicole-avagliano-2749481-scaled.jpg?id=6005) !important;}&#8221;][mk_padding_divider size=&#8221;50&#8243;][\/vc_column][\/vc_row]\n<\/div>","protected":false},"excerpt":{"rendered":"<p>[vc_row fullwidth=&#8221;true&#8221; attached=&#8221;true&#8221; css=&#8221;.vc_custom_1702305357389{margin-bottom: 50px !important;}&#8221;][vc_column][mk_page_title_box page_title=&#8221;Terapia personalizada com foco em ansiedade&#8221; page_subtitle=&#8221;Compreendendo e lidando com ansiedade&#8221; section_height=&#8221;141&#8243; bg_image=&#8221;https:\/\/oaktreetherapy.com\/wp-content\/uploads\/2020\/11\/pexels-nicole-avagliano-2749481-scaled.jpg&#8221; bg_position=&#8221;center center&#8221; bg_stretch=&#8221;true&#8221; overlay=&#8221;rgba(80,90,95,0.8)&#8221; bg_effects=&#8221;parallax&#8221; font_size=&#8221;23&#8243; title_letter_spacing=&#8221;1&#8243; font_color=&#8221;#aad29a&#8221; font_weight=&#8221;600&#8243; underline=&#8221;false&#8221; padding=&#8221;0&#8243; sub_font_size=&#8221;20&#8243; sub_font_color=&#8221;#ffffff&#8221;][\/vc_column][\/vc_row][vc_row][vc_column width=&#8221;3\/5&#8243;][vc_column_text css=&#8221;.vc_custom_1726222132158{margin-bottom: 0px !important;}&#8221;]Mudar-se para um novo pai\u0301s pode trazer desafios u\u0301nicos que podem contribuir para a ansiedade, como ajustes culturais, isolamento e [&hellip;]<\/p>\n","protected":false},"author":17,"featured_media":7479,"parent":7554,"menu_order":0,"comment_status":"closed","ping_status":"closed","template":"","meta":{"footnotes":""},"class_list":["post-7606","page","type-page","status-publish","has-post-thumbnail","hentry"],"yoast_head":"<!-- This site is optimized with the Yoast SEO plugin v27.3 - https:\/\/yoast.com\/product\/yoast-seo-wordpress\/ -->\n<title>Terapia de ansiedade em Amsterd\u00e3 | Aconselhamento especializado na OakTree<\/title>\n<meta name=\"description\" content=\"Obtenha o apoio necess\u00e1rio com terapia de ansiedade profissional em Amsterd\u00e3. Comece sua jornada para o autoconhecimento e a capacita\u00e7\u00e3o hoje mesmo\" \/>\n<meta name=\"robots\" content=\"index, follow, max-snippet:-1, max-image-preview:large, max-video-preview:-1\" \/>\n<link rel=\"canonical\" href=\"https:\/\/oaktreetherapy.com\/pt-br\/terapia\/terapia-de-ansiedade-sob-medida-em-amsterda\/\" \/>\n<meta property=\"og:locale\" content=\"pt_BR\" \/>\n<meta property=\"og:type\" content=\"article\" \/>\n<meta property=\"og:title\" content=\"Terapia de ansiedade em Amsterd\u00e3 | Aconselhamento especializado na OakTree\" \/>\n<meta property=\"og:description\" content=\"Obtenha o apoio necess\u00e1rio com terapia de ansiedade profissional em Amsterd\u00e3. Comece sua jornada para o autoconhecimento e a capacita\u00e7\u00e3o hoje mesmo\" \/>\n<meta property=\"og:url\" content=\"https:\/\/oaktreetherapy.com\/pt-br\/terapia\/terapia-de-ansiedade-sob-medida-em-amsterda\/\" \/>\n<meta property=\"og:site_name\" content=\"OakTree Therapy\" \/>\n<meta property=\"article:publisher\" content=\"https:\/\/www.facebook.com\/profile.php?id=100076049341661\" \/>\n<meta property=\"article:modified_time\" content=\"2024-09-13T11:40:53+00:00\" \/>\n<meta property=\"og:image\" content=\"https:\/\/oaktreetherapy.com\/wp-content\/uploads\/2024\/01\/anxiety-therapy.jpg\" \/>\n\t<meta property=\"og:image:width\" content=\"1000\" \/>\n\t<meta property=\"og:image:height\" content=\"667\" \/>\n\t<meta property=\"og:image:type\" content=\"image\/jpeg\" \/>\n<meta name=\"twitter:card\" content=\"summary_large_image\" \/>\n<meta name=\"twitter:label1\" content=\"Est. tempo de leitura\" \/>\n\t<meta name=\"twitter:data1\" content=\"6 minutos\" \/>\n<script type=\"application\/ld+json\" class=\"yoast-schema-graph\">{\"@context\":\"https:\\\/\\\/schema.org\",\"@graph\":[{\"@type\":\"WebPage\",\"@id\":\"https:\\\/\\\/oaktreetherapy.com\\\/pt-br\\\/terapia\\\/terapia-de-ansiedade-sob-medida-em-amsterda\\\/\",\"url\":\"https:\\\/\\\/oaktreetherapy.com\\\/pt-br\\\/terapia\\\/terapia-de-ansiedade-sob-medida-em-amsterda\\\/\",\"name\":\"Terapia de ansiedade em Amsterd\u00e3 | Aconselhamento especializado na OakTree\",\"isPartOf\":{\"@id\":\"https:\\\/\\\/oaktreetherapy.com\\\/pt-br\\\/#website\"},\"primaryImageOfPage\":{\"@id\":\"https:\\\/\\\/oaktreetherapy.com\\\/pt-br\\\/terapia\\\/terapia-de-ansiedade-sob-medida-em-amsterda\\\/#primaryimage\"},\"image\":{\"@id\":\"https:\\\/\\\/oaktreetherapy.com\\\/pt-br\\\/terapia\\\/terapia-de-ansiedade-sob-medida-em-amsterda\\\/#primaryimage\"},\"thumbnailUrl\":\"https:\\\/\\\/oaktreetherapy.com\\\/wp-content\\\/uploads\\\/2024\\\/01\\\/anxiety-therapy.jpg\",\"datePublished\":\"2023-11-29T11:54:48+00:00\",\"dateModified\":\"2024-09-13T11:40:53+00:00\",\"description\":\"Obtenha o apoio necess\u00e1rio com terapia de ansiedade profissional em Amsterd\u00e3. Comece sua jornada para o autoconhecimento e a capacita\u00e7\u00e3o hoje mesmo\",\"breadcrumb\":{\"@id\":\"https:\\\/\\\/oaktreetherapy.com\\\/pt-br\\\/terapia\\\/terapia-de-ansiedade-sob-medida-em-amsterda\\\/#breadcrumb\"},\"inLanguage\":\"pt-BR\",\"potentialAction\":[{\"@type\":\"ReadAction\",\"target\":[\"https:\\\/\\\/oaktreetherapy.com\\\/pt-br\\\/terapia\\\/terapia-de-ansiedade-sob-medida-em-amsterda\\\/\"]}]},{\"@type\":\"ImageObject\",\"inLanguage\":\"pt-BR\",\"@id\":\"https:\\\/\\\/oaktreetherapy.com\\\/pt-br\\\/terapia\\\/terapia-de-ansiedade-sob-medida-em-amsterda\\\/#primaryimage\",\"url\":\"https:\\\/\\\/oaktreetherapy.com\\\/wp-content\\\/uploads\\\/2024\\\/01\\\/anxiety-therapy.jpg\",\"contentUrl\":\"https:\\\/\\\/oaktreetherapy.com\\\/wp-content\\\/uploads\\\/2024\\\/01\\\/anxiety-therapy.jpg\",\"width\":1000,\"height\":667},{\"@type\":\"BreadcrumbList\",\"@id\":\"https:\\\/\\\/oaktreetherapy.com\\\/pt-br\\\/terapia\\\/terapia-de-ansiedade-sob-medida-em-amsterda\\\/#breadcrumb\",\"itemListElement\":[{\"@type\":\"ListItem\",\"position\":1,\"name\":\"Home\",\"item\":\"https:\\\/\\\/oaktreetherapy.com\\\/pt-br\\\/inicio\\\/\"},{\"@type\":\"ListItem\",\"position\":2,\"name\":\"Terapia em Amsterd\u00e3\",\"item\":\"https:\\\/\\\/oaktreetherapy.com\\\/pt-br\\\/terapia\\\/\"},{\"@type\":\"ListItem\",\"position\":3,\"name\":\"Terapia para ansiedade\"}]},{\"@type\":\"WebSite\",\"@id\":\"https:\\\/\\\/oaktreetherapy.com\\\/pt-br\\\/#website\",\"url\":\"https:\\\/\\\/oaktreetherapy.com\\\/pt-br\\\/\",\"name\":\"OakTree Therapy\",\"description\":\"Empowerment through therapy\",\"publisher\":{\"@id\":\"https:\\\/\\\/oaktreetherapy.com\\\/pt-br\\\/#organization\"},\"potentialAction\":[{\"@type\":\"SearchAction\",\"target\":{\"@type\":\"EntryPoint\",\"urlTemplate\":\"https:\\\/\\\/oaktreetherapy.com\\\/pt-br\\\/?s={search_term_string}\"},\"query-input\":{\"@type\":\"PropertyValueSpecification\",\"valueRequired\":true,\"valueName\":\"search_term_string\"}}],\"inLanguage\":\"pt-BR\"},{\"@type\":\"Organization\",\"@id\":\"https:\\\/\\\/oaktreetherapy.com\\\/pt-br\\\/#organization\",\"name\":\"OakTree Therapy\",\"url\":\"https:\\\/\\\/oaktreetherapy.com\\\/pt-br\\\/\",\"logo\":{\"@type\":\"ImageObject\",\"inLanguage\":\"pt-BR\",\"@id\":\"https:\\\/\\\/oaktreetherapy.com\\\/pt-br\\\/#\\\/schema\\\/logo\\\/image\\\/\",\"url\":\"https:\\\/\\\/oaktreetherapy.com\\\/wp-content\\\/uploads\\\/2020\\\/10\\\/cropped-logotipo_oak_tree_prancheta-1-2-1.png\",\"contentUrl\":\"https:\\\/\\\/oaktreetherapy.com\\\/wp-content\\\/uploads\\\/2020\\\/10\\\/cropped-logotipo_oak_tree_prancheta-1-2-1.png\",\"width\":512,\"height\":512,\"caption\":\"OakTree Therapy\"},\"image\":{\"@id\":\"https:\\\/\\\/oaktreetherapy.com\\\/pt-br\\\/#\\\/schema\\\/logo\\\/image\\\/\"},\"sameAs\":[\"https:\\\/\\\/www.facebook.com\\\/profile.php?id=100076049341661\",\"https:\\\/\\\/www.instagram.com\\\/oaktree_counseling\\\/\"]}]}<\/script>\n<!-- \/ Yoast SEO plugin. -->","yoast_head_json":{"title":"Terapia de ansiedade em Amsterd\u00e3 | Aconselhamento especializado na OakTree","description":"Obtenha o apoio necess\u00e1rio com terapia de ansiedade profissional em Amsterd\u00e3. Comece sua jornada para o autoconhecimento e a capacita\u00e7\u00e3o hoje mesmo","robots":{"index":"index","follow":"follow","max-snippet":"max-snippet:-1","max-image-preview":"max-image-preview:large","max-video-preview":"max-video-preview:-1"},"canonical":"https:\/\/oaktreetherapy.com\/pt-br\/terapia\/terapia-de-ansiedade-sob-medida-em-amsterda\/","og_locale":"pt_BR","og_type":"article","og_title":"Terapia de ansiedade em Amsterd\u00e3 | Aconselhamento especializado na OakTree","og_description":"Obtenha o apoio necess\u00e1rio com terapia de ansiedade profissional em Amsterd\u00e3. Comece sua jornada para o autoconhecimento e a capacita\u00e7\u00e3o hoje mesmo","og_url":"https:\/\/oaktreetherapy.com\/pt-br\/terapia\/terapia-de-ansiedade-sob-medida-em-amsterda\/","og_site_name":"OakTree Therapy","article_publisher":"https:\/\/www.facebook.com\/profile.php?id=100076049341661","article_modified_time":"2024-09-13T11:40:53+00:00","og_image":[{"width":1000,"height":667,"url":"https:\/\/oaktreetherapy.com\/wp-content\/uploads\/2024\/01\/anxiety-therapy.jpg","type":"image\/jpeg"}],"twitter_card":"summary_large_image","twitter_misc":{"Est. tempo de leitura":"6 minutos"},"schema":{"@context":"https:\/\/schema.org","@graph":[{"@type":"WebPage","@id":"https:\/\/oaktreetherapy.com\/pt-br\/terapia\/terapia-de-ansiedade-sob-medida-em-amsterda\/","url":"https:\/\/oaktreetherapy.com\/pt-br\/terapia\/terapia-de-ansiedade-sob-medida-em-amsterda\/","name":"Terapia de ansiedade em Amsterd\u00e3 | Aconselhamento especializado na OakTree","isPartOf":{"@id":"https:\/\/oaktreetherapy.com\/pt-br\/#website"},"primaryImageOfPage":{"@id":"https:\/\/oaktreetherapy.com\/pt-br\/terapia\/terapia-de-ansiedade-sob-medida-em-amsterda\/#primaryimage"},"image":{"@id":"https:\/\/oaktreetherapy.com\/pt-br\/terapia\/terapia-de-ansiedade-sob-medida-em-amsterda\/#primaryimage"},"thumbnailUrl":"https:\/\/oaktreetherapy.com\/wp-content\/uploads\/2024\/01\/anxiety-therapy.jpg","datePublished":"2023-11-29T11:54:48+00:00","dateModified":"2024-09-13T11:40:53+00:00","description":"Obtenha o apoio necess\u00e1rio com terapia de ansiedade profissional em Amsterd\u00e3. Comece sua jornada para o autoconhecimento e a capacita\u00e7\u00e3o hoje mesmo","breadcrumb":{"@id":"https:\/\/oaktreetherapy.com\/pt-br\/terapia\/terapia-de-ansiedade-sob-medida-em-amsterda\/#breadcrumb"},"inLanguage":"pt-BR","potentialAction":[{"@type":"ReadAction","target":["https:\/\/oaktreetherapy.com\/pt-br\/terapia\/terapia-de-ansiedade-sob-medida-em-amsterda\/"]}]},{"@type":"ImageObject","inLanguage":"pt-BR","@id":"https:\/\/oaktreetherapy.com\/pt-br\/terapia\/terapia-de-ansiedade-sob-medida-em-amsterda\/#primaryimage","url":"https:\/\/oaktreetherapy.com\/wp-content\/uploads\/2024\/01\/anxiety-therapy.jpg","contentUrl":"https:\/\/oaktreetherapy.com\/wp-content\/uploads\/2024\/01\/anxiety-therapy.jpg","width":1000,"height":667},{"@type":"BreadcrumbList","@id":"https:\/\/oaktreetherapy.com\/pt-br\/terapia\/terapia-de-ansiedade-sob-medida-em-amsterda\/#breadcrumb","itemListElement":[{"@type":"ListItem","position":1,"name":"Home","item":"https:\/\/oaktreetherapy.com\/pt-br\/inicio\/"},{"@type":"ListItem","position":2,"name":"Terapia em Amsterd\u00e3","item":"https:\/\/oaktreetherapy.com\/pt-br\/terapia\/"},{"@type":"ListItem","position":3,"name":"Terapia para ansiedade"}]},{"@type":"WebSite","@id":"https:\/\/oaktreetherapy.com\/pt-br\/#website","url":"https:\/\/oaktreetherapy.com\/pt-br\/","name":"OakTree Therapy","description":"Empowerment through therapy","publisher":{"@id":"https:\/\/oaktreetherapy.com\/pt-br\/#organization"},"potentialAction":[{"@type":"SearchAction","target":{"@type":"EntryPoint","urlTemplate":"https:\/\/oaktreetherapy.com\/pt-br\/?s={search_term_string}"},"query-input":{"@type":"PropertyValueSpecification","valueRequired":true,"valueName":"search_term_string"}}],"inLanguage":"pt-BR"},{"@type":"Organization","@id":"https:\/\/oaktreetherapy.com\/pt-br\/#organization","name":"OakTree Therapy","url":"https:\/\/oaktreetherapy.com\/pt-br\/","logo":{"@type":"ImageObject","inLanguage":"pt-BR","@id":"https:\/\/oaktreetherapy.com\/pt-br\/#\/schema\/logo\/image\/","url":"https:\/\/oaktreetherapy.com\/wp-content\/uploads\/2020\/10\/cropped-logotipo_oak_tree_prancheta-1-2-1.png","contentUrl":"https:\/\/oaktreetherapy.com\/wp-content\/uploads\/2020\/10\/cropped-logotipo_oak_tree_prancheta-1-2-1.png","width":512,"height":512,"caption":"OakTree Therapy"},"image":{"@id":"https:\/\/oaktreetherapy.com\/pt-br\/#\/schema\/logo\/image\/"},"sameAs":["https:\/\/www.facebook.com\/profile.php?id=100076049341661","https:\/\/www.instagram.com\/oaktree_counseling\/"]}]}},"_links":{"self":[{"href":"https:\/\/oaktreetherapy.com\/pt-br\/wp-json\/wp\/v2\/pages\/7606","targetHints":{"allow":["GET"]}}],"collection":[{"href":"https:\/\/oaktreetherapy.com\/pt-br\/wp-json\/wp\/v2\/pages"}],"about":[{"href":"https:\/\/oaktreetherapy.com\/pt-br\/wp-json\/wp\/v2\/types\/page"}],"author":[{"embeddable":true,"href":"https:\/\/oaktreetherapy.com\/pt-br\/wp-json\/wp\/v2\/users\/17"}],"replies":[{"embeddable":true,"href":"https:\/\/oaktreetherapy.com\/pt-br\/wp-json\/wp\/v2\/comments?post=7606"}],"version-history":[{"count":14,"href":"https:\/\/oaktreetherapy.com\/pt-br\/wp-json\/wp\/v2\/pages\/7606\/revisions"}],"predecessor-version":[{"id":7712,"href":"https:\/\/oaktreetherapy.com\/pt-br\/wp-json\/wp\/v2\/pages\/7606\/revisions\/7712"}],"up":[{"embeddable":true,"href":"https:\/\/oaktreetherapy.com\/pt-br\/wp-json\/wp\/v2\/pages\/7554"}],"wp:featuredmedia":[{"embeddable":true,"href":"https:\/\/oaktreetherapy.com\/pt-br\/wp-json\/wp\/v2\/media\/7479"}],"wp:attachment":[{"href":"https:\/\/oaktreetherapy.com\/pt-br\/wp-json\/wp\/v2\/media?parent=7606"}],"curies":[{"name":"wp","href":"https:\/\/api.w.org\/{rel}","templated":true}]}}