{"id":7615,"date":"2024-01-14T19:41:46","date_gmt":"2024-01-14T18:41:46","guid":{"rendered":"https:\/\/oaktreetherapy.com\/terapia-em-amsterda-2\/terapia-de-trauma-em-amsterda-cura-e-capacitacao\/"},"modified":"2024-09-13T13:40:37","modified_gmt":"2024-09-13T11:40:37","slug":"terapia-de-trauma-em-amsterda-cura-e-capacitacao","status":"publish","type":"page","link":"https:\/\/oaktreetherapy.com\/pt-br\/terapia\/terapia-de-trauma-em-amsterda-cura-e-capacitacao\/","title":{"rendered":"Terapia para trauma"},"content":{"rendered":"<div class=\"wpb-content-wrapper\">[vc_row fullwidth=&#8221;true&#8221; attached=&#8221;true&#8221; css=&#8221;.vc_custom_1702305357389{margin-bottom: 50px !important;}&#8221;][vc_column][mk_page_title_box page_title=&#8221;Terapia de trauma em Amsterd\u00e3&#8221; page_subtitle=&#8221;Cura e capacita\u00e7\u00e3o&#8221; section_height=&#8221;141&#8243; bg_image=&#8221;https:\/\/oaktreetherapy.com\/wp-content\/uploads\/2020\/11\/pexels-nicole-avagliano-2749481-scaled.jpg&#8221; bg_position=&#8221;center center&#8221; bg_stretch=&#8221;true&#8221; overlay=&#8221;rgba(80,90,95,0.8)&#8221; bg_effects=&#8221;parallax&#8221; font_size=&#8221;23&#8243; title_letter_spacing=&#8221;1&#8243; font_color=&#8221;#aad29a&#8221; font_weight=&#8221;600&#8243; underline=&#8221;false&#8221; padding=&#8221;0&#8243; sub_font_size=&#8221;20&#8243; sub_font_color=&#8221;#ffffff&#8221;][\/vc_column][\/vc_row][vc_row][vc_column width=&#8221;3\/5&#8243;][vc_column_text css=&#8221;.vc_custom_1726221072701{margin-bottom: 0px !important;}&#8221;]Sobreviver a um trauma significa viver com os efeitos duradouros de uma experie\u0302ncia extremamente angustiante. Isso significa que, embora o evento tenha passado na pra\u0301tica, de certo modo ele ainda na\u0303o se foi. Isso pode afetar a vida de uma pessoa de tantas maneiras e com tanta intensidade que a\u0300s vezes e\u0301 difi\u0301cil continuar com a vida como gostari\u0301amos. E\u0301 ai\u0301 que a terapia entra em cena. Ela pode lhe dar os instrumentos necessa\u0301rios para voltar a ser voce\u0302 mesmo, sentir-se em paz e sauda\u0301vel novamente.<\/p>\n<p>A terapia de trauma que oferec\u0327o e\u0301 projetada especificamente para abordar essas questo\u0303es, ajudando voce\u0302 a encontrar um caminho para a recuperac\u0327a\u0303o e o empoderamento em sua vida.[\/vc_column_text][vc_column_text css=&#8221;.vc_custom_1726221124287{margin-bottom: 0px !important;}&#8221;]\n<h2><strong>Compreendendo a terapia do trauma <\/strong><\/h2>\n<p>Uma terapia de trauma orientada ao comportamento envolve cuidados personalizados que abordam os efeitos profundos de experie\u0302ncias trauma\u0301ticas. Vamos nos aprofundar no contexto em que isso aconteceu, entender suas memo\u0301rias e implicac\u0327o\u0303es ao longo da vida. Ao fazer isso, e\u0301 possi\u0301vel ressignificar a experie\u0302ncia e acomodar qualquer sentimento que surja.<\/p>\n<p>E\u0301 sobre como seguir em frente em vez de ser refe\u0301m do passado; como ceder espac\u0327o para as memo\u0301rias em vez de tentar esquece\u0302-las (se voce\u0302 tem tentado fazer isso, provavelmente ja\u0301 sabe que na\u0303o e\u0301 possi\u0301vel desver, desfazer e dessentir as coisas). Mesmo que parec\u0327a impossi\u0301vel, e\u0301 possi\u0301vel ser voce\u0302 mesmo, sonhar, viver.<\/p>\n<p>Juntos, encontraremos uma forma adequada de terapia, seja terapia de trauma ou outras formas de terapia, como terapia comportamental, coaching de burnout ou terapia para ansiedade.[\/vc_column_text][vc_column_text css=&#8221;.vc_custom_1702995447724{margin-bottom: 0px !important;}&#8221;][\/vc_column_text][\/vc_column][vc_column width=&#8221;2\/5&#8243;][mk_padding_divider size=&#8221;50&#8243;][vc_single_image image=&#8221;6503&#8243; img_size=&#8221;full&#8221; alignment=&#8221;right&#8221; style=&#8221;vc_box_circle_2&#8243;][\/vc_column][\/vc_row][vc_row css=&#8221;.vc_custom_1702305742364{margin-top: 40px !important;margin-bottom: 40px !important;}&#8221;][vc_column][mk_divider style=&#8221;thick_solid&#8221; divider_width=&#8221;one_half&#8221; border_color=&#8221;#8fbb3b&#8221;][\/vc_column][\/vc_row][vc_row css=&#8221;.vc_custom_1702305640182{margin-bottom: 50px !important;}&#8221;][vc_column width=&#8221;2\/5&#8243;][vc_column_text css=&#8221;.vc_custom_1726221160638{margin-bottom: 0px !important;}&#8221;]\n<h2><strong>Como a terapia pode ajudar a lidar com ansiedade <\/strong><\/h2>\n<p>Nossas sesso\u0303es de terapia tera\u0303o como objetivo ajudar voce\u0302 a processar e entender o trauma. Elas fornecem ferramentas para gerenciar os efeitos do que voce\u0302 passou e estrate\u0301gias para lidar com aqueles momentos em que tudo parece demais. Isso inclui:[\/vc_column_text][\/vc_column][vc_column width=&#8221;3\/5&#8243;][mk_padding_divider size=&#8221;50&#8243;][vc_column_text css=&#8221;.vc_custom_1726221182069{margin-bottom: 0px !important;}&#8221;]\n<ul>\n<li>Te\u0301cnicas para lidar com sintomas como ansiedade, flashbacks e sofrimento emocional.<\/li>\n<li>Explorac\u0327a\u0303o e processamento seguros de memo\u0301rias trauma\u0301ticas.<\/li>\n<li>Construc\u0327a\u0303o de uma sensac\u0327a\u0303o de controle e poder sobre sua vida.<\/li>\n<li>Abordagem das causas do trauma.<\/li>\n<li>Falar sobre experie\u0302ncias que podem ter se acumulado ao longo do tempo.<\/li>\n<li>Comec\u0327ar a conduzir a vida na direc\u0327a\u0303o que parece significativa para voce\u0302.<\/li>\n<\/ul>\n[\/vc_column_text][\/vc_column][\/vc_row][vc_row fullwidth=&#8221;true&#8221; fullwidth_content=&#8221;false&#8221; css=&#8221;.vc_custom_1702305601498{padding-top: 50px !important;padding-bottom: 50px !important;background-color: #aad29a !important;}&#8221;][vc_column width=&#8221;1\/3&#8243;][vc_single_image image=&#8221;6837&#8243; img_size=&#8221;full&#8221;][\/vc_column][vc_column width=&#8221;2\/3&#8243;][mk_padding_divider size=&#8221;50&#8243;][vc_column_text css=&#8221;.vc_custom_1726221232197{margin-bottom: 0px !important;}&#8221;]\n<h2><strong>Compromisso com sua jornada de cura <\/strong><\/h2>\n<p>Na Oak Tree Therapy, meu primeiro objetivo como terapeuta e\u0301 criar um ambiente seguro, confidencial e empa\u0301tico. Na\u0303o sou treinada apenas em terapia de trauma, mas tambe\u0301m entendo profundamente as complexidades e os desafios enfrentados quando lidamos com dor, ansiedade e perda. A Oak Tree Therapy oferece agendamento flexi\u0301vel, incluindo consultas de fim de semana e opc\u0327o\u0303es de terapia online para acomodar seu estilo de vida.<\/p>\n<h2><strong>Dando o primeiro passo para a cura <\/strong><\/h2>\n<p>Buscar ajuda para lidar com traumas e\u0301 um primeiro passo corajoso. Convido voce\u0302 a entrar em contato comigo para discutir como posso lhe apoiar em sua jornada de cura. Juntos, trabalharemos em direc\u0327a\u0303o a uma vida de maior paz e empoderamento. Podemos nos encontrar online ou em Amsterda\u0303.<\/p>\n<p>Entre em contato comigo hoje mesmo pelo telefone +31 (0) 6 48 26 50 32, email <a href=\"mailto:p.carvalho@oaktreetherapy.com\">p.carvalho@oaktreetherapy.com<\/a>, ou preencha o formula\u0301rio de contato. Comece sua jornada de empoderamento com a Oak Tree Therapy, sua parceira acolhedora emterapia para ansiedade em Amsterda\u0303.[\/vc_column_text][mk_button corner_style=&#8221;full_rounded&#8221; size=&#8221;medium&#8221; icon=&#8221;mk-moon-mail-send&#8221; url=&#8221;https:\/\/oaktreetherapy.com\/contact\/&#8221; align=&#8221;right&#8221; bg_color=&#8221;#ffffff&#8221; text_color=&#8221;dark&#8221;]Entre em contato comigo[\/mk_button][\/vc_column][\/vc_row][vc_row][vc_column][mk_padding_divider size=&#8221;20&#8243;][mk_fancy_title tag_name=&#8221;h3&#8243; font_family=&#8221;none&#8221;]\n<h3 style=\"text-align: left;\">Outros servi\u00e7os de terapia que ofere\u00e7o<\/h3>\n[\/mk_fancy_title][vc_row_inner][vc_column_inner width=&#8221;1\/4&#8243;][vc_single_image image=&#8221;7323&#8243; img_size=&#8221;&#8221;][vc_column_text css=&#8221;.vc_custom_1726225959953{margin-bottom: 0px !important;}&#8221;]\n<h3>Terapia para ansiedade<\/h3>\n<p>A terapia de ansiedade na Oak Tree Therapy e\u0301 um processo personalizado que se concentra em identificar e abordar as rai\u0301zes da sua ansiedade. Durante va\u0301rias sesso\u0303es, exploraremos fatores como choque cultural, estresse relacionado ao trabalho, isolamento social e histo\u0301rico pessoal para entender completamente sua experie\u0302ncia.[\/vc_column_text][mk_button corner_style=&#8221;rounded&#8221; size=&#8221;medium&#8221; url=&#8221;https:\/\/oaktreetherapy.com\/pt-br\/terapia\/terapia-de-ansiedade-sob-medida-em-amsterda\/&#8221; bg_color=&#8221;#8fbb3b&#8221;]Leia mais[\/mk_button][\/vc_column_inner][vc_column_inner width=&#8221;1\/4&#8243;][vc_single_image image=&#8221;7480&#8243; img_size=&#8221;&#8221;][vc_column_text css=&#8221;.vc_custom_1726226822042{margin-bottom: 0px !important;}&#8221;]\n<h3>Terapia comportamental<\/h3>\n<p>A terapia comportamental e\u0301 uma abordagem poderosa sobre o comportamento humano. Ela e\u0301 baseada na estrutura teo\u0301rica da Ana\u0301lise do Comportamento e foca em entender as influe\u0302ncias mu\u0301tuas do contexto em que vivemos e nossas ac\u0327o\u0303es.[\/vc_column_text][mk_button corner_style=&#8221;rounded&#8221; size=&#8221;medium&#8221; url=&#8221;https:\/\/oaktreetherapy.com\/pt-br\/terapia\/terapia-comportamental\/&#8221; bg_color=&#8221;#8fbb3b&#8221;]Leia mais[\/mk_button][\/vc_column_inner][vc_column_inner width=&#8221;1\/4&#8243;][vc_single_image image=&#8221;7631&#8243; img_size=&#8221;&#8221;][vc_column_text css=&#8221;.vc_custom_1726227360350{margin-bottom: 0px !important;}&#8221;]\n<h3>Coaching para Burnout<\/h3>\n<p>Na Oak Tree Therapy, me especializo em ajudar pessoas a superar e prevenir o esgotamento por meio do coaching para Burnout. Meu objetivo e\u0301 fornecer sesso\u0303es personalizadas de ingle\u0302s online ou presencial para que possamos trabalhar juntos para uma vida mais sauda\u0301vel e feliz.[\/vc_column_text][mk_button corner_style=&#8221;rounded&#8221; size=&#8221;medium&#8221; url=&#8221;https:\/\/oaktreetherapy.com\/pt-br\/terapia\/coaching-para-burnout\/&#8221; bg_color=&#8221;#8fbb3b&#8221;]Leia mais[\/mk_button][\/vc_column_inner][\/vc_row_inner][mk_padding_divider size=&#8221;20&#8243;][\/vc_column][\/vc_row][vc_row fullwidth=&#8221;true&#8221;][vc_column][vc_custom_heading text=&#8221;Compreens\u00e3o e supera\u00e7\u00e3o do trauma&#8221; font_container=&#8221;tag:h2|font_size:23px|text_align:center|color:%23ffffff|line_height:160px&#8221; use_theme_fonts=&#8221;yes&#8221; css=&#8221;.vc_custom_1702995777772{background: #aad294 url(https:\/\/oaktreetherapy.com\/wp-content\/uploads\/2020\/11\/pexels-nicole-avagliano-2749481-scaled.jpg?id=6005) !important;}&#8221;][mk_padding_divider size=&#8221;50&#8243;][\/vc_column][\/vc_row]\n<\/div>","protected":false},"excerpt":{"rendered":"<p>[vc_row fullwidth=&#8221;true&#8221; attached=&#8221;true&#8221; css=&#8221;.vc_custom_1702305357389{margin-bottom: 50px !important;}&#8221;][vc_column][mk_page_title_box page_title=&#8221;Terapia de trauma em Amsterd\u00e3&#8221; page_subtitle=&#8221;Cura e capacita\u00e7\u00e3o&#8221; section_height=&#8221;141&#8243; bg_image=&#8221;https:\/\/oaktreetherapy.com\/wp-content\/uploads\/2020\/11\/pexels-nicole-avagliano-2749481-scaled.jpg&#8221; bg_position=&#8221;center center&#8221; bg_stretch=&#8221;true&#8221; overlay=&#8221;rgba(80,90,95,0.8)&#8221; bg_effects=&#8221;parallax&#8221; font_size=&#8221;23&#8243; title_letter_spacing=&#8221;1&#8243; font_color=&#8221;#aad29a&#8221; font_weight=&#8221;600&#8243; underline=&#8221;false&#8221; padding=&#8221;0&#8243; sub_font_size=&#8221;20&#8243; sub_font_color=&#8221;#ffffff&#8221;][\/vc_column][\/vc_row][vc_row][vc_column width=&#8221;3\/5&#8243;][vc_column_text css=&#8221;.vc_custom_1726221072701{margin-bottom: 0px !important;}&#8221;]Sobreviver a um trauma significa viver com os efeitos duradouros de uma experie\u0302ncia extremamente angustiante. Isso significa que, embora o evento tenha passado [&hellip;]<\/p>\n","protected":false},"author":17,"featured_media":7483,"parent":7554,"menu_order":0,"comment_status":"closed","ping_status":"closed","template":"","meta":{"footnotes":""},"class_list":["post-7615","page","type-page","status-publish","has-post-thumbnail","hentry"],"yoast_head":"<!-- This site is optimized with the Yoast SEO plugin v27.4 - https:\/\/yoast.com\/product\/yoast-seo-wordpress\/ -->\n<title>Terapia de trauma em Amsterd\u00e3 | OakTree Therapy<\/title>\n<meta name=\"description\" content=\"Supere os desafios com terapia especializada em trauma em Amsterd\u00e3. Cuidados especializados e compassivos o aguardam. Comece sua jornada de cura hoje mesmo\" \/>\n<meta name=\"robots\" content=\"index, follow, max-snippet:-1, max-image-preview:large, max-video-preview:-1\" \/>\n<link rel=\"canonical\" href=\"https:\/\/oaktreetherapy.com\/pt-br\/terapia\/terapia-de-trauma-em-amsterda-cura-e-capacitacao\/\" \/>\n<meta property=\"og:locale\" content=\"pt_BR\" \/>\n<meta property=\"og:type\" content=\"article\" \/>\n<meta property=\"og:title\" content=\"Terapia de trauma em Amsterd\u00e3 | OakTree Therapy\" \/>\n<meta property=\"og:description\" content=\"Supere os desafios com terapia especializada em trauma em Amsterd\u00e3. Cuidados especializados e compassivos o aguardam. Comece sua jornada de cura hoje mesmo\" \/>\n<meta property=\"og:url\" content=\"https:\/\/oaktreetherapy.com\/pt-br\/terapia\/terapia-de-trauma-em-amsterda-cura-e-capacitacao\/\" \/>\n<meta property=\"og:site_name\" content=\"OakTree Therapy\" \/>\n<meta property=\"article:publisher\" content=\"https:\/\/www.facebook.com\/profile.php?id=100076049341661\" \/>\n<meta property=\"article:modified_time\" content=\"2024-09-13T11:40:37+00:00\" \/>\n<meta property=\"og:image\" content=\"https:\/\/oaktreetherapy.com\/wp-content\/uploads\/2024\/01\/trauma-therapy.jpeg\" \/>\n\t<meta property=\"og:image:width\" content=\"1500\" \/>\n\t<meta property=\"og:image:height\" content=\"1500\" \/>\n\t<meta property=\"og:image:type\" content=\"image\/jpeg\" \/>\n<meta name=\"twitter:card\" content=\"summary_large_image\" \/>\n<meta name=\"twitter:label1\" content=\"Est. tempo de leitura\" \/>\n\t<meta name=\"twitter:data1\" content=\"6 minutos\" \/>\n<script type=\"application\/ld+json\" class=\"yoast-schema-graph\">{\"@context\":\"https:\\\/\\\/schema.org\",\"@graph\":[{\"@type\":\"WebPage\",\"@id\":\"https:\\\/\\\/oaktreetherapy.com\\\/pt-br\\\/terapia\\\/terapia-de-trauma-em-amsterda-cura-e-capacitacao\\\/\",\"url\":\"https:\\\/\\\/oaktreetherapy.com\\\/pt-br\\\/terapia\\\/terapia-de-trauma-em-amsterda-cura-e-capacitacao\\\/\",\"name\":\"Terapia de trauma em Amsterd\u00e3 | OakTree Therapy\",\"isPartOf\":{\"@id\":\"https:\\\/\\\/oaktreetherapy.com\\\/pt-br\\\/#website\"},\"primaryImageOfPage\":{\"@id\":\"https:\\\/\\\/oaktreetherapy.com\\\/pt-br\\\/terapia\\\/terapia-de-trauma-em-amsterda-cura-e-capacitacao\\\/#primaryimage\"},\"image\":{\"@id\":\"https:\\\/\\\/oaktreetherapy.com\\\/pt-br\\\/terapia\\\/terapia-de-trauma-em-amsterda-cura-e-capacitacao\\\/#primaryimage\"},\"thumbnailUrl\":\"https:\\\/\\\/oaktreetherapy.com\\\/wp-content\\\/uploads\\\/2024\\\/01\\\/trauma-therapy.jpeg\",\"datePublished\":\"2024-01-14T18:41:46+00:00\",\"dateModified\":\"2024-09-13T11:40:37+00:00\",\"description\":\"Supere os desafios com terapia especializada em trauma em Amsterd\u00e3. Cuidados especializados e compassivos o aguardam. Comece sua jornada de cura hoje mesmo\",\"breadcrumb\":{\"@id\":\"https:\\\/\\\/oaktreetherapy.com\\\/pt-br\\\/terapia\\\/terapia-de-trauma-em-amsterda-cura-e-capacitacao\\\/#breadcrumb\"},\"inLanguage\":\"pt-BR\",\"potentialAction\":[{\"@type\":\"ReadAction\",\"target\":[\"https:\\\/\\\/oaktreetherapy.com\\\/pt-br\\\/terapia\\\/terapia-de-trauma-em-amsterda-cura-e-capacitacao\\\/\"]}]},{\"@type\":\"ImageObject\",\"inLanguage\":\"pt-BR\",\"@id\":\"https:\\\/\\\/oaktreetherapy.com\\\/pt-br\\\/terapia\\\/terapia-de-trauma-em-amsterda-cura-e-capacitacao\\\/#primaryimage\",\"url\":\"https:\\\/\\\/oaktreetherapy.com\\\/wp-content\\\/uploads\\\/2024\\\/01\\\/trauma-therapy.jpeg\",\"contentUrl\":\"https:\\\/\\\/oaktreetherapy.com\\\/wp-content\\\/uploads\\\/2024\\\/01\\\/trauma-therapy.jpeg\",\"width\":1500,\"height\":1500},{\"@type\":\"BreadcrumbList\",\"@id\":\"https:\\\/\\\/oaktreetherapy.com\\\/pt-br\\\/terapia\\\/terapia-de-trauma-em-amsterda-cura-e-capacitacao\\\/#breadcrumb\",\"itemListElement\":[{\"@type\":\"ListItem\",\"position\":1,\"name\":\"Home\",\"item\":\"https:\\\/\\\/oaktreetherapy.com\\\/pt-br\\\/inicio\\\/\"},{\"@type\":\"ListItem\",\"position\":2,\"name\":\"Terapia em Amsterd\u00e3\",\"item\":\"https:\\\/\\\/oaktreetherapy.com\\\/pt-br\\\/terapia\\\/\"},{\"@type\":\"ListItem\",\"position\":3,\"name\":\"Terapia para trauma\"}]},{\"@type\":\"WebSite\",\"@id\":\"https:\\\/\\\/oaktreetherapy.com\\\/pt-br\\\/#website\",\"url\":\"https:\\\/\\\/oaktreetherapy.com\\\/pt-br\\\/\",\"name\":\"OakTree Therapy\",\"description\":\"Empowerment through therapy\",\"publisher\":{\"@id\":\"https:\\\/\\\/oaktreetherapy.com\\\/pt-br\\\/#organization\"},\"potentialAction\":[{\"@type\":\"SearchAction\",\"target\":{\"@type\":\"EntryPoint\",\"urlTemplate\":\"https:\\\/\\\/oaktreetherapy.com\\\/pt-br\\\/?s={search_term_string}\"},\"query-input\":{\"@type\":\"PropertyValueSpecification\",\"valueRequired\":true,\"valueName\":\"search_term_string\"}}],\"inLanguage\":\"pt-BR\"},{\"@type\":\"Organization\",\"@id\":\"https:\\\/\\\/oaktreetherapy.com\\\/pt-br\\\/#organization\",\"name\":\"OakTree Therapy\",\"url\":\"https:\\\/\\\/oaktreetherapy.com\\\/pt-br\\\/\",\"logo\":{\"@type\":\"ImageObject\",\"inLanguage\":\"pt-BR\",\"@id\":\"https:\\\/\\\/oaktreetherapy.com\\\/pt-br\\\/#\\\/schema\\\/logo\\\/image\\\/\",\"url\":\"https:\\\/\\\/oaktreetherapy.com\\\/wp-content\\\/uploads\\\/2020\\\/10\\\/cropped-logotipo_oak_tree_prancheta-1-2-1.png\",\"contentUrl\":\"https:\\\/\\\/oaktreetherapy.com\\\/wp-content\\\/uploads\\\/2020\\\/10\\\/cropped-logotipo_oak_tree_prancheta-1-2-1.png\",\"width\":512,\"height\":512,\"caption\":\"OakTree Therapy\"},\"image\":{\"@id\":\"https:\\\/\\\/oaktreetherapy.com\\\/pt-br\\\/#\\\/schema\\\/logo\\\/image\\\/\"},\"sameAs\":[\"https:\\\/\\\/www.facebook.com\\\/profile.php?id=100076049341661\",\"https:\\\/\\\/www.instagram.com\\\/oaktree_counseling\\\/\"]}]}<\/script>\n<!-- \/ Yoast SEO plugin. -->","yoast_head_json":{"title":"Terapia de trauma em Amsterd\u00e3 | OakTree Therapy","description":"Supere os desafios com terapia especializada em trauma em Amsterd\u00e3. Cuidados especializados e compassivos o aguardam. Comece sua jornada de cura hoje mesmo","robots":{"index":"index","follow":"follow","max-snippet":"max-snippet:-1","max-image-preview":"max-image-preview:large","max-video-preview":"max-video-preview:-1"},"canonical":"https:\/\/oaktreetherapy.com\/pt-br\/terapia\/terapia-de-trauma-em-amsterda-cura-e-capacitacao\/","og_locale":"pt_BR","og_type":"article","og_title":"Terapia de trauma em Amsterd\u00e3 | OakTree Therapy","og_description":"Supere os desafios com terapia especializada em trauma em Amsterd\u00e3. Cuidados especializados e compassivos o aguardam. Comece sua jornada de cura hoje mesmo","og_url":"https:\/\/oaktreetherapy.com\/pt-br\/terapia\/terapia-de-trauma-em-amsterda-cura-e-capacitacao\/","og_site_name":"OakTree Therapy","article_publisher":"https:\/\/www.facebook.com\/profile.php?id=100076049341661","article_modified_time":"2024-09-13T11:40:37+00:00","og_image":[{"width":1500,"height":1500,"url":"https:\/\/oaktreetherapy.com\/wp-content\/uploads\/2024\/01\/trauma-therapy.jpeg","type":"image\/jpeg"}],"twitter_card":"summary_large_image","twitter_misc":{"Est. tempo de leitura":"6 minutos"},"schema":{"@context":"https:\/\/schema.org","@graph":[{"@type":"WebPage","@id":"https:\/\/oaktreetherapy.com\/pt-br\/terapia\/terapia-de-trauma-em-amsterda-cura-e-capacitacao\/","url":"https:\/\/oaktreetherapy.com\/pt-br\/terapia\/terapia-de-trauma-em-amsterda-cura-e-capacitacao\/","name":"Terapia de trauma em Amsterd\u00e3 | OakTree Therapy","isPartOf":{"@id":"https:\/\/oaktreetherapy.com\/pt-br\/#website"},"primaryImageOfPage":{"@id":"https:\/\/oaktreetherapy.com\/pt-br\/terapia\/terapia-de-trauma-em-amsterda-cura-e-capacitacao\/#primaryimage"},"image":{"@id":"https:\/\/oaktreetherapy.com\/pt-br\/terapia\/terapia-de-trauma-em-amsterda-cura-e-capacitacao\/#primaryimage"},"thumbnailUrl":"https:\/\/oaktreetherapy.com\/wp-content\/uploads\/2024\/01\/trauma-therapy.jpeg","datePublished":"2024-01-14T18:41:46+00:00","dateModified":"2024-09-13T11:40:37+00:00","description":"Supere os desafios com terapia especializada em trauma em Amsterd\u00e3. Cuidados especializados e compassivos o aguardam. Comece sua jornada de cura hoje mesmo","breadcrumb":{"@id":"https:\/\/oaktreetherapy.com\/pt-br\/terapia\/terapia-de-trauma-em-amsterda-cura-e-capacitacao\/#breadcrumb"},"inLanguage":"pt-BR","potentialAction":[{"@type":"ReadAction","target":["https:\/\/oaktreetherapy.com\/pt-br\/terapia\/terapia-de-trauma-em-amsterda-cura-e-capacitacao\/"]}]},{"@type":"ImageObject","inLanguage":"pt-BR","@id":"https:\/\/oaktreetherapy.com\/pt-br\/terapia\/terapia-de-trauma-em-amsterda-cura-e-capacitacao\/#primaryimage","url":"https:\/\/oaktreetherapy.com\/wp-content\/uploads\/2024\/01\/trauma-therapy.jpeg","contentUrl":"https:\/\/oaktreetherapy.com\/wp-content\/uploads\/2024\/01\/trauma-therapy.jpeg","width":1500,"height":1500},{"@type":"BreadcrumbList","@id":"https:\/\/oaktreetherapy.com\/pt-br\/terapia\/terapia-de-trauma-em-amsterda-cura-e-capacitacao\/#breadcrumb","itemListElement":[{"@type":"ListItem","position":1,"name":"Home","item":"https:\/\/oaktreetherapy.com\/pt-br\/inicio\/"},{"@type":"ListItem","position":2,"name":"Terapia em Amsterd\u00e3","item":"https:\/\/oaktreetherapy.com\/pt-br\/terapia\/"},{"@type":"ListItem","position":3,"name":"Terapia para trauma"}]},{"@type":"WebSite","@id":"https:\/\/oaktreetherapy.com\/pt-br\/#website","url":"https:\/\/oaktreetherapy.com\/pt-br\/","name":"OakTree Therapy","description":"Empowerment through therapy","publisher":{"@id":"https:\/\/oaktreetherapy.com\/pt-br\/#organization"},"potentialAction":[{"@type":"SearchAction","target":{"@type":"EntryPoint","urlTemplate":"https:\/\/oaktreetherapy.com\/pt-br\/?s={search_term_string}"},"query-input":{"@type":"PropertyValueSpecification","valueRequired":true,"valueName":"search_term_string"}}],"inLanguage":"pt-BR"},{"@type":"Organization","@id":"https:\/\/oaktreetherapy.com\/pt-br\/#organization","name":"OakTree Therapy","url":"https:\/\/oaktreetherapy.com\/pt-br\/","logo":{"@type":"ImageObject","inLanguage":"pt-BR","@id":"https:\/\/oaktreetherapy.com\/pt-br\/#\/schema\/logo\/image\/","url":"https:\/\/oaktreetherapy.com\/wp-content\/uploads\/2020\/10\/cropped-logotipo_oak_tree_prancheta-1-2-1.png","contentUrl":"https:\/\/oaktreetherapy.com\/wp-content\/uploads\/2020\/10\/cropped-logotipo_oak_tree_prancheta-1-2-1.png","width":512,"height":512,"caption":"OakTree Therapy"},"image":{"@id":"https:\/\/oaktreetherapy.com\/pt-br\/#\/schema\/logo\/image\/"},"sameAs":["https:\/\/www.facebook.com\/profile.php?id=100076049341661","https:\/\/www.instagram.com\/oaktree_counseling\/"]}]}},"_links":{"self":[{"href":"https:\/\/oaktreetherapy.com\/pt-br\/wp-json\/wp\/v2\/pages\/7615","targetHints":{"allow":["GET"]}}],"collection":[{"href":"https:\/\/oaktreetherapy.com\/pt-br\/wp-json\/wp\/v2\/pages"}],"about":[{"href":"https:\/\/oaktreetherapy.com\/pt-br\/wp-json\/wp\/v2\/types\/page"}],"author":[{"embeddable":true,"href":"https:\/\/oaktreetherapy.com\/pt-br\/wp-json\/wp\/v2\/users\/17"}],"replies":[{"embeddable":true,"href":"https:\/\/oaktreetherapy.com\/pt-br\/wp-json\/wp\/v2\/comments?post=7615"}],"version-history":[{"count":6,"href":"https:\/\/oaktreetherapy.com\/pt-br\/wp-json\/wp\/v2\/pages\/7615\/revisions"}],"predecessor-version":[{"id":7710,"href":"https:\/\/oaktreetherapy.com\/pt-br\/wp-json\/wp\/v2\/pages\/7615\/revisions\/7710"}],"up":[{"embeddable":true,"href":"https:\/\/oaktreetherapy.com\/pt-br\/wp-json\/wp\/v2\/pages\/7554"}],"wp:featuredmedia":[{"embeddable":true,"href":"https:\/\/oaktreetherapy.com\/pt-br\/wp-json\/wp\/v2\/media\/7483"}],"wp:attachment":[{"href":"https:\/\/oaktreetherapy.com\/pt-br\/wp-json\/wp\/v2\/media?parent=7615"}],"curies":[{"name":"wp","href":"https:\/\/api.w.org\/{rel}","templated":true}]}}